{"id":3045,"date":"2018-08-02T08:46:26","date_gmt":"2018-08-02T08:46:26","guid":{"rendered":"https:\/\/filkemp.com\/de\/?page_id=3045"},"modified":"2025-10-27T11:20:39","modified_gmt":"2025-10-27T11:20:39","slug":"quem-somos-visao-missao-2","status":"publish","type":"page","link":"https:\/\/filkemp.com\/de\/quem-somos-visao-missao-2\/","title":{"rendered":"Quem somos- Vis\u00e3o miss\u00e3o"},"content":{"rendered":"<p>[vc_row equal_height=&#8221;yes&#8221; height=&#8221;400px&#8221; css=&#8221;.vc_custom_1533808040528{background-image: url(https:\/\/filkemp.com\/de\/wp-content\/uploads\/2018\/08\/quemsomos32.jpg?id=3318) !important;}&#8221;][vc_column][\/vc_column][\/vc_row][vc_row equal_height=&#8221;yes&#8221; content_placement=&#8221;middle&#8221; columns_height=&#8221;adjust_cols_height&#8221; el_class=&#8221;onhomebox&#8221;][vc_column css=&#8221;.vc_custom_1535557987234{background-position: center !important;background-repeat: no-repeat !important;background-size: cover !important;}&#8221; offset=&#8221;vc_col-md-offset-0 vc_col-sm-offset-0&#8243; el_class=&#8221;on-text-block&#8221;][vc_column_text]Filkemp Ind\u00fastria de Filamentos, SA wurde im Jahr 1998 als ein Spin-Off der in den 70er Jahren entstandenen Gesch\u00e4ftssparte Monofilamente der portugiesischen Tochtergesellschaft des Weltkonzerns Hoechst AG gegr\u00fcndet, welcher damals weltweiter Marktf\u00fchrer in den Bereichen Chemie und Pharmazie war.<\/p>\n<p>Heute gilt Filkemp als eine globale Referenz in der Herstellung von Monofilamenten auf der Basis von PET, PA6, PA610, PA612 und verschiedenen Kombinationen von Copolymeren und speziellen Polymeren, die die Grundlage f\u00fcr die Herstellung von technischen Filamenten f\u00fcr die Papierindustrie, F\u00f6rderb\u00e4nder, Industriefiltration, Schleifb\u00fcrsten, Sport- und Industriefischerei, Tennissaiten, Festmacherleinen, Landwirtschaft und neuerdings auch Filamente f\u00fcr den 3D-Druck bilden.<\/p>\n<p>Die Wettbewerbsf\u00e4higkeit und Exzellenz der Produkte sind neben der Flexibilit\u00e4t des Services der Schl\u00fcssel f\u00fcr die engen und dauerhaften Beziehungen, die Filkemp mit seinen Kunden auf der ganzen Welt aufbaut.[\/vc_column_text][\/vc_column][\/vc_row][vc_row equal_height=&#8221;yes&#8221; content_placement=&#8221;middle&#8221; columns_height=&#8221;adjust_cols_height&#8221; css=&#8221;.vc_custom_1535557870182{background-color: #e4e5e6 !important;}&#8221;][vc_column css=&#8221;.vc_custom_1535557980439{background-position: center !important;background-repeat: no-repeat !important;background-size: cover !important;}&#8221; offset=&#8221;vc_col-md-offset-0 vc_col-sm-offset-0&#8243; el_class=&#8221;on-text-block&#8221;][vc_column_text el_class=&#8221;ontitulocinza&#8221;]<\/p>\n<h2 class=\"NegociosTitulos quemsomosTitulos\">VISION UND AUFTRAG<\/h2>\n<p>[\/vc_column_text][vc_column_text]Wir bieten exzellente, auf die spezifischen Kundenbed\u00fcrfnisse zugeschnittene Produkte zu wettbewerbsf\u00e4higen Preisen sowie einen flexiblen Service an, um damit die Wertsch\u00f6pfung und die Nachhaltigkeit des Gesch\u00e4fts von Filkemp und seinen Kunden langfristig zu gew\u00e4hrleisten.<\/p>\n<p>Produkt- und Servicequalit\u00e4t, Kundenzufriedenheit und wettbewerbsf\u00e4hige Preise sind entscheidende Faktoren f\u00fcr den internationalen Erfolg von Filkemp.[\/vc_column_text][\/vc_column][\/vc_row][vc_row equal_height=&#8221;yes&#8221; content_placement=&#8221;middle&#8221; columns_height=&#8221;adjust_cols_height&#8221; el_id=&#8221;inovacao&#8221;][vc_column css=&#8221;.vc_custom_1535558053435{background-position: center !important;background-repeat: no-repeat !important;background-size: cover !important;}&#8221; el_class=&#8221;on-text-block&#8221;][vc_column_text el_class=&#8221;ontitulocinza&#8221;]<\/p>\n<h2 class=\"NegociosTitulos quemsomosTitulos\">INNOVATION<\/h2>\n<p>[\/vc_column_text][vc_column_text]Innovation ist die Kernstrategie von Filkemp. Sie spiegelt sich nicht nur in der Entwicklung neuer Produkte und Dienstleistungen wider, sondern auch in der Entwicklung neuer organisatorischer Prozesse, neuer M\u00f6glichkeiten, auf die Bed\u00fcrfnisse unserer Kunden einzugehen und neuer Wege, auf dem globalen Markt wettbewerbsf\u00e4hig zu bleiben.[\/vc_column_text][\/vc_column][\/vc_row][vc_row equal_height=&#8221;yes&#8221; content_placement=&#8221;middle&#8221; columns_height=&#8221;adjust_cols_height&#8221; css=&#8221;.vc_custom_1535558126394{background-color: #e4e5e6 !important;}&#8221;][vc_column css=&#8221;.vc_custom_1535558131996{background-position: center !important;background-repeat: no-repeat !important;background-size: cover !important;}&#8221; el_class=&#8221;on-text-block&#8221;][vc_column_text css=&#8221;.vc_custom_1535728806315{padding-bottom: 10px !important;}&#8221; el_class=&#8221;ontitulocinza&#8221;]<\/p>\n<h2 class=\"NegociosTitulos quemsomosTitulos\">NACHHALTIGKEIT<\/h2>\n<p>[\/vc_column_text][vc_column_text]Dies ist ein grundlegendes Anliegen von Filkemp. Im Fokus standen haupts\u00e4chlich die sensiblen Bereiche Hygiene und Sicherheit sowie die Verringerung des \u201e\u00f6kologischen Fu\u00dfabdrucks&#8221; durch die Reduzierung von nicht wiederverwendbarem Abfall und durch Investitionen in die Energieeffizienz.<\/p>\n<p>Im Jahr 2017 wurde die Leistung der Filkemp im Sinne der Verbesserung der Energieeffizienz von den amtlichen Beh\u00f6rden mit einer lobenden Erw\u00e4hnunganerkannt. Nun w\u00e4re es nicht \u00fcbertrieben zu behaupten, dass das Engagement f\u00fcr die \u00f6kologische Nachhaltigkeit noch in den Kinderschuhen steckt, sind doch bis 2020 neue Investitionen geplant, die eine weitere Optimierung der energetischen und \u00f6kologischen Leistungsf\u00e4higkeit erm\u00f6glichen werden.[\/vc_column_text][\/vc_column][\/vc_row][vc_row equal_height=&#8221;yes&#8221; content_placement=&#8221;middle&#8221; columns_height=&#8221;adjust_cols_height&#8221; el_class=&#8221;on-text-block&#8221;][vc_column width=&#8221;1\/2&#8243; css=&#8221;.vc_custom_1535558192850{background-position: center !important;background-repeat: no-repeat !important;background-size: cover !important;}&#8221; el_class=&#8221;onaligntop&#8221;][vc_column_text el_class=&#8221;ontitulocinza&#8221;]<\/p>\n<h2 class=\"NegociosTitulos\">MANAGEMENT-TEAM<\/h2>\n<p>[\/vc_column_text][vc_column_text]Filkemp ist ein Unternehmen von Menschen f\u00fcr Menschen. Das Management-Team misst der Teamarbeit gro\u00dfe Bedeutung zu und erkennt an, dass die Mitarbeiter das R\u00fcckgrat f\u00fcr die Erreichung der Ziele in Sachen Innovation, Produktion und Nachhaltigkeit bilden.[\/vc_column_text][\/vc_column][vc_column width=&#8221;1\/2&#8243; css=&#8221;.vc_custom_1535558183469{background-position: center !important;background-repeat: no-repeat !important;background-size: cover !important;}&#8221;][vc_single_image image=&#8221;3463&#8243; img_size=&#8221;large&#8221; alignment=&#8221;center&#8221;][\/vc_column][\/vc_row][vc_row equal_height=&#8221;yes&#8221; content_placement=&#8221;middle&#8221; columns_height=&#8221;adjust_cols_height&#8221; css=&#8221;.vc_custom_1535558405491{background-color: #e4e5e6 !important;}&#8221; el_class=&#8221;on-text-block&#8221;][vc_column width=&#8221;1\/2&#8243; css=&#8221;.vc_custom_1535558427579{background-position: center !important;background-repeat: no-repeat !important;background-size: cover !important;}&#8221; el_class=&#8221;onaligntop&#8221;][vc_column_text el_class=&#8221;ontitulocinza&#8221;]<\/p>\n<h2 class=\"NegociosTitulos\">INTERNATIONALE PR\u00c4SENZ<\/h2>\n<p>[\/vc_column_text][vc_column_text]<\/p>\n<div class=\"bloco Espa\u00e7amentoEsquerda Espa\u00e7amentoFundo col_bloco\">\n<p>Filkemp ist ein Unternehmen, das in Portugal produziert und weltweit pr\u00e4sent ist. Die strategische und wettbewerbsorientierte Lage am Eingangstor nach Europa durch den Hafen von Lissabon, der mit den wichtigsten internationalen Seewegen verbunden und lediglich 18 km von unserem Standort entfernt ist, ist ein entscheidender Faktor f\u00fcr unsere globale Aufstellung.<\/p>\n<p>Filkemp ist in mehr als 40 L\u00e4ndern pr\u00e4sent, wobei der Schwerpunkt selbstverst\u00e4ndlich auf Europa mit einem Umsatzanteil von 55% liegt, gefolgt von Asien mit einem Anteil von 25% und Amerika mit 20%.<\/p>\n<\/div>\n<p>[\/vc_column_text][\/vc_column][vc_column width=&#8221;1\/2&#8243; css=&#8221;.vc_custom_1535558454049{margin-top: 20px !important;margin-left: 10px !important;background-position: center !important;background-repeat: no-repeat !important;background-size: cover !important;}&#8221;][vc_single_image image=&#8221;3465&#8243; img_size=&#8221;600&#215;331&#8243; alignment=&#8221;center&#8221;][\/vc_column][\/vc_row][vc_row equal_height=&#8221;yes&#8221; content_placement=&#8221;middle&#8221; columns_height=&#8221;adjust_cols_height&#8221;][vc_column css=&#8221;.vc_custom_1535558053435{background-position: center !important;background-repeat: no-repeat !important;background-size: cover !important;}&#8221; el_class=&#8221;on-text-block&#8221;][vc_column_text el_class=&#8221;ontitulocinza&#8221;]<\/p>\n<h2 class=\"NegociosTitulos\">QUALIT\u00c4TSZERTIFIZIERUNG<\/h2>\n<p>[\/vc_column_text][vc_raw_html]JTNDZGl2JTIwc3R5bGUlM0QlMjJmbG9hdCUzQWxlZnQlM0IlMjBtYXJnaW4tcmlnaHQlM0EyJTI1JTNCJTIyJTNFJTBBJTNDYSUyMGhyZWYlM0QlMjJodHRwcyUzQSUyRiUyRmZpbGtlbXAuY29tJTJGZGUlMkZ3cC1jb250ZW50JTJGdXBsb2FkcyUyRjIwMjUlMkYwOSUyRkNlcnRpZmljYWRvLUlTTzkwMDFfREUtMS5wZGYlMjIlMjB0YXJnZXQlM0QlMjJfYmxhbmslMjIlMjBzdHlrZSUzRCUyMmZsb2F0JTNBbGVmdCUzQiUyMiUzRSUzQ2RpdiUyMGNsYXNzJTNEJTIyYnQtYXJlYS1jbGllbnRlJTIyJTIwc3R5bGUlM0QlMjJmbG9hdCUzQWxlZnQlM0IlMjIlM0VRVUFMSVQlQzMlODRUU1pFUlRJRklLQVQlM0MlMkZkaXYlM0UlM0MlMkZhJTNFJTBBJTNDJTJGZGl2JTNFJTBBJTBBJTNDZGl2JTIwc3R5bGUlM0QlMjJmbG9hdCUzQWxlZnQlM0IlMjBtYXJnaW4tcmlnaHQlM0EyJTI1JTNCJTIyJTNFJTBBJTNDYSUyMGhyZWYlM0QlMjJodHRwcyUzQSUyRiUyRmZpbGtlbXAuY29tJTJGZGUlMkZ3cC1jb250ZW50JTJGdXBsb2FkcyUyRjIwMjUlMkYwOSUyRk1RNTMwMl9RdWFsaXR5LVBvbGljeV9FTi5wZGYlMjIlMjB0YXJnZXQlM0QlMjJfYmxhbmslMjIlMjBzdHlrZSUzRCUyMmZsb2F0JTNBbGVmdCUzQiUyMiUzRSUzQ2RpdiUyMGNsYXNzJTNEJTIyYnQtYXJlYS1jbGllbnRlJTIyJTIwc3R5bGUlM0QlMjJmbG9hdCUzQWxlZnQlM0IlMjIlM0VRVUFMSVQlQzMlODRUU1BPSUxJVElLJTNDJTJGZGl2JTNFJTNDJTJGYSUzRSUwQSUzQyUyRmRpdiUzRQ==[\/vc_raw_html][\/vc_column][\/vc_row]<\/p>\n","protected":false},"excerpt":{"rendered":"<p>[vc_row equal_height=&#8221;yes&#8221; height=&#8221;400px&#8221; css=&#8221;.vc_custom_1533808040528{background-image: url(https:\/\/filkemp.com\/de\/wp-content\/uploads\/2018\/08\/quemsomos32.jpg?id=3318) !important;}&#8221;][vc_column][\/vc_column][\/vc_row][vc_row equal_height=&#8221;yes&#8221; content_placement=&#8221;middle&#8221; columns_height=&#8221;adjust_cols_height&#8221; el_class=&#8221;onhomebox&#8221;][vc_column css=&#8221;.vc_custom_1535557987234{background-position: center !important;background-repeat: no-repeat !important;background-size: cover !important;}&#8221; offset=&#8221;vc_col-md-offset-0 vc_col-sm-offset-0&#8243; el_class=&#8221;on-text-block&#8221;][vc_column_text]Filkemp Ind\u00fastria de Filamentos, SA wurde im Jahr 1998 als ein Spin-Off der in den 70er Jahren entstandenen Gesch\u00e4ftssparte Monofilamente der portugiesischen Tochtergesellschaft des Weltkonzerns Hoechst AG gegr\u00fcndet, welcher damals weltweiter Marktf\u00fchrer in den Bereichen Chemie [&hellip;]<\/p>\n","protected":false},"author":1,"featured_media":0,"parent":0,"menu_order":0,"comment_status":"closed","ping_status":"closed","template":"page-full-width.php","meta":{"footnotes":""},"_links":{"self":[{"href":"https:\/\/filkemp.com\/de\/wp-json\/wp\/v2\/pages\/3045"}],"collection":[{"href":"https:\/\/filkemp.com\/de\/wp-json\/wp\/v2\/pages"}],"about":[{"href":"https:\/\/filkemp.com\/de\/wp-json\/wp\/v2\/types\/page"}],"author":[{"embeddable":true,"href":"https:\/\/filkemp.com\/de\/wp-json\/wp\/v2\/users\/1"}],"replies":[{"embeddable":true,"href":"https:\/\/filkemp.com\/de\/wp-json\/wp\/v2\/comments?post=3045"}],"version-history":[{"count":4,"href":"https:\/\/filkemp.com\/de\/wp-json\/wp\/v2\/pages\/3045\/revisions"}],"predecessor-version":[{"id":3792,"href":"https:\/\/filkemp.com\/de\/wp-json\/wp\/v2\/pages\/3045\/revisions\/3792"}],"wp:attachment":[{"href":"https:\/\/filkemp.com\/de\/wp-json\/wp\/v2\/media?parent=3045"}],"curies":[{"name":"wp","href":"https:\/\/api.w.org\/{rel}","templated":true}]}}