{"id":3116,"date":"2018-08-03T08:47:08","date_gmt":"2018-08-03T08:47:08","guid":{"rendered":"https:\/\/filkemp.com\/de\/?page_id=3116"},"modified":"2018-08-31T15:22:50","modified_gmt":"2018-08-31T15:22:50","slug":"filamentos-tecnicos","status":"publish","type":"page","link":"https:\/\/filkemp.com\/de\/filamentos-tecnicos\/","title":{"rendered":"\u00c1reas de neg\u00f3cio &#8211; Filamentos T\u00e9cnicos"},"content":{"rendered":"<p>[vc_row equal_height=&#8221;yes&#8221; height=&#8221;400px&#8221; css=&#8221;.vc_custom_1533286665292{background-image: url(https:\/\/filkemp.com\/de\/wp-content\/uploads\/2018\/08\/filamentos.jpg?id=2862) !important;background-position: center !important;background-repeat: no-repeat !important;background-size: cover !important;}&#8221;][vc_column][\/vc_column][\/vc_row][vc_row equal_height=&#8221;yes&#8221; content_placement=&#8221;middle&#8221; columns_height=&#8221;adjust_cols_height&#8221; el_class=&#8221;on-text-block&#8221;][vc_column css=&#8221;.vc_custom_1533290324548{margin-top: 20px !important;}&#8221;][vc_column_text el_class=&#8221;ontituloazul on_container_mobile&#8221;]<\/p>\n<h2>TECHNISCHE FILAMENTE<\/h2>\n<p>[\/vc_column_text][vc_column_text el_class=&#8221;on_container_mobile&#8221;]Filkemp ist einer der weltweit f\u00fchrenden Hersteller von Monofilamenten, die dann zu Sieben f\u00fcr Papiermaschinen, f\u00fcr die Industriefiltration oder zu anderen technischen Geweben verarbeitet werden. Der Herstellungsprozess ist komplex, erfordert hohe Investitionen und wird erst dann profitabel, wenn er kontinuierlich, mit einer minimalen Anzahl an Unterbrechungen abl\u00e4uft.<\/p>\n<p>Dank seiner Produktion von Filamenten mit hoher Abrieb- und Hydrolysebest\u00e4ndigkeit, die zu Sieben f\u00fcr moderne Hochgeschwindigkeits-Papiermaschinen verarbeitet werden k\u00f6nnen, wurde Filkemp im Laufe der Jahre zu einer weltweiten Referenz in der Branche. Die mit dem Filkemp Filament hergestellten Formier- oder Trockensiebe \u00fcberzeugen durch ihre Qualit\u00e4t und Homogenit\u00e4t mit au\u00dfergew\u00f6hnlichen aerodynamischen, stabilen und gleichm\u00e4\u00dfigen Eigenschaften, selbst bei komplexen Profilen und geringeren Durchmessern.<\/p>\n<p>Die Qualit\u00e4t und Langlebigkeit der Filkemp-Produkte erm\u00f6glichen es dem Kunden, eine hohe Werkstoffausnutzung und geringere Ausfallzeiten zu erzielen. Ferner reduzieren sie die Maschinenwartung und den Ersatz von Maschinenteilen, was sich unmittelbar auf die Rentabilit\u00e4t und Produktivit\u00e4t des Betriebs auswirkt.[\/vc_column_text][\/vc_column][\/vc_row][vc_row equal_height=&#8221;yes&#8221; content_placement=&#8221;middle&#8221; columns_height=&#8221;adjust_cols_height&#8221; css=&#8221;.vc_custom_1535560181506{background-color: #e4e5e6 !important;}&#8221; el_class=&#8221;on-text-block&#8221;][vc_column width=&#8221;1\/2&#8243; css=&#8221;.vc_custom_1535560195936{background-position: center !important;background-repeat: no-repeat !important;background-size: cover !important;}&#8221; el_class=&#8221;onaligntop&#8221; el_id=&#8221;PMC&#8221;][vc_column_text el_class=&#8221;ontitulocinza on_container_mobile&#8221;]<\/p>\n<h2 class=\"NegociosTitulos\">PAPER MACHINE CLOTHING<\/h2>\n<p>[\/vc_column_text][vc_column_text el_class=&#8221;on_container_mobile&#8221;]Filkemp verf\u00fcgt \u00fcber eine gro\u00dfe Erfahrung in der Herstellung von Filamenten f\u00fcr Trockensiebe mit unterschiedlichen Hydrolyse- und Abriebbest\u00e4ndigkeiten. Das pr\u00e4zise und aerodynamische Design der Filamente in Kettenprofil sorgt f\u00fcr die Stabilit\u00e4t der Siebe bei hohen Geschwindigkeiten, weshalb wir als Benchmark-Unternehmen bei Profilen mit anspruchsvolleren Abmessungen und Designs gelten.<\/p>\n<p>Unser Ruf was die chemische und dimensionale Stabilit\u00e4t unserer Filamente f\u00fcr Trockensiebe angeht, etablierte sich im Laufe der Zeit, und Filkemp entwickelte sich so zu einem globalen Referenzlieferanten. Unser Portfolio umfasst heute ebenfalls PET-Filamente f\u00fcr Formiersiebe mit Durchmessern \u00fcber 0,25 mm und ausgezeichneter Dimensionsstabilit\u00e4t in Kette und Schuss.[\/vc_column_text][\/vc_column][vc_column width=&#8221;1\/2&#8243; css=&#8221;.vc_custom_1535560188433{background-position: center !important;background-repeat: no-repeat !important;background-size: cover !important;}&#8221; el_class=&#8221;onaligntop&#8221; el_id=&#8221;TelasIndustriais&#8221;][vc_column_text el_class=&#8221;ontitulocinza on_container_mobile&#8221;]<\/p>\n<h2 class=\"NegociosTitulos\">INDUSTRIEGEWEBE<\/h2>\n<p>[\/vc_column_text][vc_column_text el_class=&#8221;onaligntop on_container_mobile&#8221;]Filkemps Markteinstieg im Bereich der technischen Filamente geschah im Jahr 2000 mit dem Filament f\u00fcr die Industriefiltration und F\u00f6rderb\u00e4nder. Das Produkt erfuhr seither ein solides und kontinuierliches Wachstum, was nicht zuletzt f\u00fcr seine Zuverl\u00e4ssigkeit und Stabilit\u00e4t spricht. Mittlerweile z\u00e4hlt Filkemp zu den gr\u00f6\u00dften und renommiertesten Lieferanten von Filamenten mit gro\u00dfen Durchmessern f\u00fcr technische Gewebe in Europa. Die weitere Entwicklung erm\u00f6glichte eine Ausweitung des L\u00f6sungsangebotes auf die Lebensmittelindustrie. Derzeit liegt der Fokus auf der Entwicklung neuer L\u00f6sungen f\u00fcr leitf\u00e4hige Filamente.[\/vc_column_text][\/vc_column][\/vc_row][vc_row equal_height=&#8221;yes&#8221; content_placement=&#8221;middle&#8221; columns_height=&#8221;adjust_cols_height&#8221; el_class=&#8221;on-text-block&#8221;][vc_column width=&#8221;1\/2&#8243; css=&#8221;.vc_custom_1535560267246{background-position: center !important;background-repeat: no-repeat !important;background-size: cover !important;}&#8221; el_class=&#8221;onaligntop&#8221; el_id=&#8221;MangueirasGuias&#8221;][vc_column_text el_class=&#8221;ontitulocinza on_container_mobile&#8221;]<\/p>\n<h2 class=\"NegociosTitulos\">SCHL\u00c4UCHE UND KABELEINZIEHDR\u00c4HTE<\/h2>\n<p>[\/vc_column_text][vc_column_text el_class=&#8221;on_container_mobile&#8221;]Die Verst\u00e4rkung von formstabilen Feuerl\u00f6schschl\u00e4uchen bedarf eines starken und stabilen Filaments mit guter Rei\u00dffestigkeit, um den hohen Anforderungen der technischen Spezifikationen dieser Schl\u00e4uche in mehreren europ\u00e4ischen L\u00e4ndern gerecht zu werden. Dasselbe gilt f\u00fcr die sogenannten Kabeleinziehdr\u00e4hte f\u00fcr Wellrohre.[\/vc_column_text][\/vc_column][vc_column width=&#8221;1\/2&#8243; css=&#8221;.vc_custom_1535560259737{background-position: center !important;background-repeat: no-repeat !important;background-size: cover !important;}&#8221;][vc_single_image image=&#8221;2863&#8243; img_size=&#8221;large&#8221; alignment=&#8221;center&#8221;][\/vc_column][\/vc_row]<\/p>\n","protected":false},"excerpt":{"rendered":"<p>[vc_row equal_height=&#8221;yes&#8221; height=&#8221;400px&#8221; css=&#8221;.vc_custom_1533286665292{background-image: url(https:\/\/filkemp.com\/de\/wp-content\/uploads\/2018\/08\/filamentos.jpg?id=2862) !important;background-position: center !important;background-repeat: no-repeat !important;background-size: cover !important;}&#8221;][vc_column][\/vc_column][\/vc_row][vc_row equal_height=&#8221;yes&#8221; content_placement=&#8221;middle&#8221; columns_height=&#8221;adjust_cols_height&#8221; el_class=&#8221;on-text-block&#8221;][vc_column css=&#8221;.vc_custom_1533290324548{margin-top: 20px !important;}&#8221;][vc_column_text el_class=&#8221;ontituloazul on_container_mobile&#8221;] TECHNISCHE FILAMENTE [\/vc_column_text][vc_column_text el_class=&#8221;on_container_mobile&#8221;]Filkemp ist einer der weltweit f\u00fchrenden Hersteller von Monofilamenten, die dann zu Sieben f\u00fcr Papiermaschinen, f\u00fcr die Industriefiltration oder zu anderen technischen Geweben verarbeitet werden. Der Herstellungsprozess ist komplex, erfordert hohe [&hellip;]<\/p>\n","protected":false},"author":1,"featured_media":0,"parent":0,"menu_order":0,"comment_status":"closed","ping_status":"closed","template":"page-full-width.php","meta":{"footnotes":""},"_links":{"self":[{"href":"https:\/\/filkemp.com\/de\/wp-json\/wp\/v2\/pages\/3116"}],"collection":[{"href":"https:\/\/filkemp.com\/de\/wp-json\/wp\/v2\/pages"}],"about":[{"href":"https:\/\/filkemp.com\/de\/wp-json\/wp\/v2\/types\/page"}],"author":[{"embeddable":true,"href":"https:\/\/filkemp.com\/de\/wp-json\/wp\/v2\/users\/1"}],"replies":[{"embeddable":true,"href":"https:\/\/filkemp.com\/de\/wp-json\/wp\/v2\/comments?post=3116"}],"version-history":[{"count":0,"href":"https:\/\/filkemp.com\/de\/wp-json\/wp\/v2\/pages\/3116\/revisions"}],"wp:attachment":[{"href":"https:\/\/filkemp.com\/de\/wp-json\/wp\/v2\/media?parent=3116"}],"curies":[{"name":"wp","href":"https:\/\/api.w.org\/{rel}","templated":true}]}}