{"id":3123,"date":"2018-08-03T08:56:44","date_gmt":"2018-08-03T08:56:44","guid":{"rendered":"https:\/\/filkemp.com\/de\/?page_id=3123"},"modified":"2018-10-18T14:27:59","modified_gmt":"2018-10-18T14:27:59","slug":"pesca-industrial","status":"publish","type":"page","link":"https:\/\/filkemp.com\/de\/pesca-industrial\/","title":{"rendered":"\u00c1reas de neg\u00f3cio &#8211; Pesca industrial"},"content":{"rendered":"<p>[vc_row equal_height=&#8221;yes&#8221; height=&#8221;400px&#8221; css=&#8221;.vc_custom_1539872857254{background-image: url(https:\/\/filkemp.com\/de\/wp-content\/uploads\/2018\/08\/pesca3.jpg?id=3473) !important;background-position: center !important;background-repeat: no-repeat !important;background-size: cover !important;}&#8221;][vc_column][\/vc_column][\/vc_row][vc_row equal_height=&#8221;yes&#8221; content_placement=&#8221;middle&#8221; columns_height=&#8221;adjust_cols_height&#8221; el_class=&#8221;on-text-block&#8221;][vc_column][vc_column_text el_class=&#8221;ontituloazul&#8221;]<\/p>\n<h2>PESCA INDUSTRIAL E HILOS PARA CABOS MAR\u00cdTIMOS<\/h2>\n<p>[\/vc_column_text][vc_column_text]Die Filamente aus Polyamid mit hohen Durchmessern geh\u00f6ren zu den \u00e4ltesten Produkten in der Geschichte der Filkemp. Diese werden auf Basis eines langj\u00e4hrigen Know-hows produziert, das eine un\u00fcbertroffene Einheitlichkeit des Produkts und eine reduzierte Ovalit\u00e4t des Durchmessers garantiert, und sind Referenzprodukte auf dem Markt.<\/p>\n<p>Diese Filamente werden haupts\u00e4chlich in der industriellen Fischerei als Mutterleine verwendet, sowohl in der automatischen Langleinenfischerei (amerikanisches System) als auch im herk\u00f6mmlichen Langleinensystem (manuelles System).<\/p>\n<p>Alternativ werden diese Filamente bespielsweise in Festmacherleinen, in Dr\u00e4hten f\u00fcr die Landwirtschaft sowie als Verst\u00e4rkungsfaser von Schallschutzw\u00e4nden aus Acryl eingesetzt.[\/vc_column_text][\/vc_column][\/vc_row][vc_row equal_height=&#8221;yes&#8221; content_placement=&#8221;middle&#8221; columns_height=&#8221;adjust_cols_height&#8221; el_id=&#8221;inovacao&#8221; css=&#8221;.vc_custom_1535561098350{background-color: #e4e5e6 !important;}&#8221; el_class=&#8221;on-text-block&#8221;][vc_column width=&#8221;1\/2&#8243; css=&#8221;.vc_custom_1535561147836{background-position: center !important;background-repeat: no-repeat !important;background-size: cover !important;}&#8221; el_class=&#8221;onaligntop&#8221; el_id=&#8221;Long-Line&#8221;][vc_column_text el_class=&#8221;ontitulocinza&#8221;]<\/p>\n<h2 class=\"NegociosTitulos\">LONG-LINE<\/h2>\n<p>[\/vc_column_text][vc_column_text]Die amerikanische oder automatische Langleinenfischerei (Longline) kommt beim Oberfl\u00e4chenfischen von Schwert- und Thunfisch als \u201cBob\u201d mit einer 3,5 und 30 NM (55Km) Hauptleine (F562) zum Einsatz. Die Last und die Spannung, die auf diese 3,00mm und 4,00mm Faser beim Einholen in die Winde ausge\u00fcbt werden, erfordern sowohl eine extrem hohe Zugfestigkeit, als auch Formbest\u00e4ndigkeit und Dehnfestigkeit. Unser Werk geh\u00f6rt zu den Vorreitern bei der Entwicklung von speziellen Filamenten f\u00fcr die Langleinenfischerei in den USA, wo das System erstmals eingesetzt wurde, und sp\u00e4ter in Europa. Filkemp hat ferner Mundschn\u00fcre (F593) entwickelt, die eine hohe Rei\u00dffestigkeit mit hervorragender Dehnbarkeit und Elastizit\u00e4t kombinieren.[\/vc_column_text][\/vc_column][vc_column width=&#8221;1\/2&#8243; css=&#8221;.vc_custom_1535561152135{background-position: center !important;background-repeat: no-repeat !important;background-size: cover !important;}&#8221; el_class=&#8221;onaligntop&#8221; el_id=&#8221;PalangreTradicional&#8221;][vc_column_text el_class=&#8221;ontitulocinza&#8221;]<\/p>\n<h2 class=\"NegociosTitulos\">HERK\u00d6MMLICHE LANGLEINENFISCHEREI<\/h2>\n<p>[\/vc_column_text][vc_column_text]Bei der herk\u00f6mmlichen Langleinenfischerei, welche bei der K\u00fcsten- und Grundfischerei betrieben wird, wird die Hauptleine (1,40-3,00mm) vorsichtig auf Beh\u00e4ltern mit 500 Metern Faden gerollt. Entscheidend ist, dass der Faden vor und nach dem Gebrauch gut und ohne Verdrehungen aufgerollt wird. Das Filament F563 ist das Ergebnis einer jahrelangen Weiterentwicklung in Zusammenarbeit mit sehr erfahrenen Fischern aus Galicien, bis endg\u00fcltig die heutige Hochleistung erreicht wurde. Die Mundschn\u00fcren F543 und F522 (0,60-1,10 mm) sollen Stabilit\u00e4t mit Elastizit\u00e4t optimal kombinieren, um mehrere Anwendungen zu erm\u00f6glichen. Auch hier hat Filkemp in die kontinuierliche Weiterentwicklung mehrerer Polymerkombinationen investiert, um die Leistungsf\u00e4higkeit der Fischerei zu optimieren.[\/vc_column_text][\/vc_column][\/vc_row][vc_row equal_height=&#8221;yes&#8221; content_placement=&#8221;middle&#8221; columns_height=&#8221;adjust_cols_height&#8221; el_class=&#8221;on-text-block&#8221;][vc_column width=&#8221;1\/2&#8243; css=&#8221;.vc_custom_1535561207939{background-position: center !important;background-repeat: no-repeat !important;background-size: cover !important;}&#8221; el_class=&#8221;onaligntop&#8221; el_id=&#8221;CabosGuias&#8221;][vc_column_text el_class=&#8221;ontitulocinza&#8221;]<\/p>\n<h2 class=\"NegociosTitulos\">FESTMACHERLEINEN UND EINZIEHDR\u00c4HTE<\/h2>\n<p>[\/vc_column_text][vc_column_text]Das Tauwerk gro\u00dfer Schiffe wird durch das Flechten mehrerer Monofilamente mit hoher Viskosit\u00e4t und Widerstandsf\u00e4higkeit mit sogenannten Superfasern hergestellt. Das Ergebnis sind sehr starke Leinen, die sich je nach Anwendungin der Gr\u00f6\u00dfe unterscheiden. Das Filament F580 geh\u00f6rt zu unseren \u00e4ltesten und best\u00e4ndigsten Produkten. Es weist eine \u00fcberragende Festigkeit bei angemessener Elastizit\u00e4t auf und erm\u00f6glicht einen langfristigen, rissfreien Einsatz. Auch in diesem Fall gehen die Ausf\u00fchrungen von den traditionellen Str\u00e4ngen bis hin zu 10-20NM-Holzspulen. Die Str\u00e4nge werden in der Regel als Einziehdr\u00e4hte aus Nylon, in der Landwirtschaft sowie in Schutzvorrichtungen f\u00fcr Tiere und in L\u00e4rmschutzkonstruktionen aus Acryl eingesetzt.[\/vc_column_text][\/vc_column][vc_column width=&#8221;1\/2&#8243; css=&#8221;.vc_custom_1535561169516{background-position: center !important;background-repeat: no-repeat !important;background-size: cover !important;}&#8221;][vc_single_image image=&#8221;3645&#8243; img_size=&#8221;large&#8221; alignment=&#8221;center&#8221;][\/vc_column][\/vc_row]<\/p>\n","protected":false},"excerpt":{"rendered":"<p>[vc_row equal_height=&#8221;yes&#8221; height=&#8221;400px&#8221; css=&#8221;.vc_custom_1539872857254{background-image: url(https:\/\/filkemp.com\/de\/wp-content\/uploads\/2018\/08\/pesca3.jpg?id=3473) !important;background-position: center !important;background-repeat: no-repeat !important;background-size: cover !important;}&#8221;][vc_column][\/vc_column][\/vc_row][vc_row equal_height=&#8221;yes&#8221; content_placement=&#8221;middle&#8221; columns_height=&#8221;adjust_cols_height&#8221; el_class=&#8221;on-text-block&#8221;][vc_column][vc_column_text el_class=&#8221;ontituloazul&#8221;] PESCA INDUSTRIAL E HILOS PARA CABOS MAR\u00cdTIMOS [\/vc_column_text][vc_column_text]Die Filamente aus Polyamid mit hohen Durchmessern geh\u00f6ren zu den \u00e4ltesten Produkten in der Geschichte der Filkemp. Diese werden auf Basis eines langj\u00e4hrigen Know-hows produziert, das eine un\u00fcbertroffene Einheitlichkeit des Produkts [&hellip;]<\/p>\n","protected":false},"author":1,"featured_media":0,"parent":0,"menu_order":0,"comment_status":"closed","ping_status":"closed","template":"page-full-width.php","meta":{"footnotes":""},"_links":{"self":[{"href":"https:\/\/filkemp.com\/de\/wp-json\/wp\/v2\/pages\/3123"}],"collection":[{"href":"https:\/\/filkemp.com\/de\/wp-json\/wp\/v2\/pages"}],"about":[{"href":"https:\/\/filkemp.com\/de\/wp-json\/wp\/v2\/types\/page"}],"author":[{"embeddable":true,"href":"https:\/\/filkemp.com\/de\/wp-json\/wp\/v2\/users\/1"}],"replies":[{"embeddable":true,"href":"https:\/\/filkemp.com\/de\/wp-json\/wp\/v2\/comments?post=3123"}],"version-history":[{"count":0,"href":"https:\/\/filkemp.com\/de\/wp-json\/wp\/v2\/pages\/3123\/revisions"}],"wp:attachment":[{"href":"https:\/\/filkemp.com\/de\/wp-json\/wp\/v2\/media?parent=3123"}],"curies":[{"name":"wp","href":"https:\/\/api.w.org\/{rel}","templated":true}]}}