{"id":3130,"date":"2018-08-03T08:59:45","date_gmt":"2018-08-03T08:59:45","guid":{"rendered":"https:\/\/filkemp.com\/de\/?page_id=3130"},"modified":"2018-08-31T15:26:58","modified_gmt":"2018-08-31T15:26:58","slug":"cerdas","status":"publish","type":"page","link":"https:\/\/filkemp.com\/de\/cerdas\/","title":{"rendered":"Areas de negocio &#8211; Cerdas"},"content":{"rendered":"<p>[vc_row equal_height=&#8221;yes&#8221; height=&#8221;400px&#8221; css=&#8221;.vc_custom_1533286981700{background-image: url(https:\/\/filkemp.com\/de\/wp-content\/uploads\/2018\/08\/cerdas-1.jpg?id=3136) !important;background-position: center !important;background-repeat: no-repeat !important;background-size: cover !important;}&#8221;][vc_column][\/vc_column][\/vc_row][vc_row equal_height=&#8221;yes&#8221; content_placement=&#8221;middle&#8221; columns_height=&#8221;adjust_cols_height&#8221; el_class=&#8221;on-text-block&#8221;][vc_column][vc_column_text el_class=&#8221;ontituloazul&#8221;]<\/p>\n<h2>HOCHWERTIGE SCHLEIFFILAMENTE<\/h2>\n<p>[\/vc_column_text][vc_column_text]Seit 2011 produziert Filkemp Schleiffilamente auf der Basis von PA6, PA 6.10 und PA 6.12, die weltweit als Werkzeugzubeh\u00f6r in Polier-, Reinigungs- und Schleifarbeiten Anwendung finden. Diese abrasiven Thermoplasten kommen in einer Vielzahl von Branchen zum Einsatz, beispielsweise in der Automobil-, Metall-, Textil-, Marmor- und Ziersteinindustrie sowie in der Bodenreinigung und bei Spezialanwendungen.<\/p>\n<p>Die Arbeitsumgebung (Feuchtigkeit, Arbeitstemperatur oder angewandter Druck) des jeweiligen Produktes und seine technischen Anforderungen (Fasersteifigkeit, thermische und chemische Best\u00e4ndigkeit, Art, Durchmesser und K\u00f6rnung) sind entscheidend f\u00fcr die Auswahl des geeignetsten Rohstoffes und der jeweiligen Stabilisatoren.[\/vc_column_text][\/vc_column][\/vc_row][vc_row equal_height=&#8221;yes&#8221; content_placement=&#8221;middle&#8221; columns_height=&#8221;adjust_cols_height&#8221; css=&#8221;.vc_custom_1535559337380{background-color: #e4e5e6 !important;}&#8221; el_class=&#8221;on-text-block&#8221;][vc_column width=&#8221;1\/2&#8243; css=&#8221;.vc_custom_1535559344986{background-position: center !important;background-repeat: no-repeat !important;background-size: cover !important;}&#8221; el_class=&#8221;onaligntop&#8221;][vc_column_text]<\/p>\n<h4 class=\"cerdas-subtitulo\">Je nach Anwendungsanforderungen bieten wir unterschiedliche Produkte an:<\/h4>\n<p>\u2022 Preisg\u00fcnstige Produkte -F\u00fcr weniger anspruchsvolle Anwendungen, bei denen der Preis ein wichtiger Faktor ist (z. Bsp. FilValue)<\/p>\n<p>\u2022 Standardprodukte \u2013 Mit dem besten Preis-\/Leistungsverh\u00e4ltnis (z. Bsp. FilBrasiv, FilTech oder FilStab)<\/p>\n<p>\u2022 Spezialprodukte &#8211; F\u00fcr anspruchsvollere Anwendungen, bei denen bestimmte Eigenschaften erforderlich sind:<\/p>\n<p>\u2022 Best\u00e4ndigkeit gegen Chemikalien und Ablagerung von Polymeren (FilXtra),<\/p>\n<p>\u2022 Hohe K\u00f6rnung f\u00fcr ein h\u00f6heres Schleif- und Polierverm\u00f6gen (FilDur),<\/p>\n<p>\u2022 Zus\u00e4tzliche thermische Best\u00e4ndigkeit (FilHeat oder FilHeat HT)[\/vc_column_text][\/vc_column][vc_column width=&#8221;1\/2&#8243; css=&#8221;.vc_custom_1535559352544{background-position: center !important;background-repeat: no-repeat !important;background-size: cover !important;}&#8221;][vc_single_image image=&#8221;3137&#8243; img_size=&#8221;large&#8221; alignment=&#8221;center&#8221;][\/vc_column][\/vc_row][vc_row equal_height=&#8221;yes&#8221; content_placement=&#8221;middle&#8221; columns_height=&#8221;adjust_cols_height&#8221; el_id=&#8221;inovacao&#8221; el_class=&#8221;on-text-block&#8221;][vc_column width=&#8221;1\/2&#8243; css=&#8221;.vc_custom_1535559424212{background-position: center !important;background-repeat: no-repeat !important;background-size: cover !important;}&#8221; el_id=&#8221;CerdasAbrasivas&#8221;][vc_column_text el_class=&#8221;ontitulocinza&#8221;]<\/p>\n<h2 class=\"NegociosTitulos\">SCHLEIFK\u00d6RNUNGEN<\/h2>\n<p>[\/vc_column_text][vc_column_text]\u2022 SiC &#8211; Siliziumcarbid \u2013 Meist verwendete Schleifk\u00f6rnung aufgrund des ausgepr\u00e4gten Schleif- und Polierverm\u00f6gens, der hohen Langlebigkeit und des geringen Preis. Erh\u00e4ltlich in den Gr\u00f6\u00dfen F036 &#8211; F1000.<\/p>\n<p>\u2022 GSiC \u2013 Gr\u00fcnes Siliziumcarbid \u2013 Spr\u00f6der als das Siliziumcarbid, ist dadurch verschlei\u00dfanf\u00e4lliger und hat eine geringere Lebensdauer. Erh\u00e4ltlich in den Gr\u00f6\u00dfen F046 &#8211; F320.<\/p>\n<p>\u2022 KK \u2013 Keramik \u2013 Sehr spr\u00f6de, mit hohem Schleif- und Polierverm\u00f6gen, jedoch geringe Lebensdauer. Erh\u00e4ltlich in den Gr\u00f6\u00dfen F046 &#8211; F500.<\/p>\n<p>\u2022 D \u2013 Diamant \u2013 Hervorragendes Schleif- und Polierverm\u00f6gen, sehr lange Lebensdauer, jedoch hoher Preis. Erh\u00e4ltlich in den Gr\u00f6\u00dfen F030\/40 &#8211; F3500.<\/p>\n<p>\u2022 AO \u2013 Aluminiumoxid \u2013 Weich, besonders geeignet f\u00fcr Polier- und Textilanwendungen. Erh\u00e4ltlich in Wei\u00df, Naturfarbe und Rosa, in den Gr\u00f6\u00dfen F046 &#8211; F1000.<\/p>\n<p>\u2022 Auf Anfrage bieten wir auch andere Schleifk\u00f6rnungen, wie Zirkoniumoxid, modifizierte Keramikk\u00f6rnung oder vernickelte Diamantk\u00f6rnung.[\/vc_column_text][\/vc_column][vc_column width=&#8221;1\/2&#8243; css=&#8221;.vc_custom_1535559416651{background-position: center !important;background-repeat: no-repeat !important;background-size: cover !important;}&#8221; el_class=&#8221;onaligntop&#8221; el_id=&#8221;CerdasNaoAbrasivas&#8221;][vc_column_text el_class=&#8221;ontitulocinza&#8221;]<\/p>\n<h2 class=\"NegociosTitulos\">ROHSTOFFE \/ PRODUKTTYPEN<\/h2>\n<p>[\/vc_column_text][vc_column_text]Die meisten Produkte sind je nach Arbeitsbedingungen in PA6, PA6.10 und PA6.12 erh\u00e4ltlich. PA6 wird f\u00fcr trockene Anwendungen ausgew\u00e4hlt, w\u00e4hrend PA6.10 und PA6.12 typischerweise f\u00fcr Nassanwendungen eingesetzt werden. PA6.10 hat den Vorteil, einen etwas h\u00f6heren Schmelzpunkt zu haben. Der Vorteil von PA6.12 wiederum ist die etwas geringere Wasseraufnahme.[\/vc_column_text][\/vc_column][\/vc_row][vc_row equal_height=&#8221;yes&#8221; content_placement=&#8221;middle&#8221; columns_height=&#8221;adjust_cols_height&#8221; css=&#8221;.vc_custom_1535559508234{background-color: #e4e5e6 !important;}&#8221; el_class=&#8221;on-text-block&#8221;][vc_column][vc_column_text el_class=&#8221;ontitulocinza&#8221;]<\/p>\n<h2 class=\"NegociosTitulos Espa\u00e7amentoFundo\">MASSGESCHNEIDERTE FILAMENTE<\/h2>\n<p>[\/vc_column_text][vc_column_text]<\/p>\n<div class=\"DuasColunas Espa\u00e7amentoFundo\">\n<p>Das Angebot von Filkemp umfasst individuelle L\u00f6sungen, wie:<\/p>\n<p>\u2022 Profilierte oder runde Filamente<\/p>\n<p>\u2022 Schleifk\u00f6rnung in den Gr\u00f6\u00dfen 36 bis 3500, je nach K\u00f6rnung<\/p>\n<p>\u2022 Durchmesser zwischen 0.25 mm und 3.00 mm<\/p>\n<p>\u2022 Zuschnitte von 44 mm bis 1405 mm oder Spulen \u2013 mit einem oder mehreren Filamenten<\/p>\n<p>\u2022 Ausf\u00fchrung glatt oder gewellt<\/p>\n<p>\u2022 Gro\u00dfe Farbenvielfalt<\/p>\n<p>\u2022 Gewachst oder ungewachst<\/p>\n<\/div>\n<p>&nbsp;<\/p>\n<p>Unsere Labors stehen unseren Kunden ebenfalls zur Verf\u00fcgung, um die Produkte an die individuellen Bed\u00fcrfnisse des Kunden anzupassen.[\/vc_column_text][\/vc_column][\/vc_row]<\/p>\n","protected":false},"excerpt":{"rendered":"<p>[vc_row equal_height=&#8221;yes&#8221; height=&#8221;400px&#8221; css=&#8221;.vc_custom_1533286981700{background-image: url(https:\/\/filkemp.com\/de\/wp-content\/uploads\/2018\/08\/cerdas-1.jpg?id=3136) !important;background-position: center !important;background-repeat: no-repeat !important;background-size: cover !important;}&#8221;][vc_column][\/vc_column][\/vc_row][vc_row equal_height=&#8221;yes&#8221; content_placement=&#8221;middle&#8221; columns_height=&#8221;adjust_cols_height&#8221; el_class=&#8221;on-text-block&#8221;][vc_column][vc_column_text el_class=&#8221;ontituloazul&#8221;] HOCHWERTIGE SCHLEIFFILAMENTE [\/vc_column_text][vc_column_text]Seit 2011 produziert Filkemp Schleiffilamente auf der Basis von PA6, PA 6.10 und PA 6.12, die weltweit als Werkzeugzubeh\u00f6r in Polier-, Reinigungs- und Schleifarbeiten Anwendung finden. Diese abrasiven Thermoplasten kommen in einer Vielzahl von Branchen zum [&hellip;]<\/p>\n","protected":false},"author":1,"featured_media":0,"parent":0,"menu_order":0,"comment_status":"closed","ping_status":"closed","template":"page-full-width.php","meta":{"footnotes":""},"_links":{"self":[{"href":"https:\/\/filkemp.com\/de\/wp-json\/wp\/v2\/pages\/3130"}],"collection":[{"href":"https:\/\/filkemp.com\/de\/wp-json\/wp\/v2\/pages"}],"about":[{"href":"https:\/\/filkemp.com\/de\/wp-json\/wp\/v2\/types\/page"}],"author":[{"embeddable":true,"href":"https:\/\/filkemp.com\/de\/wp-json\/wp\/v2\/users\/1"}],"replies":[{"embeddable":true,"href":"https:\/\/filkemp.com\/de\/wp-json\/wp\/v2\/comments?post=3130"}],"version-history":[{"count":0,"href":"https:\/\/filkemp.com\/de\/wp-json\/wp\/v2\/pages\/3130\/revisions"}],"wp:attachment":[{"href":"https:\/\/filkemp.com\/de\/wp-json\/wp\/v2\/media?parent=3130"}],"curies":[{"name":"wp","href":"https:\/\/api.w.org\/{rel}","templated":true}]}}