{"id":3163,"date":"2018-08-03T09:34:40","date_gmt":"2018-08-03T09:34:40","guid":{"rendered":"https:\/\/filkemp.com\/de\/?page_id=3163"},"modified":"2018-08-31T15:28:29","modified_gmt":"2018-08-31T15:28:29","slug":"desporto","status":"publish","type":"page","link":"https:\/\/filkemp.com\/de\/desporto\/","title":{"rendered":"\u00c1reas de neg\u00f3cio &#8211; Desporto"},"content":{"rendered":"<p>[vc_row equal_height=&#8221;yes&#8221; height=&#8221;400px&#8221; css=&#8221;.vc_custom_1533743546741{background-image: url(https:\/\/filkemp.com\/de\/wp-content\/uploads\/2018\/08\/desporto-2.jpg?id=3299) !important;background-position: center !important;background-repeat: no-repeat !important;background-size: cover !important;}&#8221;][vc_column][\/vc_column][\/vc_row][vc_row equal_height=&#8221;yes&#8221; content_placement=&#8221;middle&#8221; columns_height=&#8221;adjust_cols_height&#8221; el_class=&#8221;on-text-block&#8221;][vc_column][vc_column_text el_class=&#8221;ontituloazul&#8221;]<\/p>\n<h2>SPORT<\/h2>\n<p>[\/vc_column_text][vc_column_text]Filkemp ist einer der gr\u00f6\u00dften europ\u00e4ischen Garnhersteller f\u00fcr das Sportfischen auf See und Binnengew\u00e4ssern. Mithilfe unserer Garnen konnten mehrere von der IGFA (International Game Fishing Association) anerkannte Rekorde in der Hochseefischerei, sowohl in der Grund- wie auch in der Oberfl\u00e4chenfischerei, gebrochen werden. So hat unsere Kunde Cliff Pace beispielsweise im Jahr 2013 den Bass Master Classic, den weltweit bedeutendsten Angelwettbewerb f\u00fcr Forellenbarsche gewonnen, und im Jahr 2015 konnte Casey Ashley den Wettbewerb in der S\u00fc\u00dfwasserfischerei f\u00fcr sich entscheiden.<\/p>\n<p>Die seit den 1950er Jahren gesammelte Erfahrung im Bereich Garne f\u00fcr die Sportfischerei erm\u00f6glicht uns, eine breite Produktpalette anzubieten, von dem regul\u00e4ren Standardgarn PA6 und Copa bis hin zu Spezialgarnen, darunter solche mit hoher Abriebfestigkeit, geringer Dehnung, hoher Sichtbarkeit, aus Multipolymeren, mit geringem Formged\u00e4chtnis oder auch speziell f\u00fcr das Surfcasting.<\/p>\n<p>Mit der Erfahrung bei der Herstellung von Sport- und Industriegarnen im R\u00fccken, lancierte Filkemp im Jahr 2015 ihr Sortiment an Tennissaiten mit verschiedenen Weichheitsgraden und in verschiedenen Formaten f\u00fcr unterschiedliche Schlagkraft und \u201eTopspin\u201c. Diese Produktreihe richtet sich sowohl an Anf\u00e4nger wie an anspruchsvollste Hochleistungssportler.[\/vc_column_text][\/vc_column][\/vc_row][vc_row equal_height=&#8221;yes&#8221; content_placement=&#8221;middle&#8221; columns_height=&#8221;adjust_cols_height&#8221; el_id=&#8221;inovacao&#8221; css=&#8221;.vc_custom_1535559941807{background-color: #e4e5e6 !important;}&#8221; el_class=&#8221;on-text-block&#8221;][vc_column width=&#8221;1\/2&#8243; css=&#8221;.vc_custom_1535559958657{background-position: center !important;background-repeat: no-repeat !important;background-size: cover !important;}&#8221; el_id=&#8221;PescaDesportiva&#8221;][vc_column_text el_class=&#8221;ontitulocinza&#8221;]<\/p>\n<h2 class=\"NegociosTitulos\">SPORTFISCHEN<\/h2>\n<p>[\/vc_column_text][vc_column_text]Die Produktpaletten f\u00fcr See und S\u00fc\u00dfwasser werden haupts\u00e4chlich von der gew\u00fcnschten Kombination von Durchmessern, Elastizit\u00e4t und Farben bestimmt. So bietet Filkemp neben den technischen Eigenschaften, die f\u00fcr eine Vielzahl von Anwendungen geeignet sind, eine gro\u00dfe Auswahl an Farben und Multifarben, verschiedene Formate, L\u00e4ngen und Spulen sowie unterschiedliche Elastizit\u00e4tsstufen, von einem geringen Formged\u00e4chtnis \u201elow memory\u201c (extrem glatt, ohne in der Angelrolle zu kr\u00e4useln) bis hin zur geringen Dehnung \u201elow stretch\u201c f\u00fcr die Grundfischerei, wo eine hohe Ber\u00fchrungsempfindlichkeit wichtig ist. Filkemp hat auch eine Reihe von speziellen Garnen f\u00fcr das Casting-Angeln (F489) entwickelt, die aufgrund ihrer sehr glatten Oberfl\u00e4che und geringen Reibung 50% l\u00e4ngere W\u00fcrfe erm\u00f6glichen.[\/vc_column_text][\/vc_column][vc_column width=&#8221;1\/2&#8243; css=&#8221;.vc_custom_1535559951305{background-position: center !important;background-repeat: no-repeat !important;background-size: cover !important;}&#8221; el_class=&#8221;onaligntop&#8221; el_id=&#8221;Cordastenis&#8221;][vc_column_text el_class=&#8221;ontitulocinza&#8221;]<\/p>\n<h2 class=\"NegociosTitulos\">TENNISSAITEN<\/h2>\n<p>[\/vc_column_text][vc_column_text]Die Erfahrung in verschiedenen Materialtypen und Extrusionstechnologien erm\u00f6glichten uns den Einstieg in den anspruchsvollen Markt der Tennissaiten. Das Angebot reicht von weicheren und elastischeren Saiten mit hoher Langlebigkeit f\u00fcr Anf\u00e4nger im Kindesalter bis hin zu Wettkampfsaiten mit hoher Leistung in Sachen Schlagfestigkeit und \u201eTopspin\u201c. Elastisch und weich oder h\u00e4rter mit starkem und gezieltem Schlag? Profiliert oder rau, um den besten \u201eTopspin\u201c und die beste Ballplatzierung zu erm\u00f6glichen? Die technischen Optionen, die den verschiedenen Tenniskategorien und \u2013niveaus gerecht werden, finden in den diversen von Filkemp angebotenen Ausf\u00fchrungen eine L\u00f6sung.[\/vc_column_text][\/vc_column][\/vc_row][vc_row equal_height=&#8221;yes&#8221; height=&#8221;600px&#8221; css=&#8221;.vc_custom_1535452557733{background-image: url(https:\/\/filkemp.com\/de\/wp-content\/uploads\/2018\/08\/desporto3.jpg?id=3475) !important;background-position: center !important;background-repeat: no-repeat !important;background-size: cover !important;}&#8221;][vc_column][\/vc_column][\/vc_row]<\/p>\n","protected":false},"excerpt":{"rendered":"<p>[vc_row equal_height=&#8221;yes&#8221; height=&#8221;400px&#8221; css=&#8221;.vc_custom_1533743546741{background-image: url(https:\/\/filkemp.com\/de\/wp-content\/uploads\/2018\/08\/desporto-2.jpg?id=3299) !important;background-position: center !important;background-repeat: no-repeat !important;background-size: cover !important;}&#8221;][vc_column][\/vc_column][\/vc_row][vc_row equal_height=&#8221;yes&#8221; content_placement=&#8221;middle&#8221; columns_height=&#8221;adjust_cols_height&#8221; el_class=&#8221;on-text-block&#8221;][vc_column][vc_column_text el_class=&#8221;ontituloazul&#8221;] SPORT [\/vc_column_text][vc_column_text]Filkemp ist einer der gr\u00f6\u00dften europ\u00e4ischen Garnhersteller f\u00fcr das Sportfischen auf See und Binnengew\u00e4ssern. Mithilfe unserer Garnen konnten mehrere von der IGFA (International Game Fishing Association) anerkannte Rekorde in der Hochseefischerei, sowohl in der Grund- wie auch [&hellip;]<\/p>\n","protected":false},"author":1,"featured_media":0,"parent":0,"menu_order":0,"comment_status":"closed","ping_status":"closed","template":"page-full-width.php","meta":{"footnotes":""},"_links":{"self":[{"href":"https:\/\/filkemp.com\/de\/wp-json\/wp\/v2\/pages\/3163"}],"collection":[{"href":"https:\/\/filkemp.com\/de\/wp-json\/wp\/v2\/pages"}],"about":[{"href":"https:\/\/filkemp.com\/de\/wp-json\/wp\/v2\/types\/page"}],"author":[{"embeddable":true,"href":"https:\/\/filkemp.com\/de\/wp-json\/wp\/v2\/users\/1"}],"replies":[{"embeddable":true,"href":"https:\/\/filkemp.com\/de\/wp-json\/wp\/v2\/comments?post=3163"}],"version-history":[{"count":0,"href":"https:\/\/filkemp.com\/de\/wp-json\/wp\/v2\/pages\/3163\/revisions"}],"wp:attachment":[{"href":"https:\/\/filkemp.com\/de\/wp-json\/wp\/v2\/media?parent=3163"}],"curies":[{"name":"wp","href":"https:\/\/api.w.org\/{rel}","templated":true}]}}