{"id":3166,"date":"2018-08-03T09:37:38","date_gmt":"2018-08-03T09:37:38","guid":{"rendered":"https:\/\/filkemp.com\/de\/?page_id=3166"},"modified":"2021-06-15T08:39:12","modified_gmt":"2021-06-15T08:39:12","slug":"impressao-3d","status":"publish","type":"page","link":"https:\/\/filkemp.com\/de\/impressao-3d\/","title":{"rendered":"\u00c1reas de neg\u00f3cio &#8211; Impess\u00e3o 3D"},"content":{"rendered":"<p>[vc_row equal_height=&#8221;yes&#8221; height=&#8221;400px&#8221; css=&#8221;.vc_custom_1539872912354{background-image: url(https:\/\/filkemp.com\/de\/wp-content\/uploads\/2018\/08\/3dhead.jpg?id=3461) !important;background-position: center !important;background-repeat: no-repeat !important;background-size: cover !important;}&#8221;][vc_column][\/vc_column][\/vc_row][vc_row equal_height=&#8221;yes&#8221; content_placement=&#8221;middle&#8221; columns_height=&#8221;adjust_cols_height&#8221; el_class=&#8221;on-text-block&#8221;][vc_column][vc_column_text el_class=&#8221;ontituloazul&#8221;]<\/p>\n<h2 class=\"NegociosTituloPrincipal txt_titulo_seta\">3D-DRUCK<\/h2>\n<div class=\"titulo_seta\"><img loading=\"lazy\" decoding=\"async\" class=\"alignnone size-full wp-image-3264 img_seta_comprar\" src=\"https:\/\/filkemp.com\/de\/wp-content\/uploads\/2018\/08\/seta.png\" alt=\"\" width=\"45\" height=\"43\" \/><a style=\"font-weight: normal; font-size: 16px; margin-left: 10px;\" href=\"http:\/\/3dfilkemp.com\" target=\"_blank\" rel=\"noopener\">HIER KAUFEN<\/a><\/div>\n<p>[\/vc_column_text][vc_column_text]Der 3D-Druck ist eine Technologie, bei der ein dreidimensionales Modell durch das sukzessive Auftragen von Schichten eines geschmolzenen thermoplastischen Materials erzeugt wird. Spielzeuge, Handyh\u00fcllen, Skulpturen, Dekorationsartikel oder sogar Schuhe sind Gegenst\u00e4nde des t\u00e4glichen Gebrauchs, die nach diesem Verfahren produziert werden k\u00f6nnen. In industriellen Anwendungen entstehen Prototypen, Autoteile, Werkzeuge, Musikinstrumente, Raummodelle und sogar Schmuck. Im Gesundheitsbereich ist es heute bereits m\u00f6glich, ma\u00dfgeschneiderte Prothesen zu \u00e4u\u00dferst wettbewerbsf\u00e4higen Preisen zu fertigen.<\/p>\n<p>Die am h\u00e4ufigsten verwendeten Materialien in 3D-Druckern sind Nylon und PLA, ein Biopolymer aus erneuerbaren Ressourcen. Die Filamente werden allgemein in Farben und mit St\u00e4rken von 1,75 mm und 2,85 mm vermarktet und in Rollen geliefert, die direkt in den Druckern einsetzbar sind. Sind die Rollen erst einmal eingef\u00fchrt, beginnen sie die Gegenst\u00e4nde auszudrucken.<\/p>\n<p>Filkemp ist der erste gro\u00dfe Filamenthersteller, der in die 3D-Industrie eingestiegen ist und den Mehrwert seiner jahrzehntelangen Erfahrung bei der Herstellung von Filamenten f\u00fcr seine Kunden einbringen kann. Diese Filamente sind die einzigen auf dem Markt, bei deren Herstellung Schmiermittel dem einzelnen Filament zugesetzt werden. Dieses ausschlie\u00dflich von Filkemp entwickelte Verfahren garantiert die Produktion von hochwertigen Filamenten, die dem Kunden einen kontinuierlichen Druckprozess gew\u00e4hrleisten.[\/vc_column_text][\/vc_column][\/vc_row][vc_row equal_height=&#8221;yes&#8221; content_placement=&#8221;middle&#8221; columns_height=&#8221;adjust_cols_height&#8221; el_id=&#8221;inovacao&#8221; css=&#8221;.vc_custom_1535560436101{background-color: #e4e5e6 !important;}&#8221; el_class=&#8221;on-text-block&#8221;][vc_column width=&#8221;1\/2&#8243; css=&#8221;.vc_custom_1535560444677{background-position: center !important;background-repeat: no-repeat !important;background-size: cover !important;}&#8221; el_class=&#8221;onaligntop&#8221; el_id=&#8221;PLAN&#8221;][vc_column_text el_class=&#8221;ontitulocinza&#8221;]<\/p>\n<h2 class=\"NegociosTitulos\">PLAN<\/h2>\n<p>[\/vc_column_text][vc_column_text]PLA N ist ein Biopolymer, ideal f\u00fcr Werkzeuge, Prototypen und industrielle Anwendungen im Allgemeinen. Dieses Filament verf\u00fcgt \u00fcber eine \u00fcberragende mechanische und thermische Best\u00e4ndigkeit und wird nach abgeschlossener Gl\u00fchbehandlung gegen Temperaturen bis zu 160 \u00b0C resistent. Es ergibt hochfeste Teile, die maschinell bearbeitbar sind. Die Gl\u00fchbehandlung kann innerhalb 10 bis 15 Minuten in siedendem Wasser oder in einem Ofen bei 100 \u00b0C durchgef\u00fchrt werden.[\/vc_column_text][\/vc_column][vc_column width=&#8221;1\/2&#8243; css=&#8221;.vc_custom_1535642299710{background-position: center !important;background-repeat: no-repeat !important;background-size: cover !important;}&#8221; el_class=&#8221;onaligntop&#8221; el_id=&#8221;PETG&#8221;][vc_column_text el_class=&#8221;ontitulocinza&#8221;]<\/p>\n<h2 class=\"NegociosTitulos\">PET G<\/h2>\n<p>[\/vc_column_text][vc_column_text el_class=&#8221;onaligntop&#8221;]PETG ist ein benutzerfreundliches Filament, weil es einfach zu drucken ist. Mit 20% h\u00f6heren Geschwindigkeiten im Vergleich zu PLA und mit ausgezeichneter thermischer Stabilit\u00e4t erm\u00f6glicht es das Drucken von transparenten Teilen mit hervorragender thermischer und mechanischer Best\u00e4ndigkeit.[\/vc_column_text][\/vc_column][\/vc_row][vc_row equal_height=&#8221;yes&#8221; content_placement=&#8221;middle&#8221; columns_height=&#8221;adjust_cols_height&#8221; el_class=&#8221;on-text-block&#8221;][vc_column width=&#8221;1\/2&#8243; css=&#8221;.vc_custom_1535560510853{background-position: center !important;background-repeat: no-repeat !important;background-size: cover !important;}&#8221; el_class=&#8221;onaligntop&#8221; el_id=&#8221;Nylon&#8221;][vc_column_text el_class=&#8221;ontitulocinza&#8221;]<\/p>\n<h2 class=\"NegociosTitulos\">NYLON<\/h2>\n<p>[\/vc_column_text][vc_column_text]Filkemp-Nylon ist das erste Niedrigtemperatur-Nylon das f\u00fcr eine Extrusion bei 230 \u00b0C entwickelt wurde und schnell abk\u00fchlt. Dieses Material ist ideal f\u00fcr das industrielle Modellieren und den Prototypenbau. Aufgrund seiner Flexibilit\u00e4t erzielt dieser Filamenttyp \u00e4hnliche Ergebnisse wie ein spritzgegossenes Teil und erzeugt langlebige und sto\u00dffeste Teile mit hoher thermischer Best\u00e4ndigkeit. Das vorgeschmierte Nylon von Filkemp mit exklusiver Schmiertechnologie \u2122 erm\u00f6glicht ein einfaches Drucken ohne Unterbrechungen.[\/vc_column_text][\/vc_column][vc_column width=&#8221;1\/2&#8243; css=&#8221;.vc_custom_1535560499056{background-position: center !important;background-repeat: no-repeat !important;background-size: cover !important;}&#8221;][vc_single_image image=&#8221;3647&#8243; img_size=&#8221;large&#8221; alignment=&#8221;center&#8221;][\/vc_column][\/vc_row]<\/p>\n","protected":false},"excerpt":{"rendered":"<p>[vc_row equal_height=&#8221;yes&#8221; height=&#8221;400px&#8221; css=&#8221;.vc_custom_1539872912354{background-image: url(https:\/\/filkemp.com\/de\/wp-content\/uploads\/2018\/08\/3dhead.jpg?id=3461) !important;background-position: center !important;background-repeat: no-repeat !important;background-size: cover !important;}&#8221;][vc_column][\/vc_column][\/vc_row][vc_row equal_height=&#8221;yes&#8221; content_placement=&#8221;middle&#8221; columns_height=&#8221;adjust_cols_height&#8221; el_class=&#8221;on-text-block&#8221;][vc_column][vc_column_text el_class=&#8221;ontituloazul&#8221;] 3D-DRUCK HIER KAUFEN [\/vc_column_text][vc_column_text]Der 3D-Druck ist eine Technologie, bei der ein dreidimensionales Modell durch das sukzessive Auftragen von Schichten eines geschmolzenen thermoplastischen Materials erzeugt wird. Spielzeuge, Handyh\u00fcllen, Skulpturen, Dekorationsartikel oder sogar Schuhe sind Gegenst\u00e4nde des t\u00e4glichen Gebrauchs, die [&hellip;]<\/p>\n","protected":false},"author":1,"featured_media":0,"parent":0,"menu_order":0,"comment_status":"closed","ping_status":"closed","template":"page-full-width.php","meta":{"footnotes":""},"_links":{"self":[{"href":"https:\/\/filkemp.com\/de\/wp-json\/wp\/v2\/pages\/3166"}],"collection":[{"href":"https:\/\/filkemp.com\/de\/wp-json\/wp\/v2\/pages"}],"about":[{"href":"https:\/\/filkemp.com\/de\/wp-json\/wp\/v2\/types\/page"}],"author":[{"embeddable":true,"href":"https:\/\/filkemp.com\/de\/wp-json\/wp\/v2\/users\/1"}],"replies":[{"embeddable":true,"href":"https:\/\/filkemp.com\/de\/wp-json\/wp\/v2\/comments?post=3166"}],"version-history":[{"count":0,"href":"https:\/\/filkemp.com\/de\/wp-json\/wp\/v2\/pages\/3166\/revisions"}],"wp:attachment":[{"href":"https:\/\/filkemp.com\/de\/wp-json\/wp\/v2\/media?parent=3166"}],"curies":[{"name":"wp","href":"https:\/\/api.w.org\/{rel}","templated":true}]}}