{"id":3171,"date":"2018-08-03T09:46:59","date_gmt":"2018-08-03T09:46:59","guid":{"rendered":"https:\/\/filkemp.com\/de\/?page_id=3171"},"modified":"2023-07-20T08:03:50","modified_gmt":"2023-07-20T08:03:50","slug":"agricultura-2","status":"publish","type":"page","link":"https:\/\/filkemp.com\/de\/agricultura-2\/","title":{"rendered":"Areas de negocio &#8211; Agricultura"},"content":{"rendered":"<p>[vc_row equal_height=&#8221;yes&#8221; height=&#8221;400px&#8221; css=&#8221;.vc_custom_1536761501146{background-image: url(https:\/\/filkemp.com\/de\/wp-content\/uploads\/2018\/09\/header_agricultura1.jpg?id=3625) !important;background-position: center !important;background-repeat: no-repeat !important;background-size: cover !important;}&#8221;][vc_column][\/vc_column][\/vc_row][vc_row equal_height=&#8221;yes&#8221; content_placement=&#8221;middle&#8221; columns_height=&#8221;adjust_cols_height&#8221; el_class=&#8221;on-text-block&#8221;][vc_column][vc_column_text el_class=&#8221;ontituloazul&#8221;]<\/p>\n<h2>LANDWIRTSCHAFT<\/h2>\n<p>[\/vc_column_text][vc_column_text]PET f\u00fcr die Landwirtschaft basieren auf Rohstoffen und UV-sch\u00fctzenden Zusatzstoffen, die ihnen eine hohe Leistungsf\u00e4higkeit und Langlebigkeit verleihen. Die Tatsache, dass die Produkte von PET f\u00fcr die Landwirtschaft w\u00e4hrend des gesamten Lebenszyklus nicht rosten und ihre weiche Oberfl\u00e4che beibehalten, sichert einen sachgem\u00e4\u00dfen Kontakt mit den Pflanzen, ohne diese zu sch\u00e4digen und verhindert somit den Befall mit Mehltau oder anderen Krankheiten. Filkemp garantiert eine Mindesthaltbarkeit von f\u00fcnf Jahren. Diese Garne k\u00f6nnen durchaus 10 Jahre lang wiederverwendet werden, selbst wenn sie den Witterungsbedingungen ausgesetzt sind.[\/vc_column_text][\/vc_column][\/vc_row][vc_row equal_height=&#8221;yes&#8221; content_placement=&#8221;middle&#8221; columns_height=&#8221;adjust_cols_height&#8221; el_id=&#8221;inovacao&#8221; css=&#8221;.vc_custom_1535558893619{background-color: #e4e5e6 !important;}&#8221; el_class=&#8221;on-text-block&#8221;][vc_column width=&#8221;1\/2&#8243; css=&#8221;.vc_custom_1535558874017{background-position: center !important;background-repeat: no-repeat !important;background-size: cover !important;}&#8221; el_id=&#8221;Agrofilamentos&#8221;][vc_column_text el_class=&#8221;ontitulocinza&#8221;]<\/p>\n<h2 class=\"NegociosTitulos\">AGROFILAMENTE<\/h2>\n<p>[\/vc_column_text][vc_column_text]Agrofilamente sind hochfeste Polyester- oder Polyamid (Nylon) -Garne mit Durchmessern von 1,8 mm bis 3 mm. In der Landwirtschaft k\u00f6nnen sie s\u00e4mtliche Metalldr\u00e4hte und den traditionellen Bast ersetzen, unter anderem bei der Abdeckung von Gew\u00e4chsh\u00e4usern, beim Aufstellen von Hecken, Aufleiten\u00a0<a name=\"_GoBack\"><\/a>von roten Fr\u00fcchten und Rebst\u00f6cken sowie bei Z\u00e4unen mit leitf\u00e4higem Draht f\u00fcr Tiere. Die F\u00e4den PET f\u00fcr die Landwirtschaft oder F580 (aus Nylon) werden in 10 kg-Str\u00e4ngen oder Bobs vermarktet und werden u. a. oft auch als F\u00fchrungs- und Kabeleinziehdr\u00e4hte verwendet. Filkemp produziert auch Trimmerf\u00e4den in verschiedenen Formen und Profilen mit Durchmessern zwischen 1,80 und 3,00 mm f\u00fcr Haushalts- und Industrieger\u00e4te. Die verschiedenen Formate sorgen f\u00fcr eine bessere Schneidleistung, weisen aber eine geringere Lebensdauer im Vergleich zu herk\u00f6mmlichen Rundf\u00e4den auf.[\/vc_column_text][\/vc_column][vc_column width=&#8221;1\/2&#8243; css=&#8221;.vc_custom_1535558882897{background-position: center !important;background-repeat: no-repeat !important;background-size: cover !important;}&#8221; el_class=&#8221;onaligntop&#8221; el_id=&#8221;Relva&#8221;][vc_column_text el_class=&#8221;ontitulocinza&#8221;]<\/p>\n<h2 class=\"NegociosTitulos\">RASEN<\/h2>\n<p>[\/vc_column_text][vc_column_text]Ein Trimmerfaden f\u00fcr Rasenm\u00e4her muss eine ausgezeichnete Verformbarkeit, Scherfestigkeit an der Oberfl\u00e4che und W\u00e4rmebest\u00e4ndigkeit aufweisen, um den hohen Rotationen bei dem Kontakt mit Maschinenk\u00f6pfen, Steinen, Ecken und anderen Ber\u00fchrungspunkten standzuhalten. Dies ist umso der Fall bei sogenannten Industriemaschinen mit h\u00f6herer Leistung und Rotation, die st\u00e4rkere und tendenziell steifere Durchmesser verwenden. Das G523-Garn wird aus einer genauen Kombination aus Nylonpolymeren und -copolymeren hergestellt, um die Haltbarkeit des Garns unter \u00e4u\u00dferst harten Bedingungen zu erh\u00f6hen.[\/vc_column_text][\/vc_column][\/vc_row][vc_row equal_height=&#8221;yes&#8221; height=&#8221;400px&#8221; css=&#8221;.vc_custom_1535445412199{background-image: url(https:\/\/filkemp.com\/de\/wp-content\/uploads\/2018\/08\/agricultura-2.jpg?id=3417) !important;background-position: center !important;background-repeat: no-repeat !important;background-size: cover !important;}&#8221;][vc_column][\/vc_column][\/vc_row]<\/p>\n","protected":false},"excerpt":{"rendered":"<p>[vc_row equal_height=&#8221;yes&#8221; height=&#8221;400px&#8221; css=&#8221;.vc_custom_1536761501146{background-image: url(https:\/\/filkemp.com\/de\/wp-content\/uploads\/2018\/09\/header_agricultura1.jpg?id=3625) !important;background-position: center !important;background-repeat: no-repeat !important;background-size: cover !important;}&#8221;][vc_column][\/vc_column][\/vc_row][vc_row equal_height=&#8221;yes&#8221; content_placement=&#8221;middle&#8221; columns_height=&#8221;adjust_cols_height&#8221; el_class=&#8221;on-text-block&#8221;][vc_column][vc_column_text el_class=&#8221;ontituloazul&#8221;] LANDWIRTSCHAFT [\/vc_column_text][vc_column_text]PET f\u00fcr die Landwirtschaft basieren auf Rohstoffen und UV-sch\u00fctzenden Zusatzstoffen, die ihnen eine hohe Leistungsf\u00e4higkeit und Langlebigkeit verleihen. Die Tatsache, dass die Produkte von PET f\u00fcr die Landwirtschaft w\u00e4hrend des gesamten Lebenszyklus nicht rosten und ihre weiche [&hellip;]<\/p>\n","protected":false},"author":1,"featured_media":0,"parent":0,"menu_order":0,"comment_status":"closed","ping_status":"closed","template":"page-full-width.php","meta":{"footnotes":""},"_links":{"self":[{"href":"https:\/\/filkemp.com\/de\/wp-json\/wp\/v2\/pages\/3171"}],"collection":[{"href":"https:\/\/filkemp.com\/de\/wp-json\/wp\/v2\/pages"}],"about":[{"href":"https:\/\/filkemp.com\/de\/wp-json\/wp\/v2\/types\/page"}],"author":[{"embeddable":true,"href":"https:\/\/filkemp.com\/de\/wp-json\/wp\/v2\/users\/1"}],"replies":[{"embeddable":true,"href":"https:\/\/filkemp.com\/de\/wp-json\/wp\/v2\/comments?post=3171"}],"version-history":[{"count":0,"href":"https:\/\/filkemp.com\/de\/wp-json\/wp\/v2\/pages\/3171\/revisions"}],"wp:attachment":[{"href":"https:\/\/filkemp.com\/de\/wp-json\/wp\/v2\/media?parent=3171"}],"curies":[{"name":"wp","href":"https:\/\/api.w.org\/{rel}","templated":true}]}}