{"id":3198,"date":"2018-08-03T10:04:54","date_gmt":"2018-08-03T10:04:54","guid":{"rendered":"https:\/\/filkemp.com\/de\/?page_id=3198"},"modified":"2018-11-06T15:37:16","modified_gmt":"2018-11-06T15:37:16","slug":"noticias","status":"publish","type":"page","link":"https:\/\/filkemp.com\/de\/noticias\/","title":{"rendered":"Not\u00edcias"},"content":{"rendered":"<p>[vc_row equal_height=&#8221;yes&#8221; height=&#8221;400px&#8221; css=&#8221;.vc_custom_1536163603397{background-image: url(https:\/\/filkemp.com\/de\/wp-content\/uploads\/2018\/09\/noticias.jpg?id=3619) !important;background-position: center !important;background-repeat: no-repeat !important;background-size: cover !important;}&#8221;][vc_column][\/vc_column][\/vc_row][vc_row equal_height=&#8221;yes&#8221; content_placement=&#8221;middle&#8221; columns_height=&#8221;adjust_cols_height&#8221; css=&#8221;.vc_custom_1535561322685{margin-top: 20px !important;background-color: #e4e5e6 !important;}&#8221; el_class=&#8221;on-text-block&#8221;][vc_column width=&#8221;1\/2&#8243; css=&#8221;.vc_custom_1535561337156{background-position: center !important;background-repeat: no-repeat !important;background-size: cover !important;}&#8221;][vc_single_image image=&#8221;3493&#8243; img_size=&#8221;large&#8221; alignment=&#8221;center&#8221;][\/vc_column][vc_column width=&#8221;1\/2&#8243; css=&#8221;.vc_custom_1535561330652{background-position: center !important;background-repeat: no-repeat !important;background-size: cover !important;}&#8221; el_class=&#8221;onaligntop&#8221;][vc_column_text el_class=&#8221;ontitulocinza&#8221;]<\/p>\n<h2 class=\"modalNoticias_Titulo\">NEWS<\/h2>\n<p>[\/vc_column_text][vc_column_text]<\/p>\n<div id=\"41\" class=\"modal fade in\" role=\"dialog\">\n<div class=\"modal-content\">\n<div id=\"NewsModal\" class=\"modal-body\">\n<p>Filkemp wurde im Jahr 2014 mit dem Business Merit Award der Industrie- und Handelskammer Portugal-China in der Kategorie KMU dank seines schnellen Absatzwachstums in diesem asiatischen Land ausgezeichnet. Die nach China ausgef\u00fchrten Garne werden haupts\u00e4chlich im PMC (Paper Machine Clothing) eingesetzt, d.h. die Herstellung von Industriesieben f\u00fcr Papiermaschinen, insbesondere im Bereich der Trocknung. Dies ist eine der sensibelsten und technologischsten Anwendungen f\u00fcr Monofilamente, da die Siebe in den modernsten Maschinen bei etwa 100 km\/h rollen und somit einer starken chemischen Abnutzung und dem Abrieb ausgesetzt sind. Sie m\u00fcssen aerodynamische Stabilit\u00e4t und Haltbarkeit aufweisen, um m\u00f6glichst lange die h\u00f6chste Produktionsgeschwindigkeit zu gew\u00e4hrleisten.<\/p>\n<\/div>\n<\/div>\n<\/div>\n<p>[\/vc_column_text][\/vc_column][\/vc_row]<\/p>\n","protected":false},"excerpt":{"rendered":"<p>[vc_row equal_height=&#8221;yes&#8221; height=&#8221;400px&#8221; css=&#8221;.vc_custom_1536163603397{background-image: url(https:\/\/filkemp.com\/de\/wp-content\/uploads\/2018\/09\/noticias.jpg?id=3619) !important;background-position: center !important;background-repeat: no-repeat !important;background-size: cover !important;}&#8221;][vc_column][\/vc_column][\/vc_row][vc_row equal_height=&#8221;yes&#8221; content_placement=&#8221;middle&#8221; columns_height=&#8221;adjust_cols_height&#8221; css=&#8221;.vc_custom_1535561322685{margin-top: 20px !important;background-color: #e4e5e6 !important;}&#8221; el_class=&#8221;on-text-block&#8221;][vc_column width=&#8221;1\/2&#8243; css=&#8221;.vc_custom_1535561337156{background-position: center !important;background-repeat: no-repeat !important;background-size: cover !important;}&#8221;][vc_single_image image=&#8221;3493&#8243; img_size=&#8221;large&#8221; alignment=&#8221;center&#8221;][\/vc_column][vc_column width=&#8221;1\/2&#8243; css=&#8221;.vc_custom_1535561330652{background-position: center !important;background-repeat: no-repeat !important;background-size: cover !important;}&#8221; el_class=&#8221;onaligntop&#8221;][vc_column_text el_class=&#8221;ontitulocinza&#8221;] NEWS [\/vc_column_text][vc_column_text] Filkemp wurde im Jahr 2014 mit dem Business Merit Award der [&hellip;]<\/p>\n","protected":false},"author":1,"featured_media":0,"parent":0,"menu_order":0,"comment_status":"closed","ping_status":"closed","template":"page-full-width.php","meta":{"footnotes":""},"_links":{"self":[{"href":"https:\/\/filkemp.com\/de\/wp-json\/wp\/v2\/pages\/3198"}],"collection":[{"href":"https:\/\/filkemp.com\/de\/wp-json\/wp\/v2\/pages"}],"about":[{"href":"https:\/\/filkemp.com\/de\/wp-json\/wp\/v2\/types\/page"}],"author":[{"embeddable":true,"href":"https:\/\/filkemp.com\/de\/wp-json\/wp\/v2\/users\/1"}],"replies":[{"embeddable":true,"href":"https:\/\/filkemp.com\/de\/wp-json\/wp\/v2\/comments?post=3198"}],"version-history":[{"count":0,"href":"https:\/\/filkemp.com\/de\/wp-json\/wp\/v2\/pages\/3198\/revisions"}],"wp:attachment":[{"href":"https:\/\/filkemp.com\/de\/wp-json\/wp\/v2\/media?parent=3198"}],"curies":[{"name":"wp","href":"https:\/\/api.w.org\/{rel}","templated":true}]}}