{"id":3045,"date":"2018-08-02T08:46:26","date_gmt":"2018-08-02T08:46:26","guid":{"rendered":"https:\/\/filkemp.com\/es\/?page_id=3045"},"modified":"2025-10-27T11:21:13","modified_gmt":"2025-10-27T11:21:13","slug":"quem-somos-visao-missao-2","status":"publish","type":"page","link":"https:\/\/filkemp.com\/es\/quem-somos-visao-missao-2\/","title":{"rendered":"Qui\u00e9nes Somos"},"content":{"rendered":"<p>[vc_row equal_height=&#8221;yes&#8221; height=&#8221;400px&#8221; css=&#8221;.vc_custom_1533808040528{background-image: url(https:\/\/filkemp.com\/es\/wp-content\/uploads\/2018\/08\/quemsomos32.jpg?id=3318) !important;}&#8221;][vc_column][\/vc_column][\/vc_row][vc_row equal_height=&#8221;yes&#8221; content_placement=&#8221;middle&#8221; columns_height=&#8221;adjust_cols_height&#8221; el_class=&#8221;onhomebox&#8221;][vc_column css=&#8221;.vc_custom_1535557987234{background-position: center !important;background-repeat: no-repeat !important;background-size: cover !important;}&#8221; offset=&#8221;vc_col-md-offset-0 vc_col-sm-offset-0&#8243; el_class=&#8221;on-text-block&#8221;][vc_column_text]<\/p>\n<div class=\"NegociosPrincipal Espa\u00e7amentoFundo DuasColunas\">\n<div id=\"bloco\" class=\"col_bloco NegociosTextoPrincipal\">\n<p>Filkemp Ind\u00fastria de Filamentos, SA naci\u00f3 en 1998 de un <i>spin-off<\/i>\u00a0del departamento de monofilamentos de la subsidiaria portuguesa de la multinacional Hoechst AG, creada en la d\u00e9cada de 1970 bajo el paraguas de dicha empresa, l\u00edder mundial en las \u00e1reas qu\u00edmica y farmac\u00e9utica.<\/p>\n<p>Actualmente, Filkemp es una referencia global en la producci\u00f3n de monofilamentos a partir de PET, PA6, PA610, PA612 y varias combinaciones de copoli\u0301meros y pol\u00edmeros especiales, que sirven de base para la producci\u00f3n de filamentos t\u00e9cnicos destinados a la industria de papel, cintas transportadoras o de filtraci\u00f3n industrial, cepillos abrasivos, pesca deportiva e industrial, cuerdas de tenis, cabos de amarre, agricultura y, m\u00e1s recientemente, filamentos para impresi\u00f3n 3D.<\/p>\n<p>La competitividad y la excelencia de los productos, junto con la flexibilidad del servicio, son la clave de la relaci\u00f3n, estrecha y duradera, que la empresa desarrolla con sus clientes en todo el mundo.<\/p>\n<\/div>\n<\/div>\n<p>[\/vc_column_text][\/vc_column][\/vc_row][vc_row equal_height=&#8221;yes&#8221; content_placement=&#8221;middle&#8221; columns_height=&#8221;adjust_cols_height&#8221; css=&#8221;.vc_custom_1535557870182{background-color: #e4e5e6 !important;}&#8221;][vc_column css=&#8221;.vc_custom_1535557980439{background-position: center !important;background-repeat: no-repeat !important;background-size: cover !important;}&#8221; offset=&#8221;vc_col-md-offset-0 vc_col-sm-offset-0&#8243; el_class=&#8221;on-text-block&#8221;][vc_column_text el_class=&#8221;ontitulocinza&#8221;]<\/p>\n<h2 class=\"NegociosTitulos quemsomosTitulos\">VISI\u00d3N Y MISI\u00d3N<\/h2>\n<p>[\/vc_column_text][vc_column_text]Ofrecer productos de excelencia, orientados a la satisfacci\u00f3n de las exigencias espec\u00edficas de los clientes, a precios competitivos y con un servicio flexible, garantizando la creaci\u00f3n de valor y la sostenibilidad del negocio de Filkemp y de sus clientes a largo plazo.<\/p>\n<p>La calidad del producto\u202fy del servicio, la satisfacci\u00f3n del cliente y la competitividad de los precios son factores esenciales para el \u00e9xito internacional de Filkemp.[\/vc_column_text][\/vc_column][\/vc_row][vc_row equal_height=&#8221;yes&#8221; content_placement=&#8221;middle&#8221; columns_height=&#8221;adjust_cols_height&#8221; el_id=&#8221;inovacao&#8221;][vc_column css=&#8221;.vc_custom_1535558053435{background-position: center !important;background-repeat: no-repeat !important;background-size: cover !important;}&#8221; el_class=&#8221;on-text-block&#8221;][vc_column_text el_class=&#8221;ontitulocinza&#8221;]<\/p>\n<h2 class=\"NegociosTitulos quemsomosTitulos\">INNOVACI\u00d3N<\/h2>\n<p>[\/vc_column_text][vc_column_text]La innovaci\u00f3n es la estrategia central de Filkemp, y se manifiesta no solamente en el desarrollo de nuevos productos y servicios, sino tambi\u00e9n en la aplicaci\u00f3n de nuevos procesos organizativos, nuevas formas de responder a las necesidades de nuestros clientes y nuevas formas de competir en el mercado global.[\/vc_column_text][\/vc_column][\/vc_row][vc_row equal_height=&#8221;yes&#8221; content_placement=&#8221;middle&#8221; columns_height=&#8221;adjust_cols_height&#8221; css=&#8221;.vc_custom_1535558126394{background-color: #e4e5e6 !important;}&#8221;][vc_column css=&#8221;.vc_custom_1535558131996{background-position: center !important;background-repeat: no-repeat !important;background-size: cover !important;}&#8221; el_class=&#8221;on-text-block&#8221;][vc_column_text css=&#8221;.vc_custom_1535643265290{padding-bottom: 10px !important;}&#8221; el_class=&#8221;ontitulocinza&#8221;]<\/p>\n<h2 class=\"NegociosTitulos quemsomosTitulos\">SOSTENIBILIDAD<\/h2>\n<p>[\/vc_column_text][vc_column_text]Es una preocupaci\u00f3n fundamental de Filkemp. La apuesta se ha centrado esencialmente en las \u00e1reas neur\u00e1lgicas de la Higiene y Seguridad y en la reducci\u00f3n de la \u201chuella ecol\u00f3gica\u201d, mediante la reducci\u00f3n de los desechos no reutilizables y la realizaci\u00f3n de inversiones destinadas a mejorar la eficiencia energ\u00e9tica.<\/p>\n<p>En 2017, Filkemp fue reconocida\u202fpor las entidades\u202foficiales\u202fcon una menci\u00f3n honor\u00edfica por su desempe\u00f1o en la mejora de la eficiencia energ\u00e9tica. Y, sin embargo, se puede decir que el compromiso con la sostenibilidad ambiental no ha hecho m\u00e1s que empezar. Hasta 2020 est\u00e1n previstas nuevas inversiones, que van a permitir mejorar los actuales niveles de optimizaci\u00f3n energ\u00e9tica y medioambiental.[\/vc_column_text][\/vc_column][\/vc_row][vc_row equal_height=&#8221;yes&#8221; content_placement=&#8221;middle&#8221; columns_height=&#8221;adjust_cols_height&#8221; el_class=&#8221;on-text-block&#8221;][vc_column width=&#8221;1\/2&#8243; css=&#8221;.vc_custom_1535558192850{background-position: center !important;background-repeat: no-repeat !important;background-size: cover !important;}&#8221; el_class=&#8221;onaligntop&#8221;][vc_column_text el_class=&#8221;ontitulocinza&#8221;]<\/p>\n<h2 class=\"NegociosTitulos\">EQUIPO DE GESTI\u00d3N<\/h2>\n<p>[\/vc_column_text][vc_column_text]Filkemp es una empresa de personas para personas. El equipo de gesti\u00f3n subraya la importancia del trabajo en equipo y reconoce que las personas son la espina dorsal de Filkemp, una pieza clave para alcanzar sus objetivos a nivel de innovaci\u00f3n, producci\u00f3n y sostenibilidad.[\/vc_column_text][\/vc_column][vc_column width=&#8221;1\/2&#8243; css=&#8221;.vc_custom_1535558183469{background-position: center !important;background-repeat: no-repeat !important;background-size: cover !important;}&#8221;][vc_single_image image=&#8221;3463&#8243; img_size=&#8221;large&#8221; alignment=&#8221;center&#8221;][\/vc_column][\/vc_row][vc_row equal_height=&#8221;yes&#8221; content_placement=&#8221;middle&#8221; columns_height=&#8221;adjust_cols_height&#8221; css=&#8221;.vc_custom_1535558405491{background-color: #e4e5e6 !important;}&#8221; el_class=&#8221;on-text-block&#8221;][vc_column width=&#8221;1\/2&#8243; css=&#8221;.vc_custom_1535558427579{background-position: center !important;background-repeat: no-repeat !important;background-size: cover !important;}&#8221; el_class=&#8221;onaligntop&#8221;][vc_column_text el_class=&#8221;ontitulocinza&#8221;]<\/p>\n<h2 class=\"NegociosTitulos\">PRESENCIA INTERNACIONAL<\/h2>\n<p>[\/vc_column_text][vc_column_text]Filkemp es una empresa con producci\u00f3n en Portugal y que cuenta con una presencia global. Su localizaci\u00f3n estrat\u00e9gica y competitiva, a las puertas de Europa a trav\u00e9s del puerto de Lisboa, conectado a las principales rutas mar\u00edtimas internacionales, del que dista tan s\u00f3lo 18 Km, es un factor determinante para su afirmaci\u00f3n en el mundo.<\/p>\n<p>Filkemp est\u00e1 presente en m\u00e1s de 40 pa\u00edses, con mayor protagonismo, naturalmente, de Europa, que representa el 55% de su negocio, pero tambi\u00e9n de Asia, con una cuota del 25%, y del continente americano, con un peso del 20% en el negocio.[\/vc_column_text][\/vc_column][vc_column width=&#8221;1\/2&#8243; css=&#8221;.vc_custom_1535558454049{margin-top: 20px !important;margin-left: 10px !important;background-position: center !important;background-repeat: no-repeat !important;background-size: cover !important;}&#8221;][vc_single_image image=&#8221;3465&#8243; img_size=&#8221;600&#215;331&#8243; alignment=&#8221;center&#8221;][\/vc_column][\/vc_row][vc_row equal_height=&#8221;yes&#8221; content_placement=&#8221;middle&#8221; columns_height=&#8221;adjust_cols_height&#8221;][vc_column css=&#8221;.vc_custom_1535558053435{background-position: center !important;background-repeat: no-repeat !important;background-size: cover !important;}&#8221; el_class=&#8221;on-text-block&#8221;][vc_column_text el_class=&#8221;ontitulocinza&#8221;]<\/p>\n<h2 class=\"NegociosTitulos\">CERTIFICACI\u00d3N DE CALIDAD<\/h2>\n<p>[\/vc_column_text][vc_raw_html]JTNDZGl2JTIwc3R5bGUlM0QlMjJmbG9hdCUzQWxlZnQlM0IlMjBtYXJnaW4tcmlnaHQlM0EyJTI1JTNCJTIyJTNFJTBBJTNDYSUyMGhyZWYlM0QlMjJodHRwcyUzQSUyRiUyRmZpbGtlbXAuY29tJTJGd3AtY29udGVudCUyRnVwbG9hZHMlMkYyMDIyJTJGMDYlMkZDZXJ0SVNPOTAwMV9FTi5wZGYlMjIlMjB0YXJnZXQlM0QlMjJfYmxhbmslMjIlMjBzdHlrZSUzRCUyMmZsb2F0JTNBbGVmdCUzQiUyMiUzRSUzQ2RpdiUyMGNsYXNzJTNEJTIyYnQtYXJlYS1jbGllbnRlJTIyJTIwc3R5bGUlM0QlMjJmbG9hdCUzQWxlZnQlM0IlMjIlM0VRVUFMSVRZJTIwQ0VSVElGSUNBVEUlM0MlMkZkaXYlM0UlM0MlMkZhJTNFJTBBJTNDJTJGZGl2JTNFJTBBJTBBJTNDZGl2JTIwc3R5bGUlM0QlMjJmbG9hdCUzQWxlZnQlM0IlMjBtYXJnaW4tcmlnaHQlM0EyJTI1JTNCJTIyJTNFJTBBJTNDYSUyMGhyZWYlM0QlMjJodHRwJTNBJTJGJTJGZmlsa2VtcC5jb20lMkZlcyUyRndwLWNvbnRlbnQlMkZ1cGxvYWRzJTJGMjAxOCUyRjEyJTJGTVE1MzAyX1F1YWxpdHktUG9saWN5X0VOLnBkZiUyMiUyMHRhcmdldCUzRCUyMl9ibGFuayUyMiUyMHN0eWtlJTNEJTIyZmxvYXQlM0FsZWZ0JTNCJTIyJTNFJTNDZGl2JTIwY2xhc3MlM0QlMjJidC1hcmVhLWNsaWVudGUlMjIlMjBzdHlsZSUzRCUyMmZsb2F0JTNBbGVmdCUzQiUyMiUzRVFVQUxJVFklMjBQT0xJQ1klM0MlMkZkaXYlM0UlM0MlMkZhJTNFJTBBJTNDJTJGZGl2JTNF[\/vc_raw_html][\/vc_column][\/vc_row]<\/p>\n","protected":false},"excerpt":{"rendered":"<p>[vc_row equal_height=&#8221;yes&#8221; height=&#8221;400px&#8221; css=&#8221;.vc_custom_1533808040528{background-image: url(https:\/\/filkemp.com\/es\/wp-content\/uploads\/2018\/08\/quemsomos32.jpg?id=3318) !important;}&#8221;][vc_column][\/vc_column][\/vc_row][vc_row equal_height=&#8221;yes&#8221; content_placement=&#8221;middle&#8221; columns_height=&#8221;adjust_cols_height&#8221; el_class=&#8221;onhomebox&#8221;][vc_column css=&#8221;.vc_custom_1535557987234{background-position: center !important;background-repeat: no-repeat !important;background-size: cover !important;}&#8221; offset=&#8221;vc_col-md-offset-0 vc_col-sm-offset-0&#8243; el_class=&#8221;on-text-block&#8221;][vc_column_text] Filkemp Ind\u00fastria de Filamentos, SA naci\u00f3 en 1998 de un spin-off\u00a0del departamento de monofilamentos de la subsidiaria portuguesa de la multinacional Hoechst AG, creada en la d\u00e9cada de 1970 bajo el paraguas de dicha empresa, [&hellip;]<\/p>\n","protected":false},"author":1,"featured_media":0,"parent":0,"menu_order":0,"comment_status":"closed","ping_status":"closed","template":"page-full-width.php","meta":{"footnotes":""},"_links":{"self":[{"href":"https:\/\/filkemp.com\/es\/wp-json\/wp\/v2\/pages\/3045"}],"collection":[{"href":"https:\/\/filkemp.com\/es\/wp-json\/wp\/v2\/pages"}],"about":[{"href":"https:\/\/filkemp.com\/es\/wp-json\/wp\/v2\/types\/page"}],"author":[{"embeddable":true,"href":"https:\/\/filkemp.com\/es\/wp-json\/wp\/v2\/users\/1"}],"replies":[{"embeddable":true,"href":"https:\/\/filkemp.com\/es\/wp-json\/wp\/v2\/comments?post=3045"}],"version-history":[{"count":6,"href":"https:\/\/filkemp.com\/es\/wp-json\/wp\/v2\/pages\/3045\/revisions"}],"predecessor-version":[{"id":3790,"href":"https:\/\/filkemp.com\/es\/wp-json\/wp\/v2\/pages\/3045\/revisions\/3790"}],"wp:attachment":[{"href":"https:\/\/filkemp.com\/es\/wp-json\/wp\/v2\/media?parent=3045"}],"curies":[{"name":"wp","href":"https:\/\/api.w.org\/{rel}","templated":true}]}}