{"id":3116,"date":"2018-08-03T08:47:08","date_gmt":"2018-08-03T08:47:08","guid":{"rendered":"https:\/\/filkemp.com\/es\/?page_id=3116"},"modified":"2018-08-30T15:37:44","modified_gmt":"2018-08-30T15:37:44","slug":"filamentos-tecnicos","status":"publish","type":"page","link":"https:\/\/filkemp.com\/es\/filamentos-tecnicos\/","title":{"rendered":"\u00c1reas De Neg\u00f3cio &#8211; Filamentos T\u00e9cnicos"},"content":{"rendered":"<p>[vc_row equal_height=&#8221;yes&#8221; height=&#8221;400px&#8221; css=&#8221;.vc_custom_1533286665292{background-image: url(https:\/\/filkemp.com\/es\/wp-content\/uploads\/2018\/08\/filamentos.jpg?id=2862) !important;background-position: center !important;background-repeat: no-repeat !important;background-size: cover !important;}&#8221;][vc_column][\/vc_column][\/vc_row][vc_row equal_height=&#8221;yes&#8221; content_placement=&#8221;middle&#8221; columns_height=&#8221;adjust_cols_height&#8221; el_class=&#8221;on-text-block&#8221;][vc_column css=&#8221;.vc_custom_1533290324548{margin-top: 20px !important;}&#8221;][vc_column_text el_class=&#8221;ontituloazul on_container_mobile&#8221;]<\/p>\n<h2>FILAMENTOS T\u00c9CNICOS<\/h2>\n<p>[\/vc_column_text][vc_column_text el_class=&#8221;on_container_mobile&#8221;]Filkemp es uno de los principales productores mundiales de monofilamentos, que posteriormente son transformados en telas para fabricaci\u00f3n de papel, en telas para filtraci\u00f3n industrial u otras telas t\u00e9cnicas. Se trata de un proceso productivo complejo, que requiere inversiones muy importantes y s\u00f3lo resulta rentable si funciona de forma continua, con un m\u00ednimo de paradas.<\/p>\n<p>A lo largo de los a\u00f1os, Filkemp se ha convertido en una referencia mundial en el sector, debido a la producci\u00f3n de hilos de alta resistencia a la abrasi\u00f3n y a la hidr\u00f3lisis, que pueden ser transformados en telas que funcionan en m\u00e1quinas de papel modernas de alta velocidad. Las telas de \u2018forming\u2019 (formadoras) o \u2018drying\u2019 (secadoras) hechas con el hilo Filkemp presentan una calidad y homogeneidad con caracter\u00edsticas excepcionales de aerodin\u00e1mica, estabilidad y uniformidad, incluso en perfiles complejos y en los di\u00e1metros m\u00e1s bajos.<\/p>\n<p>La calidad y la durabilidad de los productos Filkemp permiten reducir el desperdicio y los tiempos de parada en sus clientes. Adem\u00e1s, permiten reducir las intervenciones de mantenimiento y de sustituci\u00f3n de piezas en las m\u00e1quinas, lo que tiene un impacto directo en la rentabilidad y productividad de la operaci\u00f3n.[\/vc_column_text][\/vc_column][\/vc_row][vc_row equal_height=&#8221;yes&#8221; content_placement=&#8221;middle&#8221; columns_height=&#8221;adjust_cols_height&#8221; css=&#8221;.vc_custom_1535560181506{background-color: #e4e5e6 !important;}&#8221; el_class=&#8221;on-text-block&#8221;][vc_column width=&#8221;1\/2&#8243; css=&#8221;.vc_custom_1535560195936{background-position: center !important;background-repeat: no-repeat !important;background-size: cover !important;}&#8221; el_class=&#8221;onaligntop&#8221; el_id=&#8221;PMC&#8221;][vc_column_text el_class=&#8221;ontitulocinza on_container_mobile&#8221;]<\/p>\n<h2>PAPER MACHINE CLOTHING<\/h2>\n<p>[\/vc_column_text][vc_column_text el_class=&#8221;on_container_mobile&#8221;]Filkemp cuenta con una gran experiencia en la producci\u00f3n de hilos para Telas secadoras, con diversos niveles de resistencia a la hidr\u00f3lisis y abrasi\u00f3n. El dise\u00f1o preciso y aerodin\u00e1mico de los hilos en perfil para telas permite la estabilidad de las telas a altas velocidades, lo que hace que seamos una empresa de referencia en los perfiles con medidas y dise\u00f1os m\u00e1s exigentes.<\/p>\n<p>A lo largo de los a\u00f1os, Filkemp ha consolidado su reputaci\u00f3n a nivel de la estabilidad qu\u00edmica y dimensional de sus hilos para secadoras, convirti\u00e9ndose en un proveedor de referencia global. Nuestro surtido incluye asimismo Hilos PET para Forming en di\u00e1metros por encima de 0,25mm, con excelente estabilidad dimensional en urdimbre y trama.[\/vc_column_text][\/vc_column][vc_column width=&#8221;1\/2&#8243; css=&#8221;.vc_custom_1535560188433{background-position: center !important;background-repeat: no-repeat !important;background-size: cover !important;}&#8221; el_class=&#8221;onaligntop&#8221; el_id=&#8221;TelasIndustriais&#8221;][vc_column_text el_class=&#8221;ontitulocinza on_container_mobile&#8221;]<\/p>\n<h2 class=\"NegociosTitulos\">TELAS INDUSTRIALES<\/h2>\n<p>[\/vc_column_text][vc_column_text el_class=&#8221;onaligntop on_container_mobile&#8221;]La entrada de Filkemp en el mercado de los hilos t\u00e9cnicos se produjo el a\u00f1o 2000 con el hilo de filtraci\u00f3n industrial y cintas transportadoras. Desde entonces, el producto ha experimentado un crecimiento s\u00f3lido y continuo, sin\u00f3nimo de su fiabilidad y estabilidad, lo que sit\u00faa a Filkemp entre los mayores y m\u00e1s reputados proveedores de hilos para telas t\u00e9cnicas de di\u00e1metros gruesos en Europa. Esta evoluci\u00f3n nos ha permitido extender la oferta de soluciones a la industria alimentaria. Actualmente, la aposta se centra en el desarrollo de nuevas soluciones para hilos conductivos.[\/vc_column_text][\/vc_column][\/vc_row][vc_row equal_height=&#8221;yes&#8221; content_placement=&#8221;middle&#8221; columns_height=&#8221;adjust_cols_height&#8221; el_class=&#8221;on-text-block&#8221;][vc_column width=&#8221;1\/2&#8243; css=&#8221;.vc_custom_1535560267246{background-position: center !important;background-repeat: no-repeat !important;background-size: cover !important;}&#8221; el_class=&#8221;onaligntop&#8221; el_id=&#8221;MangueirasGuias&#8221;][vc_column_text el_class=&#8221;ontitulocinza on_container_mobile&#8221;]<\/p>\n<h2 class=\"NegociosTitulos\">MANGUERAS Y GU\u00cdAS<\/h2>\n<p>[\/vc_column_text][vc_column_text el_class=&#8221;on_container_mobile&#8221;]Para el refuerzo de la estructura de mangueras semirr\u00edgidas para incendios es esencial un hilo fuerte y estable, con buena resistencia a la ruptura, con objeto de dar respuesta al alto nivel de exigencia de las especificaciones t\u00e9cnicas de esas mangueras en varios pa\u00edses de Europa. Lo mismo sucede en los llamados cables gu\u00eda, para tubos corrugados.[\/vc_column_text][\/vc_column][vc_column width=&#8221;1\/2&#8243; css=&#8221;.vc_custom_1535560259737{background-position: center !important;background-repeat: no-repeat !important;background-size: cover !important;}&#8221;][vc_single_image image=&#8221;2863&#8243; img_size=&#8221;large&#8221; alignment=&#8221;center&#8221;][\/vc_column][\/vc_row]<\/p>\n","protected":false},"excerpt":{"rendered":"<p>[vc_row equal_height=&#8221;yes&#8221; height=&#8221;400px&#8221; css=&#8221;.vc_custom_1533286665292{background-image: url(https:\/\/filkemp.com\/es\/wp-content\/uploads\/2018\/08\/filamentos.jpg?id=2862) !important;background-position: center !important;background-repeat: no-repeat !important;background-size: cover !important;}&#8221;][vc_column][\/vc_column][\/vc_row][vc_row equal_height=&#8221;yes&#8221; content_placement=&#8221;middle&#8221; columns_height=&#8221;adjust_cols_height&#8221; el_class=&#8221;on-text-block&#8221;][vc_column css=&#8221;.vc_custom_1533290324548{margin-top: 20px !important;}&#8221;][vc_column_text el_class=&#8221;ontituloazul on_container_mobile&#8221;] FILAMENTOS T\u00c9CNICOS [\/vc_column_text][vc_column_text el_class=&#8221;on_container_mobile&#8221;]Filkemp es uno de los principales productores mundiales de monofilamentos, que posteriormente son transformados en telas para fabricaci\u00f3n de papel, en telas para filtraci\u00f3n industrial u otras telas t\u00e9cnicas. Se trata [&hellip;]<\/p>\n","protected":false},"author":1,"featured_media":0,"parent":0,"menu_order":0,"comment_status":"closed","ping_status":"closed","template":"page-full-width.php","meta":{"footnotes":""},"_links":{"self":[{"href":"https:\/\/filkemp.com\/es\/wp-json\/wp\/v2\/pages\/3116"}],"collection":[{"href":"https:\/\/filkemp.com\/es\/wp-json\/wp\/v2\/pages"}],"about":[{"href":"https:\/\/filkemp.com\/es\/wp-json\/wp\/v2\/types\/page"}],"author":[{"embeddable":true,"href":"https:\/\/filkemp.com\/es\/wp-json\/wp\/v2\/users\/1"}],"replies":[{"embeddable":true,"href":"https:\/\/filkemp.com\/es\/wp-json\/wp\/v2\/comments?post=3116"}],"version-history":[{"count":5,"href":"https:\/\/filkemp.com\/es\/wp-json\/wp\/v2\/pages\/3116\/revisions"}],"predecessor-version":[{"id":3599,"href":"https:\/\/filkemp.com\/es\/wp-json\/wp\/v2\/pages\/3116\/revisions\/3599"}],"wp:attachment":[{"href":"https:\/\/filkemp.com\/es\/wp-json\/wp\/v2\/media?parent=3116"}],"curies":[{"name":"wp","href":"https:\/\/api.w.org\/{rel}","templated":true}]}}