{"id":3123,"date":"2018-08-03T08:56:44","date_gmt":"2018-08-03T08:56:44","guid":{"rendered":"https:\/\/filkemp.com\/es\/?page_id=3123"},"modified":"2018-10-18T14:37:02","modified_gmt":"2018-10-18T14:37:02","slug":"pesca-industrial","status":"publish","type":"page","link":"https:\/\/filkemp.com\/es\/pesca-industrial\/","title":{"rendered":"\u00c1reas De Neg\u00f3cio &#8211; Pesca industrial"},"content":{"rendered":"<p>[vc_row equal_height=&#8221;yes&#8221; height=&#8221;400px&#8221; css=&#8221;.vc_custom_1539873418771{background-image: url(https:\/\/filkemp.com\/es\/wp-content\/uploads\/2018\/08\/pesca3.jpg?id=3473) !important;background-position: center !important;background-repeat: no-repeat !important;background-size: cover !important;}&#8221;][vc_column][\/vc_column][\/vc_row][vc_row equal_height=&#8221;yes&#8221; content_placement=&#8221;middle&#8221; columns_height=&#8221;adjust_cols_height&#8221; el_class=&#8221;on-text-block&#8221;][vc_column][vc_column_text el_class=&#8221;ontituloazul&#8221;]<\/p>\n<h2>PESCA INDUSTRIAL E FIOS PARA CABOS MAR\u00cdTIMOS<\/h2>\n<p>[\/vc_column_text][vc_column_text]Algunos de los productos m\u00e1s antiguos en la historia de Filkemp son los filamentos de poliamida de elevado di\u00e1metro. Producidos con el saber hacer acumulado de muchos a\u00f1os, que garantiza una inigualable uniformidad del producto y un grado de ovalidad del di\u00e1metro muy reducido, son productos de referencia en el mercado.<\/p>\n<p>Estos hilos tienen aplicaci\u00f3n sobre todo en la pesca industrial como l\u00ednea madre, tanto en la t\u00e9cnica de pesca por\u00a0<i>long-line<\/i>\u00a0(sistema americano) como en el sistema de palangre (sistema manual).<\/p>\n<p>Otros ejemplos de aplicaciones alternativas son los cabos de amarre, hilos agr\u00edcolas e filamentos de refuerzo para barreras ac\u00fasticas acr\u00edlicas.[\/vc_column_text][\/vc_column][\/vc_row][vc_row equal_height=&#8221;yes&#8221; content_placement=&#8221;middle&#8221; columns_height=&#8221;adjust_cols_height&#8221; el_id=&#8221;inovacao&#8221; css=&#8221;.vc_custom_1535561098350{background-color: #e4e5e6 !important;}&#8221; el_class=&#8221;on-text-block&#8221;][vc_column width=&#8221;1\/2&#8243; css=&#8221;.vc_custom_1535561147836{background-position: center !important;background-repeat: no-repeat !important;background-size: cover !important;}&#8221; el_class=&#8221;onaligntop&#8221; el_id=&#8221;Long-Line&#8221;][vc_column_text el_class=&#8221;ontitulocinza&#8221;]<\/p>\n<h2 class=\"NegociosTitulos\">PALANGRE PESCA ALTURA<\/h2>\n<p>[\/vc_column_text][vc_column_text]El Palangre americano (Long-Line), o autom\u00e1tico, se utiliza en la pesca de superficie de pez espada y at\u00fan en \u2018Bob\u2019 con l\u00ednea madre (F562) de 3,5 y 30NM (55 Km). La carga y el estr\u00e9s sobre este hilo de 3,00mm y 4,00mm, al ser tirado de vuelta al halador, exigen una resistencia enorme a la ruptura, pero tambi\u00e9n a la deformaci\u00f3n y al estiramiento. Nuestra f\u00e1brica fue una de las pioneras en el desarrollo de hilos espec\u00edficos para Long-Line en EEUU, donde apareci\u00f3 inicialmente el sistema, y m\u00e1s tarde tambi\u00e9n en Europa. Filkemp ha desarrollado igualmente brazoladas (F593) de elevada resistencia a la ruptura, que a\u00fanan a una excelente maleabilidad y elasticidad.[\/vc_column_text][\/vc_column][vc_column width=&#8221;1\/2&#8243; css=&#8221;.vc_custom_1535561152135{background-position: center !important;background-repeat: no-repeat !important;background-size: cover !important;}&#8221; el_class=&#8221;onaligntop&#8221; el_id=&#8221;PalangreTradicional&#8221;][vc_column_text el_class=&#8221;ontitulocinza&#8221;]<\/p>\n<h2 class=\"NegociosTitulos\">PALANGRE TRADICIONAL<\/h2>\n<p>[\/vc_column_text][vc_column_text]En el Palangre tradicional, usado en la pesca de bajura y de fondo, la l\u00ednea madre (1,40-3,00mm) se enrolla cuidadosamente en cestas con 500 metros de hilo. Resulta crucial que el hilo se encame bien y sin torsiones antes y despu\u00e9s de ser utilizado. El hilo F563 es el resultado de muchos a\u00f1os de perfeccionamiento en cooperaci\u00f3n con los m\u00e1s experimentados pescadores gallegos, hasta llegar al alto rendimiento que presenta hoy. Las brazoladas F543 y F522 (0,60-1,10mm) deben tener una buena combinaci\u00f3n de estabilidad y elasticidad para permitir m\u00faltiples utilizaciones. Tambi\u00e9n en este caso, Filkemp ha invertido en el perfeccionamiento continuo de varias combinaciones de pol\u00edmeros, para optimizaci\u00f3n del rendimiento de pesca.[\/vc_column_text][\/vc_column][\/vc_row][vc_row equal_height=&#8221;yes&#8221; content_placement=&#8221;middle&#8221; columns_height=&#8221;adjust_cols_height&#8221; el_class=&#8221;on-text-block&#8221;][vc_column width=&#8221;1\/2&#8243; css=&#8221;.vc_custom_1535561207939{background-position: center !important;background-repeat: no-repeat !important;background-size: cover !important;}&#8221; el_class=&#8221;onaligntop&#8221; el_id=&#8221;CabosGuias&#8221;][vc_column_text el_class=&#8221;ontitulocinza&#8221;]<\/p>\n<h2 class=\"NegociosTitulos\">CABLES AND GUIDE FILAMENTS<\/h2>\n<p>[\/vc_column_text][vc_column_text]Los cabos de amarre para barcos de gran porte son producidos trenzando m\u00faltiples monofilamentos de alta viscosidad y resistencia con las llamadas superfibras. El resultado es un cabo muy fuerte, con dimensiones variadas en funci\u00f3n de la aplicaci\u00f3n final. Nuestro hilo F580 es uno de los art\u00edculos m\u00e1s antiguos y estables al permitir una resistencia de cabo superior con elasticidad adecuada y funcionamiento duradero, sin rupturas. Tambi\u00e9n en este caso, las presentaciones van desde las tradicionales madejas hasta los tambores de madera de 10-20NM. Las madejas normalmente se utilizan para otras aplicaciones, destacando cabos gu\u00eda en Nylon, en la Agricultura y en estructuras de protecci\u00f3n para animales y estructuras de acr\u00edlico para protecci\u00f3n sonora.[\/vc_column_text][\/vc_column][vc_column width=&#8221;1\/2&#8243; css=&#8221;.vc_custom_1535561169516{background-position: center !important;background-repeat: no-repeat !important;background-size: cover !important;}&#8221;][vc_single_image image=&#8221;3648&#8243; img_size=&#8221;large&#8221; alignment=&#8221;center&#8221;][\/vc_column][\/vc_row]<\/p>\n","protected":false},"excerpt":{"rendered":"<p>[vc_row equal_height=&#8221;yes&#8221; height=&#8221;400px&#8221; css=&#8221;.vc_custom_1539873418771{background-image: url(https:\/\/filkemp.com\/es\/wp-content\/uploads\/2018\/08\/pesca3.jpg?id=3473) !important;background-position: center !important;background-repeat: no-repeat !important;background-size: cover !important;}&#8221;][vc_column][\/vc_column][\/vc_row][vc_row equal_height=&#8221;yes&#8221; content_placement=&#8221;middle&#8221; columns_height=&#8221;adjust_cols_height&#8221; el_class=&#8221;on-text-block&#8221;][vc_column][vc_column_text el_class=&#8221;ontituloazul&#8221;] PESCA INDUSTRIAL E FIOS PARA CABOS MAR\u00cdTIMOS [\/vc_column_text][vc_column_text]Algunos de los productos m\u00e1s antiguos en la historia de Filkemp son los filamentos de poliamida de elevado di\u00e1metro. Producidos con el saber hacer acumulado de muchos a\u00f1os, que garantiza una [&hellip;]<\/p>\n","protected":false},"author":1,"featured_media":0,"parent":0,"menu_order":0,"comment_status":"closed","ping_status":"closed","template":"page-full-width.php","meta":{"footnotes":""},"_links":{"self":[{"href":"https:\/\/filkemp.com\/es\/wp-json\/wp\/v2\/pages\/3123"}],"collection":[{"href":"https:\/\/filkemp.com\/es\/wp-json\/wp\/v2\/pages"}],"about":[{"href":"https:\/\/filkemp.com\/es\/wp-json\/wp\/v2\/types\/page"}],"author":[{"embeddable":true,"href":"https:\/\/filkemp.com\/es\/wp-json\/wp\/v2\/users\/1"}],"replies":[{"embeddable":true,"href":"https:\/\/filkemp.com\/es\/wp-json\/wp\/v2\/comments?post=3123"}],"version-history":[{"count":5,"href":"https:\/\/filkemp.com\/es\/wp-json\/wp\/v2\/pages\/3123\/revisions"}],"predecessor-version":[{"id":3650,"href":"https:\/\/filkemp.com\/es\/wp-json\/wp\/v2\/pages\/3123\/revisions\/3650"}],"wp:attachment":[{"href":"https:\/\/filkemp.com\/es\/wp-json\/wp\/v2\/media?parent=3123"}],"curies":[{"name":"wp","href":"https:\/\/api.w.org\/{rel}","templated":true}]}}