{"id":3130,"date":"2018-08-03T08:59:45","date_gmt":"2018-08-03T08:59:45","guid":{"rendered":"https:\/\/filkemp.com\/es\/?page_id=3130"},"modified":"2018-08-30T15:56:47","modified_gmt":"2018-08-30T15:56:47","slug":"cerdas","status":"publish","type":"page","link":"https:\/\/filkemp.com\/es\/cerdas\/","title":{"rendered":"\u00c1reas De Neg\u00f3cio &#8211; Monofilamentos abrasivos"},"content":{"rendered":"<p>[vc_row equal_height=&#8221;yes&#8221; height=&#8221;400px&#8221; css=&#8221;.vc_custom_1533286981700{background-image: url(https:\/\/filkemp.com\/es\/wp-content\/uploads\/2018\/08\/cerdas-1.jpg?id=3136) !important;background-position: center !important;background-repeat: no-repeat !important;background-size: cover !important;}&#8221;][vc_column][\/vc_column][\/vc_row][vc_row equal_height=&#8221;yes&#8221; content_placement=&#8221;middle&#8221; columns_height=&#8221;adjust_cols_height&#8221; el_class=&#8221;on-text-block&#8221;][vc_column][vc_column_text el_class=&#8221;ontituloazul&#8221;]<\/p>\n<h2>FILAMENTOS ABRASIVOS DE ELEVADA CALIDAD<\/h2>\n<p>[\/vc_column_text][vc_column_text]Filkemp produce desde 2011 filamentos abrasivos a partir de PA6, PA 6.10 y PA 6.12, utilizados en accesorios de herramientas de pulido, limpieza y desbaste, a nivel mundial. Estos termopl\u00e1sticos abrasivos tienen aplicaciones en una amplia gama de industrias, como la del autom\u00f3vil, metalmec\u00e1nica, textil, m\u00e1rmoles y piedras decorativas, adem\u00e1s de la limpieza de pavimentos y aplicaciones especiales.<\/p>\n<p>El medio ambiente en que funciona cada producto (humedad, temperatura de trabajo o presi\u00f3n aplicada, por ejemplo), as\u00ed como las especificaciones t\u00e9cnicas requeridas (rigidez del filamento, resistencia t\u00e9rmica y qu\u00edmica, tipo, di\u00e1metro y grano) son determinantes para la elecci\u00f3n m\u00e1s indicada de la materia prima y los respectivos estabilizadores.[\/vc_column_text][\/vc_column][\/vc_row][vc_row equal_height=&#8221;yes&#8221; content_placement=&#8221;middle&#8221; columns_height=&#8221;adjust_cols_height&#8221; css=&#8221;.vc_custom_1535559337380{background-color: #e4e5e6 !important;}&#8221; el_class=&#8221;on-text-block&#8221;][vc_column width=&#8221;1\/2&#8243; css=&#8221;.vc_custom_1535559344986{background-position: center !important;background-repeat: no-repeat !important;background-size: cover !important;}&#8221; el_class=&#8221;onaligntop&#8221;][vc_column_text]<\/p>\n<h4 class=\"cerdas-subtitulo\">Ofrecemos diversos tipos de producto, de acuerdo con las exigencias de cada aplicaci\u00f3n:<\/h4>\n<p>\u2022 Productos econ\u00f3micos &#8211; Para aplicaciones menos exigentes, donde el precio es un factor importante (ejemplo FilValue)<\/p>\n<p>\u2022 Productos est\u00e1ndar &#8211; Con la mejor ratio calidad \/ precio (ejemplo FilBrasiv, FilTech o FilStab)<\/p>\n<p>\u2022 Productos especiales &#8211; Para aplicaciones m\u00e1s exigentes, donde se exigen caracter\u00edsticas espec\u00edficas:<\/p>\n<p>\u2022 Resistencia a qu\u00edmicos y a deposici\u00f3n de pol\u00edmero (FilXtra),<\/p>\n<p>\u2022 Elevado contenido de grano para mayor capacidad de desbaste y pulido (FilDur),<\/p>\n<p>\u2022 Resistencia t\u00e9rmica adicional (FilHeat o FilHeat HT)[\/vc_column_text][\/vc_column][vc_column width=&#8221;1\/2&#8243; css=&#8221;.vc_custom_1535559352544{background-position: center !important;background-repeat: no-repeat !important;background-size: cover !important;}&#8221;][vc_single_image image=&#8221;3137&#8243; img_size=&#8221;large&#8221; alignment=&#8221;center&#8221;][\/vc_column][\/vc_row][vc_row equal_height=&#8221;yes&#8221; content_placement=&#8221;middle&#8221; columns_height=&#8221;adjust_cols_height&#8221; el_id=&#8221;inovacao&#8221; el_class=&#8221;on-text-block&#8221;][vc_column width=&#8221;1\/2&#8243; css=&#8221;.vc_custom_1535559424212{background-position: center !important;background-repeat: no-repeat !important;background-size: cover !important;}&#8221; el_id=&#8221;CerdasAbrasivas&#8221;][vc_column_text el_class=&#8221;ontitulocinza&#8221;]<\/p>\n<h2 class=\"NegociosTitulos\">TIPOS DE GRANO ABRASIVO<\/h2>\n<p>[\/vc_column_text][vc_column_text]\u2022 SiC &#8211; Carburo de silicio: Es el grano abrasivo m\u00e1s utilizado, debido a su buena capacidad de desbaste y pulido, buena durabilidad y bajo coste. Disponible en las dimensiones F036 &#8211; F1000.<\/p>\n<p>\u2022 GSiC &#8211; Carburo de silicio verde: M\u00e1s quebradizo que el SiC, de forma que presenta una mayor capacidad de desgaste, pero menos tiempo de vida. Disponible en las dimensiones F046 &#8211; F320.<\/p>\n<p>\u2022 KK \u2013 Cer\u00e1mico: Muy quebradizo, con elevada capacidad de desbaste y pulido, pero tiempo de vida corto. Disponible en las dimensiones F046 &#8211; F500.<\/p>\n<p>\u2022 D &#8211; Diamante: Excelente capacidad de desbaste y pulido, tiempo de vida muy largo, pero un precio m\u00e1s elevado. Disponible en las dimensiones F030\/40 &#8211; F3500.<\/p>\n<p>\u2022 AO &#8211; \u00d3xido de aluminio: Suave, especialmente adecuado para pulido y aplicaciones textiles. Disponible en blanco, natural y rosa, en las dimensiones F046 &#8211; F1000.<\/p>\n<p>\u2022 Adem\u00e1s, hay otros tipos de grano abrasivo disponibles bajo consulta, como por ejemplo \u00f3xido de zirconio, grano cer\u00e1mico modificado o grano diamante niquelado.[\/vc_column_text][\/vc_column][vc_column width=&#8221;1\/2&#8243; css=&#8221;.vc_custom_1535559416651{background-position: center !important;background-repeat: no-repeat !important;background-size: cover !important;}&#8221; el_class=&#8221;onaligntop&#8221; el_id=&#8221;CerdasNaoAbrasivas&#8221;][vc_column_text el_class=&#8221;ontitulocinza&#8221;]<\/p>\n<h2 class=\"NegociosTitulos\">MATERIAS PRIMAS \/ TIPOS DE PRODUCTO<\/h2>\n<p>[\/vc_column_text][vc_column_text]La mayor\u00eda de los productos est\u00e1 disponible en PA6, PA6.10 y PA6.12, de acuerdo con las condiciones de trabajo. La poliamida 6 o nylon 6 (PA6) se emplea para aplicaciones en seco, mientras que las PA6.10 y PA6.12 suelen ser utilizadas para aplicaciones en medio h\u00famedo. La PA6.10 tiene la ventaja de tener un punto de fusi\u00f3n ligeramente m\u00e1s alto. La PA6.12, por su parte, presenta como ventaja una tasa de absorci\u00f3n de agua ligeramente inferior.[\/vc_column_text][\/vc_column][\/vc_row][vc_row equal_height=&#8221;yes&#8221; content_placement=&#8221;middle&#8221; columns_height=&#8221;adjust_cols_height&#8221; css=&#8221;.vc_custom_1535559508234{background-color: #e4e5e6 !important;}&#8221; el_class=&#8221;on-text-block&#8221;][vc_column][vc_column_text el_class=&#8221;ontitulocinza&#8221;]<\/p>\n<h2 class=\"NegociosTitulos Espa\u00e7amentoFundo\">FILAMENTOS A MEDIDA DE LAS NECESIDADES<\/h2>\n<p>[\/vc_column_text][vc_column_text]<\/p>\n<div class=\"DuasColunas Espa\u00e7amentoFundo\">\n<p>Filkemp ofrece opciones personalizadas, tales como:<\/p>\n<p>\u2022 Filamento perfilado o redondo<\/p>\n<p>\u2022 Grano abrasivo de dimensi\u00f3n 36 hasta 3500, dependiendo del tipo de grano<\/p>\n<p>\u2022 Di\u00e1metros de 0.25 mm a 3.00 mm<\/p>\n<p>\u2022 Cortes de 44 mm a toros de 1405 mm, o bobinas &#8211; con uno o m\u00faltiples filamentos<\/p>\n<p>\u2022 Acabado ondulado o no ondulado<\/p>\n<p>\u2022 Gran variedad de colores<\/p>\n<p>\u2022 Con o sin encerado<\/p>\n<p>&nbsp;<\/p>\n<\/div>\n<p>Ponemos tambi\u00e9n a disposici\u00f3n de los clientes nuestros recursos de laboratorio, con objeto de adaptar los productos a las necesidades individuales de cada cliente.[\/vc_column_text][\/vc_column][\/vc_row]<\/p>\n","protected":false},"excerpt":{"rendered":"<p>[vc_row equal_height=&#8221;yes&#8221; height=&#8221;400px&#8221; css=&#8221;.vc_custom_1533286981700{background-image: url(https:\/\/filkemp.com\/es\/wp-content\/uploads\/2018\/08\/cerdas-1.jpg?id=3136) !important;background-position: center !important;background-repeat: no-repeat !important;background-size: cover !important;}&#8221;][vc_column][\/vc_column][\/vc_row][vc_row equal_height=&#8221;yes&#8221; content_placement=&#8221;middle&#8221; columns_height=&#8221;adjust_cols_height&#8221; el_class=&#8221;on-text-block&#8221;][vc_column][vc_column_text el_class=&#8221;ontituloazul&#8221;] FILAMENTOS ABRASIVOS DE ELEVADA CALIDAD [\/vc_column_text][vc_column_text]Filkemp produce desde 2011 filamentos abrasivos a partir de PA6, PA 6.10 y PA 6.12, utilizados en accesorios de herramientas de pulido, limpieza y desbaste, a nivel mundial. Estos termopl\u00e1sticos abrasivos tienen aplicaciones [&hellip;]<\/p>\n","protected":false},"author":1,"featured_media":0,"parent":0,"menu_order":0,"comment_status":"closed","ping_status":"closed","template":"page-full-width.php","meta":{"footnotes":""},"_links":{"self":[{"href":"https:\/\/filkemp.com\/es\/wp-json\/wp\/v2\/pages\/3130"}],"collection":[{"href":"https:\/\/filkemp.com\/es\/wp-json\/wp\/v2\/pages"}],"about":[{"href":"https:\/\/filkemp.com\/es\/wp-json\/wp\/v2\/types\/page"}],"author":[{"embeddable":true,"href":"https:\/\/filkemp.com\/es\/wp-json\/wp\/v2\/users\/1"}],"replies":[{"embeddable":true,"href":"https:\/\/filkemp.com\/es\/wp-json\/wp\/v2\/comments?post=3130"}],"version-history":[{"count":5,"href":"https:\/\/filkemp.com\/es\/wp-json\/wp\/v2\/pages\/3130\/revisions"}],"predecessor-version":[{"id":3601,"href":"https:\/\/filkemp.com\/es\/wp-json\/wp\/v2\/pages\/3130\/revisions\/3601"}],"wp:attachment":[{"href":"https:\/\/filkemp.com\/es\/wp-json\/wp\/v2\/media?parent=3130"}],"curies":[{"name":"wp","href":"https:\/\/api.w.org\/{rel}","templated":true}]}}