{"id":3163,"date":"2018-08-03T09:34:40","date_gmt":"2018-08-03T09:34:40","guid":{"rendered":"https:\/\/filkemp.com\/es\/?page_id=3163"},"modified":"2018-08-30T16:05:21","modified_gmt":"2018-08-30T16:05:21","slug":"desporto","status":"publish","type":"page","link":"https:\/\/filkemp.com\/es\/desporto\/","title":{"rendered":"\u00c1reas De Neg\u00f3cio &#8211; Deporte"},"content":{"rendered":"<p>[vc_row equal_height=&#8221;yes&#8221; height=&#8221;400px&#8221; css=&#8221;.vc_custom_1533743546741{background-image: url(https:\/\/filkemp.com\/es\/wp-content\/uploads\/2018\/08\/desporto-2.jpg?id=3299) !important;background-position: center !important;background-repeat: no-repeat !important;background-size: cover !important;}&#8221;][vc_column][\/vc_column][\/vc_row][vc_row equal_height=&#8221;yes&#8221; content_placement=&#8221;middle&#8221; columns_height=&#8221;adjust_cols_height&#8221; el_class=&#8221;on-text-block&#8221;][vc_column][vc_column_text el_class=&#8221;ontituloazul&#8221;]<\/p>\n<h2 class=\"NegociosTituloPrincipal\">DEPORTE<\/h2>\n<h2><\/h2>\n<p>[\/vc_column_text][vc_column_text]Filkemp es uno de los mayores productores europeos de hilos de pesca deportiva de mar y agua dulce. Nuestros hilos han proporcionado a sus usuarios varios records homologados por la IGFA (International Game Fishing Association) en la pesca de mar, tanto de fondo como de superficie. En 2013, por ejemplo, vencieron el BassMaster Classics, principal torneo mundial de pesca de perca americana (Cliff Pace), y en 2015 brillaron con Casey Ashley en la pesca de agua dulce.<\/p>\n<p>La experiencia acumulada en hilos de Pesca Deportiva desde los a\u00f1os 50 nos permite ofrecer una amplia oferta, que empieza en el normal hilo est\u00e1ndar PA6 y Copa y comprende varias otras especialidades, incluyendo hilos de alta resistencia a la abrasi\u00f3n, bajo estiramiento, alta visibilidad, multipol\u00edmeros, baja memoria y especial surf casting.<\/p>\n<p>Haciendo uso de su experiencia en la producci\u00f3n de hilos deportivos e industriales, Filkemp lanz\u00f3 en 2015 la gama Cuerdas de Tenis, con diversos niveles de suavidad y en varios formatos para diferentes niveles de impacto y \u2018spinning\u2019. Esta gama se destina tanto al mercado de iniciaci\u00f3n como al mercado de competici\u00f3n m\u00e1s exigente.[\/vc_column_text][\/vc_column][\/vc_row][vc_row equal_height=&#8221;yes&#8221; content_placement=&#8221;middle&#8221; columns_height=&#8221;adjust_cols_height&#8221; el_id=&#8221;inovacao&#8221; css=&#8221;.vc_custom_1535559941807{background-color: #e4e5e6 !important;}&#8221; el_class=&#8221;on-text-block&#8221;][vc_column width=&#8221;1\/2&#8243; css=&#8221;.vc_custom_1535559958657{background-position: center !important;background-repeat: no-repeat !important;background-size: cover !important;}&#8221; el_id=&#8221;PescaDesportiva&#8221;][vc_column_text el_class=&#8221;ontitulocinza&#8221;]<\/p>\n<h2 class=\"NegociosTitulos\">PESCA DEPORTIVA<\/h2>\n<p>[\/vc_column_text][vc_column_text]Las gamas para mar y agua dulce dependen esencialmente de la combinaci\u00f3n de di\u00e1metros, elasticidad y colores solicitados. En este sentido, adem\u00e1s de las caracter\u00edsticas t\u00e9cnicas adecuadas a las m\u00e1s variadas aplicaciones, Filkemp ofrece un enorme abanico de colores y multicolores, en varios formatos, larguras y bobinas, as\u00ed como diferentes niveles de elasticidad, del \u2018low memory\u2019 (extremadamente suave y sin enroscarse en el carrete), al \u2018low stretch\u2019 para a pesca de fondo, donde es importante la alta sensibilidad al toque. Filkemp ha desarrollado tambi\u00e9n una gama de hilos especiales para casting (F489), que permiten lanzamientos un 50% m\u00e1s largos debido a su superficie muy lisa y a la baja fricci\u00f3n. \u200b[\/vc_column_text][\/vc_column][vc_column width=&#8221;1\/2&#8243; css=&#8221;.vc_custom_1535559951305{background-position: center !important;background-repeat: no-repeat !important;background-size: cover !important;}&#8221; el_class=&#8221;onaligntop&#8221; el_id=&#8221;Cordastenis&#8221;][vc_column_text el_class=&#8221;ontitulocinza&#8221;]<\/p>\n<h2 class=\"NegociosTitulos\">CUERDAS DE TENIS<\/h2>\n<p>[\/vc_column_text][vc_column_text]La experiencia en diferentes tipos de materiales y de tecnolog\u00eda de extrusi\u00f3n hizo posible nuestra entrada en el exigente mercado de las Cuerdas de Tenis. El abanico de opciones abarca desde cuerdas m\u00e1s suaves y el\u00e1sticas para iniciaci\u00f3n de ni\u00f1os, con alto nivel de durabilidad, hasta cuerdas de competici\u00f3n, con altos niveles de performance en cuanto a resistencia al impacto y\/o rotaci\u00f3n. \u00bfEl\u00e1stica y suave, o m\u00e1s dura con golpeo fuerte y dirigido? \u00bfPerfilada o rugosa para permitir el mejor &#8216;spinning&#8217; y colocaci\u00f3n de pelota? Las elecciones t\u00e9cnicas, subyacentes a las diversas categor\u00edas y niveles de tenis tienen respuesta en las diversas tipolog\u00edas ofrecidas por Filkemp.[\/vc_column_text][\/vc_column][\/vc_row][vc_row equal_height=&#8221;yes&#8221; height=&#8221;600px&#8221; css=&#8221;.vc_custom_1535452557733{background-image: url(https:\/\/filkemp.com\/es\/wp-content\/uploads\/2018\/08\/desporto3.jpg?id=3475) !important;background-position: center !important;background-repeat: no-repeat !important;background-size: cover !important;}&#8221;][vc_column][\/vc_column][\/vc_row]<\/p>\n","protected":false},"excerpt":{"rendered":"<p>[vc_row equal_height=&#8221;yes&#8221; height=&#8221;400px&#8221; css=&#8221;.vc_custom_1533743546741{background-image: url(https:\/\/filkemp.com\/es\/wp-content\/uploads\/2018\/08\/desporto-2.jpg?id=3299) !important;background-position: center !important;background-repeat: no-repeat !important;background-size: cover !important;}&#8221;][vc_column][\/vc_column][\/vc_row][vc_row equal_height=&#8221;yes&#8221; content_placement=&#8221;middle&#8221; columns_height=&#8221;adjust_cols_height&#8221; el_class=&#8221;on-text-block&#8221;][vc_column][vc_column_text el_class=&#8221;ontituloazul&#8221;] DEPORTE [\/vc_column_text][vc_column_text]Filkemp es uno de los mayores productores europeos de hilos de pesca deportiva de mar y agua dulce. Nuestros hilos han proporcionado a sus usuarios varios records homologados por la IGFA (International Game Fishing Association) en la [&hellip;]<\/p>\n","protected":false},"author":1,"featured_media":0,"parent":0,"menu_order":0,"comment_status":"closed","ping_status":"closed","template":"page-full-width.php","meta":{"footnotes":""},"_links":{"self":[{"href":"https:\/\/filkemp.com\/es\/wp-json\/wp\/v2\/pages\/3163"}],"collection":[{"href":"https:\/\/filkemp.com\/es\/wp-json\/wp\/v2\/pages"}],"about":[{"href":"https:\/\/filkemp.com\/es\/wp-json\/wp\/v2\/types\/page"}],"author":[{"embeddable":true,"href":"https:\/\/filkemp.com\/es\/wp-json\/wp\/v2\/users\/1"}],"replies":[{"embeddable":true,"href":"https:\/\/filkemp.com\/es\/wp-json\/wp\/v2\/comments?post=3163"}],"version-history":[{"count":5,"href":"https:\/\/filkemp.com\/es\/wp-json\/wp\/v2\/pages\/3163\/revisions"}],"predecessor-version":[{"id":3602,"href":"https:\/\/filkemp.com\/es\/wp-json\/wp\/v2\/pages\/3163\/revisions\/3602"}],"wp:attachment":[{"href":"https:\/\/filkemp.com\/es\/wp-json\/wp\/v2\/media?parent=3163"}],"curies":[{"name":"wp","href":"https:\/\/api.w.org\/{rel}","templated":true}]}}