{"id":3166,"date":"2018-08-03T09:37:38","date_gmt":"2018-08-03T09:37:38","guid":{"rendered":"https:\/\/filkemp.com\/es\/?page_id=3166"},"modified":"2021-06-15T08:47:53","modified_gmt":"2021-06-15T08:47:53","slug":"impressao-3d","status":"publish","type":"page","link":"https:\/\/filkemp.com\/es\/impressao-3d\/","title":{"rendered":"\u00c1reas De Neg\u00f3cio &#8211; Impresi\u00f3n 3d"},"content":{"rendered":"<p>[vc_row equal_height=&#8221;yes&#8221; height=&#8221;400px&#8221; css=&#8221;.vc_custom_1539873281715{background-image: url(https:\/\/filkemp.com\/es\/wp-content\/uploads\/2018\/08\/3dhead.jpg?id=3461) !important;background-position: center !important;background-repeat: no-repeat !important;background-size: cover !important;}&#8221;][vc_column][\/vc_column][\/vc_row][vc_row equal_height=&#8221;yes&#8221; content_placement=&#8221;middle&#8221; columns_height=&#8221;adjust_cols_height&#8221; el_class=&#8221;on-text-block&#8221;][vc_column][vc_column_text el_class=&#8221;ontituloazul&#8221;]<\/p>\n<h2 class=\"NegociosTituloPrincipal txt_titulo_seta\">IMPRESI\u00d3N 3D<\/h2>\n<div class=\"titulo_seta\"><img loading=\"lazy\" decoding=\"async\" class=\"alignnone size-full wp-image-3264 img_seta_comprar\" src=\"https:\/\/filkemp.com\/es\/wp-content\/uploads\/2018\/08\/seta.png\" alt=\"\" width=\"45\" height=\"43\" \/><a style=\"font-weight: normal; font-size: 16px; margin-left: 10px;\" href=\"http:\/\/3dfilkemp.com\" target=\"_blank\" rel=\"noopener\">COMPRAR AQUI<\/a><\/div>\n<p>[\/vc_column_text][vc_column_text]La impresi\u00f3n 3D es una tecnolog\u00eda en que un modelo tridimensional es creado por deposici\u00f3n de sucesivas capas de material termopla\u0301stico fundido. Juguetes, fundas de tel\u00e9fono m\u00f3vil, esculturas, objetos de decoraci\u00f3n o incluso zapatos son objetos de uso dom\u00e9stico que pueden nacer por esta v\u00eda. En las aplicaciones industriales se crean prototipos, piezas para autom\u00f3viles, herramientas, instrumentos musicales, maquetas e incluso joyas. En el \u00e1rea de la salud ya es posible fabricar, casi de inmediato, pr\u00f3tesis a medida, a precios muy competitivos.<\/p>\n<p>Los materiales m\u00e1s comunes utilizados en las impresoras 3D son el Nylon y el PLA, un biopoli\u0301mero de fuente renovable. Los filamentos, generalmente comercializados en colores y con un grosor de 1,75 mm y 2.85 mm, son puestos a disposici\u00f3n en bobinas directamente utilizables en las impresoras, donde una vez introducidas dan inicio a la impresi\u00f3n de los objetos.<\/p>\n<p>Filkemp es el primer gran productor de filamentos en entrar en la industria 3D y en aportar el valor a\u00f1adido de d\u00e9cadas de experiencia en la producci\u00f3n de filamentos al cliente. Estos filamentos son los \u00fanicos en el mercado que tienen elementos lubricantes adicionados en el propio filamento en el momento de la producci\u00f3n. Este m\u00e9todo de fabricaci\u00f3n, desarrollado en exclusividad por Filkemp, garantiza la producci\u00f3n de filamentos de elevad\u00edsima calidad, capaces de garantizar al cliente la impresi\u00f3n continua.[\/vc_column_text][\/vc_column][\/vc_row][vc_row equal_height=&#8221;yes&#8221; content_placement=&#8221;middle&#8221; columns_height=&#8221;adjust_cols_height&#8221; el_id=&#8221;inovacao&#8221; css=&#8221;.vc_custom_1535560436101{background-color: #e4e5e6 !important;}&#8221; el_class=&#8221;on-text-block&#8221;][vc_column width=&#8221;1\/2&#8243; css=&#8221;.vc_custom_1535560444677{background-position: center !important;background-repeat: no-repeat !important;background-size: cover !important;}&#8221; el_class=&#8221;onaligntop&#8221; el_id=&#8221;PLAN&#8221;][vc_column_text el_class=&#8221;ontitulocinza&#8221;]<\/p>\n<h2 class=\"NegociosTitulos\">PLAN<\/h2>\n<p>[\/vc_column_text][vc_column_text]El PLA-N es un biopol\u00edmero ideal para herramientas, prototipos y aplicaciones industriales en general. Dotado de una resistencia mec\u00e1nica y t\u00e9rmica superior, este filamento posee resistencia a altas temperaturas hasta 160\u00b0 C tras el proceso de &#8216;annealing&#8217;. Da origen a piezas de alta resistencia que pueden ser maquinables. El proceso de \u2018annealing\u2019 puede efectuarse durante 10 a 15 minutos en agua hirviendo o en un horno a la temperatura de 100\u00b0 C.[\/vc_column_text][\/vc_column][vc_column width=&#8221;1\/2&#8243; css=&#8221;.vc_custom_1535642299710{background-position: center !important;background-repeat: no-repeat !important;background-size: cover !important;}&#8221; el_class=&#8221;onaligntop&#8221; el_id=&#8221;PETG&#8221;][vc_column_text el_class=&#8221;ontitulocinza&#8221;]<\/p>\n<h2 class=\"NegociosTitulos\">PET G<\/h2>\n<p>[\/vc_column_text][vc_column_text el_class=&#8221;onaligntop&#8221;]El PETG es un filamento \u2018user friendly\u2019 debido a que es de f\u00e1cil impresi\u00f3n. Con velocidades un 20% superiores en comparaci\u00f3n al PLA y dotado de una \u00f3ptima estabilidad t\u00e9rmica, permite imprimir piezas transparentes con una excelente resistencia t\u00e9rmica y mec\u00e1nica.[\/vc_column_text][\/vc_column][\/vc_row][vc_row equal_height=&#8221;yes&#8221; content_placement=&#8221;middle&#8221; columns_height=&#8221;adjust_cols_height&#8221; el_class=&#8221;on-text-block&#8221;][vc_column width=&#8221;1\/2&#8243; css=&#8221;.vc_custom_1535560510853{background-position: center !important;background-repeat: no-repeat !important;background-size: cover !important;}&#8221; el_class=&#8221;onaligntop&#8221; el_id=&#8221;Nylon&#8221;][vc_column_text el_class=&#8221;ontitulocinza&#8221;]<\/p>\n<h2 class=\"NegociosTitulos\">NYLON<\/h2>\n<p>[\/vc_column_text][vc_column_text]El Nylon Filkemp es el primer nylon de baja temperatura desarrollado para extrudir a 230\u00b0 C y de enfriamiento r\u00e1pido. Este material es ideal para modelado industrial y prototipado. Debido a su flexibilidad, este tipo de filamento produce resultados semejantes a una pieza moldeada por inyecci\u00f3n, creando piezas durables y resistentes al impacto con alta durabilidad t\u00e9rmica. El nylon prelubricado Filkemp con tecnolog\u00eda exclusiva de lubricaci\u00f3n \u2122, permite imprimir f\u00e1cilmente sin paradas.[\/vc_column_text][\/vc_column][vc_column width=&#8221;1\/2&#8243; css=&#8221;.vc_custom_1535560499056{background-position: center !important;background-repeat: no-repeat !important;background-size: cover !important;}&#8221;][vc_single_image image=&#8221;3646&#8243; img_size=&#8221;large&#8221; alignment=&#8221;center&#8221;][\/vc_column][\/vc_row]<\/p>\n","protected":false},"excerpt":{"rendered":"<p>[vc_row equal_height=&#8221;yes&#8221; height=&#8221;400px&#8221; css=&#8221;.vc_custom_1539873281715{background-image: url(https:\/\/filkemp.com\/es\/wp-content\/uploads\/2018\/08\/3dhead.jpg?id=3461) !important;background-position: center !important;background-repeat: no-repeat !important;background-size: cover !important;}&#8221;][vc_column][\/vc_column][\/vc_row][vc_row equal_height=&#8221;yes&#8221; content_placement=&#8221;middle&#8221; columns_height=&#8221;adjust_cols_height&#8221; el_class=&#8221;on-text-block&#8221;][vc_column][vc_column_text el_class=&#8221;ontituloazul&#8221;] IMPRESI\u00d3N 3D COMPRAR AQUI [\/vc_column_text][vc_column_text]La impresi\u00f3n 3D es una tecnolog\u00eda en que un modelo tridimensional es creado por deposici\u00f3n de sucesivas capas de material termopla\u0301stico fundido. Juguetes, fundas de tel\u00e9fono m\u00f3vil, esculturas, objetos de decoraci\u00f3n o incluso zapatos [&hellip;]<\/p>\n","protected":false},"author":1,"featured_media":0,"parent":0,"menu_order":0,"comment_status":"closed","ping_status":"closed","template":"page-full-width.php","meta":{"footnotes":""},"_links":{"self":[{"href":"https:\/\/filkemp.com\/es\/wp-json\/wp\/v2\/pages\/3166"}],"collection":[{"href":"https:\/\/filkemp.com\/es\/wp-json\/wp\/v2\/pages"}],"about":[{"href":"https:\/\/filkemp.com\/es\/wp-json\/wp\/v2\/types\/page"}],"author":[{"embeddable":true,"href":"https:\/\/filkemp.com\/es\/wp-json\/wp\/v2\/users\/1"}],"replies":[{"embeddable":true,"href":"https:\/\/filkemp.com\/es\/wp-json\/wp\/v2\/comments?post=3166"}],"version-history":[{"count":5,"href":"https:\/\/filkemp.com\/es\/wp-json\/wp\/v2\/pages\/3166\/revisions"}],"predecessor-version":[{"id":3737,"href":"https:\/\/filkemp.com\/es\/wp-json\/wp\/v2\/pages\/3166\/revisions\/3737"}],"wp:attachment":[{"href":"https:\/\/filkemp.com\/es\/wp-json\/wp\/v2\/media?parent=3166"}],"curies":[{"name":"wp","href":"https:\/\/api.w.org\/{rel}","templated":true}]}}