{"id":3171,"date":"2018-08-03T09:46:59","date_gmt":"2018-08-03T09:46:59","guid":{"rendered":"https:\/\/filkemp.com\/es\/?page_id=3171"},"modified":"2023-07-20T07:59:18","modified_gmt":"2023-07-20T07:59:18","slug":"agricultura-2","status":"publish","type":"page","link":"https:\/\/filkemp.com\/es\/agricultura-2\/","title":{"rendered":"\u00c1reas De Neg\u00f3cio &#8211; Agricultura"},"content":{"rendered":"<p>[vc_row equal_height=&#8221;yes&#8221; height=&#8221;400px&#8221; css=&#8221;.vc_custom_1536761643609{background-image: url(https:\/\/filkemp.com\/es\/wp-content\/uploads\/2018\/09\/header_agricultura1.jpg?id=3626) !important;background-position: center !important;background-repeat: no-repeat !important;background-size: cover !important;}&#8221;][vc_column][\/vc_column][\/vc_row][vc_row equal_height=&#8221;yes&#8221; content_placement=&#8221;middle&#8221; columns_height=&#8221;adjust_cols_height&#8221; el_class=&#8221;on-text-block&#8221;][vc_column][vc_column_text el_class=&#8221;ontituloazul&#8221;]<\/p>\n<h2 class=\"NegociosTituloPrincipal\">AGRICULTURA<\/h2>\n<p>[\/vc_column_text][vc_column_text]Los cables PET para la agricultura est\u00e1n formados por materias primas y aditivos anti-UV, que les confieren un desempe\u00f1o y durabilidad elevadas. El hecho de que la gama de productos PET no se oxide y mantenga su superficie suave durante todo el ciclo de vida, asegura un adecuado contacto con las plantas, sin da\u00f1arlas, previniendo de esta forma la entrada de mildiu o de otras enfermedades. Filkemp garantiza una durabilidad m\u00ednima de cinco a\u00f1os, aunque es habitual que estos hilos sean reutilizados durante 10 a\u00f1os, incluso cuando se encuentran expuestos a ambientes exteriores.[\/vc_column_text][\/vc_column][\/vc_row][vc_row equal_height=&#8221;yes&#8221; content_placement=&#8221;middle&#8221; columns_height=&#8221;adjust_cols_height&#8221; el_id=&#8221;inovacao&#8221; css=&#8221;.vc_custom_1535558893619{background-color: #e4e5e6 !important;}&#8221; el_class=&#8221;on-text-block&#8221;][vc_column width=&#8221;1\/2&#8243; css=&#8221;.vc_custom_1535558874017{background-position: center !important;background-repeat: no-repeat !important;background-size: cover !important;}&#8221; el_id=&#8221;Agrofilamentos&#8221;][vc_column_text el_class=&#8221;ontitulocinza&#8221;]<\/p>\n<h2 class=\"NegociosTitulos\">AGROFILAMENTOS<\/h2>\n<p>[\/vc_column_text][vc_column_text]Los agrofilamentos son hilos de poli\u00e9ster o poliamida (Nylon) de alta tenacidad con di\u00e1metros que van desde 1,8 mm a 3 mm. En la agricultura permiten sustituir en su totalidad a los hilos met\u00e1licos y a la tradicional rafia en la cobertura de invernaderos, montaje de setos, colocaci\u00f3n de tutores de frutos rojos y cepas, vallas con hilo conductor el\u00e9ctrico para animales, entre otros. Los hilos PET o F580 (de nylon) son vendidos en madejas, o bob de 10kgs, siendo tambi\u00e9n usados muchas veces para hilos gu\u00edas o tiracables, entre otros. Filkemp produce tambi\u00e9n hilo corta hierba en diversos formatos y perfiles, con di\u00e1metros entre 1,80 y 3,00mm para m\u00e1quinas dom\u00e9sticas e industriales. Los diversos formatos permiten una mejor eficiencia de corte, pero tienen una menor durabilidad en relaci\u00f3n al tradicional hilo redondo.[\/vc_column_text][\/vc_column][vc_column width=&#8221;1\/2&#8243; css=&#8221;.vc_custom_1535558882897{background-position: center !important;background-repeat: no-repeat !important;background-size: cover !important;}&#8221; el_class=&#8221;onaligntop&#8221; el_id=&#8221;Relva&#8221;][vc_column_text el_class=&#8221;ontitulocinza&#8221;]<\/p>\n<h2 class=\"NegociosTitulos\">HIERBA<\/h2>\n<p>[\/vc_column_text][vc_column_text]El hilo de desbrozadora requiere excelente maleabilidad, resistencia superficial al corte y al golpe y resistencia t\u00e9rmica, que aguante las elevadas rotaciones en el contacto con los cabezales de la m\u00e1quina, piedras, esquinas y otros puntos de contacto. Esta situaci\u00f3n es especialmente relevante en el caso de las m\u00e1quinas industriales con potencia y rotaci\u00f3n m\u00e1s elevadas y que usan di\u00e1metros m\u00e1s gruesos y tendencialmente m\u00e1s r\u00edgidos. El hilo G523 se produce a partir de una combinaci\u00f3n de pol\u00edmeros y copol\u00edmeros de Nylon, precisamente con el prop\u00f3sito de aumentar la durabilidad del hilo en condiciones verdaderamente duras.[\/vc_column_text][\/vc_column][\/vc_row][vc_row equal_height=&#8221;yes&#8221; height=&#8221;400px&#8221; css=&#8221;.vc_custom_1535445412199{background-image: url(https:\/\/filkemp.com\/es\/wp-content\/uploads\/2018\/08\/agricultura-2.jpg?id=3417) !important;background-position: center !important;background-repeat: no-repeat !important;background-size: cover !important;}&#8221;][vc_column][\/vc_column][\/vc_row]<\/p>\n","protected":false},"excerpt":{"rendered":"<p>[vc_row equal_height=&#8221;yes&#8221; height=&#8221;400px&#8221; css=&#8221;.vc_custom_1536761643609{background-image: url(https:\/\/filkemp.com\/es\/wp-content\/uploads\/2018\/09\/header_agricultura1.jpg?id=3626) !important;background-position: center !important;background-repeat: no-repeat !important;background-size: cover !important;}&#8221;][vc_column][\/vc_column][\/vc_row][vc_row equal_height=&#8221;yes&#8221; content_placement=&#8221;middle&#8221; columns_height=&#8221;adjust_cols_height&#8221; el_class=&#8221;on-text-block&#8221;][vc_column][vc_column_text el_class=&#8221;ontituloazul&#8221;] AGRICULTURA [\/vc_column_text][vc_column_text]Los cables PET para la agricultura est\u00e1n formados por materias primas y aditivos anti-UV, que les confieren un desempe\u00f1o y durabilidad elevadas. El hecho de que la gama de productos PET no se oxide y mantenga su [&hellip;]<\/p>\n","protected":false},"author":1,"featured_media":0,"parent":0,"menu_order":0,"comment_status":"closed","ping_status":"closed","template":"page-full-width.php","meta":{"footnotes":""},"_links":{"self":[{"href":"https:\/\/filkemp.com\/es\/wp-json\/wp\/v2\/pages\/3171"}],"collection":[{"href":"https:\/\/filkemp.com\/es\/wp-json\/wp\/v2\/pages"}],"about":[{"href":"https:\/\/filkemp.com\/es\/wp-json\/wp\/v2\/types\/page"}],"author":[{"embeddable":true,"href":"https:\/\/filkemp.com\/es\/wp-json\/wp\/v2\/users\/1"}],"replies":[{"embeddable":true,"href":"https:\/\/filkemp.com\/es\/wp-json\/wp\/v2\/comments?post=3171"}],"version-history":[{"count":5,"href":"https:\/\/filkemp.com\/es\/wp-json\/wp\/v2\/pages\/3171\/revisions"}],"predecessor-version":[{"id":3750,"href":"https:\/\/filkemp.com\/es\/wp-json\/wp\/v2\/pages\/3171\/revisions\/3750"}],"wp:attachment":[{"href":"https:\/\/filkemp.com\/es\/wp-json\/wp\/v2\/media?parent=3171"}],"curies":[{"name":"wp","href":"https:\/\/api.w.org\/{rel}","templated":true}]}}