{"id":3198,"date":"2018-08-03T10:04:54","date_gmt":"2018-08-03T10:04:54","guid":{"rendered":"https:\/\/filkemp.com\/es\/?page_id=3198"},"modified":"2018-11-06T15:37:39","modified_gmt":"2018-11-06T15:37:39","slug":"noticias","status":"publish","type":"page","link":"https:\/\/filkemp.com\/es\/noticias\/","title":{"rendered":"Noticias"},"content":{"rendered":"<p>[vc_row equal_height=&#8221;yes&#8221; height=&#8221;400px&#8221; css=&#8221;.vc_custom_1536165940727{background-image: url(https:\/\/filkemp.com\/es\/wp-content\/uploads\/2018\/09\/noticias-1.jpg?id=3620) !important;background-position: center !important;background-repeat: no-repeat !important;background-size: cover !important;}&#8221;][vc_column][\/vc_column][\/vc_row][vc_row equal_height=&#8221;yes&#8221; content_placement=&#8221;middle&#8221; columns_height=&#8221;adjust_cols_height&#8221; css=&#8221;.vc_custom_1535561322685{margin-top: 20px !important;background-color: #e4e5e6 !important;}&#8221; el_class=&#8221;on-text-block&#8221;][vc_column width=&#8221;1\/2&#8243; css=&#8221;.vc_custom_1535561337156{background-position: center !important;background-repeat: no-repeat !important;background-size: cover !important;}&#8221;][vc_single_image image=&#8221;3493&#8243; img_size=&#8221;large&#8221; alignment=&#8221;center&#8221;][\/vc_column][vc_column width=&#8221;1\/2&#8243; css=&#8221;.vc_custom_1535561330652{background-position: center !important;background-repeat: no-repeat !important;background-size: cover !important;}&#8221; el_class=&#8221;onaligntop&#8221;][vc_column_text el_class=&#8221;ontitulocinza&#8221;]<\/p>\n<h2 class=\"NegociosTitulos noticiasFloatRight\">NOTICIA<\/h2>\n<p>[\/vc_column_text][vc_column_text]<\/p>\n<div id=\"41\" class=\"modal fade in\" role=\"dialog\">\n<div class=\"modal-content\">\n<div id=\"NewsModal\" class=\"modal-body\">\n<p>Filkemp recibi\u00f3 en 2014 el Premio del M\u00e9rito Empresarial de la C\u00e1mara de Comercio Luso-China, en la categor\u00eda de PME, por el r\u00e1pido crecimiento de ventas en este pa\u00eds del sudeste asi\u00e1tico. La principal aplicaci\u00f3n de los hilos exportados a China es el PMC (Paper Machine Clothing), es decir, la fabricaci\u00f3n de telas industriales para m\u00e1quinas de papel, principalmente en el \u00e1rea del secado. Esta es una de las aplicaciones m\u00e1s sensibles y tecnol\u00f3gicas para monofilamentos, porque las telas ruedan en las m\u00e1quinas m\u00e1s modernas a aproximadamente 100km\/hora, estando sometidas a un fuerte desgaste qu\u00edmico y abrasi\u00f3n, debiendo presentar estabilidad aerodin\u00e1mica y durabilidad que permitan la m\u00e1s alta velocidad de producci\u00f3n, durante el mayor tiempo posible.<\/p>\n<\/div>\n<\/div>\n<\/div>\n<p>[\/vc_column_text][\/vc_column][\/vc_row]<\/p>\n","protected":false},"excerpt":{"rendered":"<p>[vc_row equal_height=&#8221;yes&#8221; height=&#8221;400px&#8221; css=&#8221;.vc_custom_1536165940727{background-image: url(https:\/\/filkemp.com\/es\/wp-content\/uploads\/2018\/09\/noticias-1.jpg?id=3620) !important;background-position: center !important;background-repeat: no-repeat !important;background-size: cover !important;}&#8221;][vc_column][\/vc_column][\/vc_row][vc_row equal_height=&#8221;yes&#8221; content_placement=&#8221;middle&#8221; columns_height=&#8221;adjust_cols_height&#8221; css=&#8221;.vc_custom_1535561322685{margin-top: 20px !important;background-color: #e4e5e6 !important;}&#8221; el_class=&#8221;on-text-block&#8221;][vc_column width=&#8221;1\/2&#8243; css=&#8221;.vc_custom_1535561337156{background-position: center !important;background-repeat: no-repeat !important;background-size: cover !important;}&#8221;][vc_single_image image=&#8221;3493&#8243; img_size=&#8221;large&#8221; alignment=&#8221;center&#8221;][\/vc_column][vc_column width=&#8221;1\/2&#8243; css=&#8221;.vc_custom_1535561330652{background-position: center !important;background-repeat: no-repeat !important;background-size: cover !important;}&#8221; el_class=&#8221;onaligntop&#8221;][vc_column_text el_class=&#8221;ontitulocinza&#8221;] NOTICIA [\/vc_column_text][vc_column_text] Filkemp recibi\u00f3 en 2014 el Premio del M\u00e9rito Empresarial de la [&hellip;]<\/p>\n","protected":false},"author":1,"featured_media":0,"parent":0,"menu_order":0,"comment_status":"closed","ping_status":"closed","template":"page-full-width.php","meta":{"footnotes":""},"_links":{"self":[{"href":"https:\/\/filkemp.com\/es\/wp-json\/wp\/v2\/pages\/3198"}],"collection":[{"href":"https:\/\/filkemp.com\/es\/wp-json\/wp\/v2\/pages"}],"about":[{"href":"https:\/\/filkemp.com\/es\/wp-json\/wp\/v2\/types\/page"}],"author":[{"embeddable":true,"href":"https:\/\/filkemp.com\/es\/wp-json\/wp\/v2\/users\/1"}],"replies":[{"embeddable":true,"href":"https:\/\/filkemp.com\/es\/wp-json\/wp\/v2\/comments?post=3198"}],"version-history":[{"count":5,"href":"https:\/\/filkemp.com\/es\/wp-json\/wp\/v2\/pages\/3198\/revisions"}],"predecessor-version":[{"id":3709,"href":"https:\/\/filkemp.com\/es\/wp-json\/wp\/v2\/pages\/3198\/revisions\/3709"}],"wp:attachment":[{"href":"https:\/\/filkemp.com\/es\/wp-json\/wp\/v2\/media?parent=3198"}],"curies":[{"name":"wp","href":"https:\/\/api.w.org\/{rel}","templated":true}]}}