{"id":3045,"date":"2018-08-02T08:46:26","date_gmt":"2018-08-02T08:46:26","guid":{"rendered":"https:\/\/filkemp.com\/pt\/?page_id=3045"},"modified":"2025-10-27T11:22:12","modified_gmt":"2025-10-27T11:22:12","slug":"quem-somos-visao-missao-2","status":"publish","type":"page","link":"https:\/\/filkemp.com\/pt\/quem-somos-visao-missao-2\/","title":{"rendered":"Quem somos- Vis\u00e3o miss\u00e3o"},"content":{"rendered":"<p>[vc_row equal_height=&#8221;yes&#8221; height=&#8221;400px&#8221; css=&#8221;.vc_custom_1533808040528{background-image: url(https:\/\/filkemp.com\/pt\/wp-content\/uploads\/2018\/08\/quemsomos32.jpg?id=3318) !important;}&#8221;][vc_column][\/vc_column][\/vc_row][vc_row equal_height=&#8221;yes&#8221; content_placement=&#8221;middle&#8221; columns_height=&#8221;adjust_cols_height&#8221; el_class=&#8221;onhomebox&#8221;][vc_column css=&#8221;.vc_custom_1535557987234{background-position: center !important;background-repeat: no-repeat !important;background-size: cover !important;}&#8221; offset=&#8221;vc_col-md-offset-0 vc_col-sm-offset-0&#8243; el_class=&#8221;on-text-block&#8221;][vc_column_text]A Filkemp Ind\u00fastria de Filamentos, SA nasceu em 1998 de um <i>spin-off<\/i>\u00a0do departamento de monofilamentos da subsidia\u0301ria portuguesa da multinacional Hoechst AG, criado nos anos 70, a seu tempo li\u0301der mundial nas a\u0301reas qui\u0301mica e farmace\u0302utica.<\/p>\n<p>Atualmente, a Filkemp e\u0301 uma refere\u0302ncia global na produc\u0327a\u0303o de monofilamentos com base em PET, PA6, PA610, PA612 e v\u00e1rias combina\u00e7\u00f5es de copoli\u0301meros e poli\u0301meros especiais, que servem de base \u00e0 produ\u00e7\u00e3o de filamentos te\u0301cnicos para a indu\u0301stria de papel, bandas transportadoras ou de filtrac\u0327a\u0303o industrial, escovas abrasivas, pesca desportiva e industrial, cordas de te\u0301nis, cabos de amarrac\u0327a\u0303o, agricultura e, mais recentemente, filamentos para impressa\u0303o 3D.<\/p>\n<p>A competitividade e a excele\u0302ncia dos produtos, aliadas a\u0300 flexibilidade do servic\u0327o sa\u0303o a chave da rela\u00e7\u00e3o, estreita e duradoura, que a Filkemp desenvolve com os seus clientes em todo o mundo.[\/vc_column_text][\/vc_column][\/vc_row][vc_row equal_height=&#8221;yes&#8221; content_placement=&#8221;middle&#8221; columns_height=&#8221;adjust_cols_height&#8221; css=&#8221;.vc_custom_1535557870182{background-color: #e4e5e6 !important;}&#8221;][vc_column css=&#8221;.vc_custom_1535557980439{background-position: center !important;background-repeat: no-repeat !important;background-size: cover !important;}&#8221; offset=&#8221;vc_col-md-offset-0 vc_col-sm-offset-0&#8243; el_class=&#8221;on-text-block&#8221;][vc_column_text el_class=&#8221;ontitulocinza&#8221;]<\/p>\n<h2>VIS\u00c3O E MISS\u00c3O<\/h2>\n<p>[\/vc_column_text][vc_column_text]Oferecer produtos de excel\u00eancia, direcionados \u00e0 satisfa\u00e7\u00e3o das exig\u00eancias espec\u00edficas dos clientes, a pre\u00e7os competitivos e servi\u00e7o flex\u00edvel, garantindo a cria\u00e7\u00e3o de valor e a sustentabilidade do neg\u00f3cio da Filkemp e dos seus clientes, no longo prazo.<\/p>\n<p>A qualidade do produto\u202fe do servi\u00e7o, a satisfa\u00e7\u00e3o do cliente e a competitividade dos pre\u00e7os s\u00e3o fatores cr\u00edticos para o \u00eaxito internacional da Filkemp.[\/vc_column_text][\/vc_column][\/vc_row][vc_row equal_height=&#8221;yes&#8221; content_placement=&#8221;middle&#8221; columns_height=&#8221;adjust_cols_height&#8221; el_id=&#8221;inovacao&#8221;][vc_column css=&#8221;.vc_custom_1535558053435{background-position: center !important;background-repeat: no-repeat !important;background-size: cover !important;}&#8221; el_class=&#8221;on-text-block&#8221;][vc_column_text el_class=&#8221;ontitulocinza&#8221;]<\/p>\n<h2 class=\"NegociosTitulos quemsomosTitulos\">INOVA\u00c7\u00c3O<\/h2>\n<p>[\/vc_column_text][vc_column_text]A inova\u00e7\u00e3o \u00e9 a estrat\u00e9gia central da Filkemp, manifestando-se n\u00e3o somente no desenvolvimento de novos produtos e servi\u00e7os, mas tamb\u00e9m no desenvolvimento de novos processos organizacionais, novas formas de responder \u00e0s necessidades dos nossos clientes e novas formas de competir no mercado global.[\/vc_column_text][\/vc_column][\/vc_row][vc_row equal_height=&#8221;yes&#8221; content_placement=&#8221;middle&#8221; columns_height=&#8221;adjust_cols_height&#8221; css=&#8221;.vc_custom_1535558126394{background-color: #e4e5e6 !important;}&#8221;][vc_column css=&#8221;.vc_custom_1535558131996{background-position: center !important;background-repeat: no-repeat !important;background-size: cover !important;}&#8221; el_class=&#8221;on-text-block&#8221;][vc_column_text css=&#8221;.vc_custom_1535558103787{padding-bottom: 10px !important;}&#8221; el_class=&#8221;ontitulocinza&#8221;]<\/p>\n<h2 class=\"NegociosTitulos quemsomosTitulos\">SUSTENTABILIDADE<\/h2>\n<p>[\/vc_column_text][vc_column_text]\u00c9 uma preocupa\u00e7\u00e3o fundamental da Filkemp. A aposta tem visado fundamentalmente as \u00e1reas nevr\u00e1lgicas da Higiene e Seguran\u00e7a e a diminui\u00e7\u00e3o da \u201cpegada ecol\u00f3gica\u201d, atrav\u00e9s da redu\u00e7\u00e3o dos desperd\u00edcios n\u00e3o reincorpor\u00e1veis e da realiza\u00e7\u00e3o de investimento no \u00e2mbito da efici\u00eancia energ\u00e9tica.<br \/>\nEm 2017, a Filkemp foi reconhecida\u202fpelas entidades\u202foficiais\u202fcom uma men\u00e7\u00e3o honrosa pelo seu\u00a0desempenho a n\u00edvel da melhoria da efici\u00eancia energ\u00e9tica. Pode dizer-se, por\u00e9m, que o compromisso com a sustentabilidade ambiental apenas come\u00e7ou. At\u00e9 2020 est\u00e3o previstos novos investimentos, que v\u00e3o permitir melhorar os atuais n\u00edveis de otimiza\u00e7\u00e3o energ\u00e9tica e ambiental.[\/vc_column_text][\/vc_column][\/vc_row][vc_row equal_height=&#8221;yes&#8221; content_placement=&#8221;middle&#8221; columns_height=&#8221;adjust_cols_height&#8221; el_class=&#8221;on-text-block&#8221;][vc_column width=&#8221;1\/2&#8243; css=&#8221;.vc_custom_1535558192850{background-position: center !important;background-repeat: no-repeat !important;background-size: cover !important;}&#8221; el_class=&#8221;onaligntop&#8221;][vc_column_text el_class=&#8221;ontitulocinza&#8221;]<\/p>\n<h2>EQUIPA DE GEST\u00c3O<\/h2>\n<p>[\/vc_column_text][vc_column_text]A Filkemp \u00e9 uma empresa de pessoas para pessoas. A equipa de gest\u00e3o enfatiza a import\u00e2ncia do trabalho em equipa e reconhece que as \u00a0pessoas s\u00e3o a espinha dorsal para que a Filkemp alcance os seus objetivos de inova\u00e7\u00e3o, de produ\u00e7\u00e3o e de sustentabilidade.[\/vc_column_text][\/vc_column][vc_column width=&#8221;1\/2&#8243; css=&#8221;.vc_custom_1535558183469{background-position: center !important;background-repeat: no-repeat !important;background-size: cover !important;}&#8221;][vc_single_image image=&#8221;3463&#8243; img_size=&#8221;large&#8221; alignment=&#8221;center&#8221;][\/vc_column][\/vc_row][vc_row equal_height=&#8221;yes&#8221; content_placement=&#8221;middle&#8221; columns_height=&#8221;adjust_cols_height&#8221; css=&#8221;.vc_custom_1535558405491{background-color: #e4e5e6 !important;}&#8221; el_class=&#8221;on-text-block&#8221;][vc_column width=&#8221;1\/2&#8243; css=&#8221;.vc_custom_1535558427579{background-position: center !important;background-repeat: no-repeat !important;background-size: cover !important;}&#8221; el_class=&#8221;onaligntop&#8221;][vc_column_text el_class=&#8221;ontitulocinza&#8221;]<\/p>\n<h2 class=\"NegociosTitulos\">PRESEN\u00c7A INTERNACIONAL<\/h2>\n<p>[\/vc_column_text][vc_column_text]A Filkemp \u00e9 uma empresa com produ\u00e7\u00e3o em Portugal e presen\u00e7a global. A sua localiza\u00e7\u00e3o estrat\u00e9gica e competitiva, \u00e0 entrada da Europa atrav\u00e9s do porto de Lisboa, que tem liga\u00e7\u00f5es \u00e0s principais rotas mar\u00edtimas internacionais, do qual dista apenas 18 Km, \u00e9 um fator determinante para a sua afirma\u00e7\u00e3o no mundo.<\/p>\n<p>A Filkemp est\u00e1 presente em mais de 40 pa\u00edses, com destaque, naturalmente, para a Europa, que representa 55% do seu neg\u00f3cio, \u00c1sia, com uma fatia de 25%, e Am\u00e9ricas, com um peso de 20% no neg\u00f3cio.[\/vc_column_text][\/vc_column][vc_column width=&#8221;1\/2&#8243; css=&#8221;.vc_custom_1535558454049{margin-top: 20px !important;margin-left: 10px !important;background-position: center !important;background-repeat: no-repeat !important;background-size: cover !important;}&#8221;][vc_single_image image=&#8221;3465&#8243; img_size=&#8221;600&#215;331&#8243; alignment=&#8221;center&#8221;][\/vc_column][\/vc_row][vc_row equal_height=&#8221;yes&#8221; content_placement=&#8221;middle&#8221; columns_height=&#8221;adjust_cols_height&#8221;][vc_column css=&#8221;.vc_custom_1535558053435{background-position: center !important;background-repeat: no-repeat !important;background-size: cover !important;}&#8221; el_class=&#8221;on-text-block&#8221;][vc_column_text el_class=&#8221;ontitulocinza&#8221;]<\/p>\n<h2 class=\"NegociosTitulos\">CERTIFICA\u00c7\u00c3O DE QUALIDADE<\/h2>\n<p>[\/vc_column_text][vc_raw_html]JTNDZGl2JTIwc3R5bGUlM0QlMjJmbG9hdCUzQWxlZnQlM0IlMjBtYXJnaW4tcmlnaHQlM0EyJTI1JTNCJTIyJTNFJTBBJTNDYSUyMGhyZWYlM0QlMjJodHRwcyUzQSUyRiUyRmZpbGtlbXAuY29tJTJGcHQlMkZ3cC1jb250ZW50JTJGdXBsb2FkcyUyRjIwMjUlMkYwOSUyRkNlcnRpZmljYWRvLUlTTzkwMDFfUFQtMS5wZGYlMjIlMjB0YXJnZXQlM0QlMjJfYmxhbmslMjIlMjBzdHlrZSUzRCUyMmZsb2F0JTNBbGVmdCUzQiUyMiUzRSUzQ2RpdiUyMGNsYXNzJTNEJTIyYnQtYXJlYS1jbGllbnRlJTIyJTIwc3R5bGUlM0QlMjJmbG9hdCUzQWxlZnQlM0IlMjIlM0VDRVJUSUZJQ0FETyUyMERFJTIwUVVBTElEQURFJTNDJTJGZGl2JTNFJTNDJTJGYSUzRSUwQSUzQyUyRmRpdiUzRSUwQSUwQSUzQ2RpdiUyMHN0eWxlJTNEJTIyZmxvYXQlM0FsZWZ0JTNCJTIwbWFyZ2luLXJpZ2h0JTNBMiUyNSUzQiUyMiUzRSUwQSUzQ2ElMjBocmVmJTNEJTIyaHR0cHMlM0ElMkYlMkZmaWxrZW1wLmNvbSUyRnB0JTJGd3AtY29udGVudCUyRnVwbG9hZHMlMkYyMDI1JTJGMDklMkZNUTUzMDFfUG9saXRpY2EtZGEtUXVhbGlkYWRlX1BULnBkZiUyMiUyMHRhcmdldCUzRCUyMl9ibGFuayUyMiUyMHN0eWtlJTNEJTIyZmxvYXQlM0FsZWZ0JTNCJTIyJTNFJTNDZGl2JTIwY2xhc3MlM0QlMjJidC1hcmVhLWNsaWVudGUlMjIlMjBzdHlsZSUzRCUyMmZsb2F0JTNBbGVmdCUzQiUyMiUzRVBPTCVDMyU4RFRJQ0ElMjBERSUyMFFVQUxJREFERSUzQyUyRmRpdiUzRSUzQyUyRmElM0UlMEElM0MlMkZkaXYlM0U=[\/vc_raw_html][\/vc_column][\/vc_row]<\/p>\n","protected":false},"excerpt":{"rendered":"<p>[vc_row equal_height=&#8221;yes&#8221; height=&#8221;400px&#8221; css=&#8221;.vc_custom_1533808040528{background-image: url(https:\/\/filkemp.com\/pt\/wp-content\/uploads\/2018\/08\/quemsomos32.jpg?id=3318) !important;}&#8221;][vc_column][\/vc_column][\/vc_row][vc_row equal_height=&#8221;yes&#8221; content_placement=&#8221;middle&#8221; columns_height=&#8221;adjust_cols_height&#8221; el_class=&#8221;onhomebox&#8221;][vc_column css=&#8221;.vc_custom_1535557987234{background-position: center !important;background-repeat: no-repeat !important;background-size: cover !important;}&#8221; offset=&#8221;vc_col-md-offset-0 vc_col-sm-offset-0&#8243; el_class=&#8221;on-text-block&#8221;][vc_column_text]A Filkemp Ind\u00fastria de Filamentos, SA nasceu em 1998 de um spin-off\u00a0do departamento de monofilamentos da subsidia\u0301ria portuguesa da multinacional Hoechst AG, criado nos anos 70, a seu tempo li\u0301der mundial nas a\u0301reas qui\u0301mica e farmace\u0302utica. [&hellip;]<\/p>\n","protected":false},"author":1,"featured_media":0,"parent":0,"menu_order":0,"comment_status":"closed","ping_status":"closed","template":"page-full-width.php","meta":{"footnotes":""},"class_list":["post-3045","page","type-page","status-publish","hentry"],"_links":{"self":[{"href":"https:\/\/filkemp.com\/pt\/wp-json\/wp\/v2\/pages\/3045","targetHints":{"allow":["GET"]}}],"collection":[{"href":"https:\/\/filkemp.com\/pt\/wp-json\/wp\/v2\/pages"}],"about":[{"href":"https:\/\/filkemp.com\/pt\/wp-json\/wp\/v2\/types\/page"}],"author":[{"embeddable":true,"href":"https:\/\/filkemp.com\/pt\/wp-json\/wp\/v2\/users\/1"}],"replies":[{"embeddable":true,"href":"https:\/\/filkemp.com\/pt\/wp-json\/wp\/v2\/comments?post=3045"}],"version-history":[{"count":3,"href":"https:\/\/filkemp.com\/pt\/wp-json\/wp\/v2\/pages\/3045\/revisions"}],"predecessor-version":[{"id":3868,"href":"https:\/\/filkemp.com\/pt\/wp-json\/wp\/v2\/pages\/3045\/revisions\/3868"}],"wp:attachment":[{"href":"https:\/\/filkemp.com\/pt\/wp-json\/wp\/v2\/media?parent=3045"}],"curies":[{"name":"wp","href":"https:\/\/api.w.org\/{rel}","templated":true}]}}