{"id":3116,"date":"2018-08-03T08:47:08","date_gmt":"2018-08-03T08:47:08","guid":{"rendered":"https:\/\/filkemp.com\/pt\/?page_id=3116"},"modified":"2018-11-27T16:49:30","modified_gmt":"2018-11-27T16:49:30","slug":"filamentos-tecnicos","status":"publish","type":"page","link":"https:\/\/filkemp.com\/pt\/filamentos-tecnicos\/","title":{"rendered":"\u00c1reas de neg\u00f3cio &#8211; Filamentos T\u00e9cnicos"},"content":{"rendered":"<p>[vc_row equal_height=&#8221;yes&#8221; height=&#8221;400px&#8221; css=&#8221;.vc_custom_1533286665292{background-image: url(https:\/\/filkemp.com\/pt\/wp-content\/uploads\/2018\/08\/filamentos.jpg?id=2862) !important;background-position: center !important;background-repeat: no-repeat !important;background-size: cover !important;}&#8221;][vc_column][\/vc_column][\/vc_row][vc_row equal_height=&#8221;yes&#8221; content_placement=&#8221;middle&#8221; columns_height=&#8221;adjust_cols_height&#8221; el_class=&#8221;on-text-block&#8221;][vc_column css=&#8221;.vc_custom_1533290324548{margin-top: 20px !important;}&#8221;][vc_column_text el_class=&#8221;ontituloazul on_container_mobile&#8221;]<\/p>\n<h2>FILAMENTOS T\u00c9CNICOS<\/h2>\n<p>[\/vc_column_text][vc_column_text el_class=&#8221;on_container_mobile&#8221;]A Filkemp e\u0301 um dos principais produtores mundiais de monofilamentos, que sa\u0303o, depois, transformados em telas para ma\u0301quinas de papel, em telas para filtrac\u0327a\u0303o industrial ou outras telas te\u0301cnicas. Trata-se de um processo produtivo complexo, que requer investimentos avultados e so\u0301 se torna renta\u0301vel se funcionar em conti\u0301nuo com um mi\u0301nimo de paragens.<\/p>\n<p>Ao longo dos anos, a Filkemp tornou-se uma refere\u0302ncia mundial no setor, devido \u00e0 produ\u00e7\u00e3o de fios de alta resiste\u0302ncia a\u0300 abrasa\u0303o e a\u0300 hidro\u0301lise, que podem ser transformados em telas que funcionam em ma\u0301quinas de papel modernas de alta velocidade. As telas de \u2018forming\u2019 (formadoras) ou \u2018drying\u2019 (secadoras) feitas com o fio Filkemp apresentam uma qualidade e homogeneidade com caracteri\u0301sticas excecionais de aerodina\u0302mica, estabilidade e uniformidade, mesmo em perfis complexos e nos dia\u0302metros mais baixos.<\/p>\n<p>A qualidade e a durabilidade dos produtos Filkemp permitem reduzir o desperdi\u0301cio e os tempos de paragem nos seus clientes. Permitem ainda reduzir as intervenc\u0327o\u0303es de manutenc\u0327a\u0303o e de substituic\u0327a\u0303o de pec\u0327as nas ma\u0301quinas, o que tem um impacto direto na rentabilidade e produtividade da operac\u0327a\u0303o.[\/vc_column_text][\/vc_column][\/vc_row][vc_row equal_height=&#8221;yes&#8221; content_placement=&#8221;middle&#8221; columns_height=&#8221;adjust_cols_height&#8221; css=&#8221;.vc_custom_1535560181506{background-color: #e4e5e6 !important;}&#8221; el_class=&#8221;on-text-block&#8221;][vc_column width=&#8221;1\/2&#8243; css=&#8221;.vc_custom_1535560195936{background-position: center !important;background-repeat: no-repeat !important;background-size: cover !important;}&#8221; el_class=&#8221;onaligntop&#8221; el_id=&#8221;PMC&#8221;][vc_column_text el_class=&#8221;ontitulocinza on_container_mobile&#8221;]<\/p>\n<h2>PAPER MACHINE CLOTHING<\/h2>\n<p>[\/vc_column_text][vc_column_text el_class=&#8221;on_container_mobile&#8221;]A Filkemp det\u00e9m grande<i>\u00a0expertise\u00a0<\/i>na produ\u00e7\u00e3o de fios para Telas secadoras, com diversos n\u00edveis de resist\u00eancia \u00e0 hidr\u00f3lise e abras\u00e3o. O design preciso e aerodin\u00e2mico dos fios em perfil para teias permite a estabilidade das telas a altas velocidades, por isso, somos\u00a0<i>benchmark<\/i>\u00a0nos perfis com medidas e desenhos mais exigentes.<\/p>\n<p>Ao longo dos anos, a Filkemp consolidou a sua reputa\u00e7\u00e3o a n\u00edvel da estabilidade qu\u00edmica e dimensional dos seus fios para secadoras, tornando-se um fornecedor de refer\u00eancia global. O nosso portef\u00f3lio inclui igualmente Fios PET para Forming em di\u00e2metros acima de 0,25mm, com excelente estabilidade dimensional em teia e trama.[\/vc_column_text][\/vc_column][vc_column width=&#8221;1\/2&#8243; css=&#8221;.vc_custom_1535560188433{background-position: center !important;background-repeat: no-repeat !important;background-size: cover !important;}&#8221; el_class=&#8221;onaligntop&#8221; el_id=&#8221;TelasIndustriais&#8221;][vc_column_text el_class=&#8221;ontitulocinza on_container_mobile&#8221;]<\/p>\n<h2>TELAS INDUSTRIAIS<\/h2>\n<p>[\/vc_column_text][vc_column_text el_class=&#8221;onaligntop on_container_mobile&#8221;]A entrada da Filkemp no mercado dos fios t\u00e9cnicos fez-se no ano 2000 com o fio de filtra\u00e7\u00e3o industrial e bandas transportadoras. O produto teve, desde ent\u00e3o, um crescimento s\u00f3lido e cont\u00ednuo, sin\u00f3nimo da sua fiabilidade e estabilidade, o que coloca a Filkemp entre os \u00a0maiores e mais reputados fornecedores de fios para telas t\u00e9cnicas de di\u00e2metros grossos na Europa. A evolu\u00e7\u00e3o permitiu alargar a oferta de solu\u00e7\u00f5es \u00e0 ind\u00fastria alimentar. Atualmente, a aposta est\u00e1 centrada no desenvolvimento de novas solu\u00e7\u00f5es para fios condutivos.[\/vc_column_text][\/vc_column][\/vc_row][vc_row equal_height=&#8221;yes&#8221; content_placement=&#8221;middle&#8221; columns_height=&#8221;adjust_cols_height&#8221; el_class=&#8221;on-text-block&#8221;][vc_column width=&#8221;1\/2&#8243; css=&#8221;.vc_custom_1535560267246{background-position: center !important;background-repeat: no-repeat !important;background-size: cover !important;}&#8221; el_class=&#8221;onaligntop&#8221; el_id=&#8221;MangueirasGuias&#8221;][vc_column_text el_class=&#8221;ontitulocinza on_container_mobile&#8221;]<\/p>\n<h2 class=\"NegociosTitulos\">MANGUEIRAS E GUIAS<\/h2>\n<p>[\/vc_column_text][vc_column_text el_class=&#8221;on_container_mobile&#8221;]No refor\u00e7o da estrutura de mangueiras semirr\u00edgidas para inc\u00eandios \u00e9 essencial um fio forte e est\u00e1vel, com boa resist\u00eancia \u00e0 ruptura, de forma a corresponder ao alto n\u00edvel de exig\u00eancia, das especifica\u00e7\u00f5es t\u00e9cnicas dessas mangueiras em v\u00e1rios pa\u00edses da Europa. O mesmo sucede nos chamados cabos guia, para tubos corrugados.[\/vc_column_text][\/vc_column][vc_column width=&#8221;1\/2&#8243; css=&#8221;.vc_custom_1535560259737{background-position: center !important;background-repeat: no-repeat !important;background-size: cover !important;}&#8221;][vc_single_image image=&#8221;2863&#8243; img_size=&#8221;large&#8221; alignment=&#8221;center&#8221;][\/vc_column][\/vc_row]<\/p>\n","protected":false},"excerpt":{"rendered":"<p>[vc_row equal_height=&#8221;yes&#8221; height=&#8221;400px&#8221; css=&#8221;.vc_custom_1533286665292{background-image: url(https:\/\/filkemp.com\/pt\/wp-content\/uploads\/2018\/08\/filamentos.jpg?id=2862) !important;background-position: center !important;background-repeat: no-repeat !important;background-size: cover !important;}&#8221;][vc_column][\/vc_column][\/vc_row][vc_row equal_height=&#8221;yes&#8221; content_placement=&#8221;middle&#8221; columns_height=&#8221;adjust_cols_height&#8221; el_class=&#8221;on-text-block&#8221;][vc_column css=&#8221;.vc_custom_1533290324548{margin-top: 20px !important;}&#8221;][vc_column_text el_class=&#8221;ontituloazul on_container_mobile&#8221;] FILAMENTOS T\u00c9CNICOS [\/vc_column_text][vc_column_text el_class=&#8221;on_container_mobile&#8221;]A Filkemp e\u0301 um dos principais produtores mundiais de monofilamentos, que sa\u0303o, depois, transformados em telas para ma\u0301quinas de papel, em telas para filtrac\u0327a\u0303o industrial ou outras telas te\u0301cnicas. Trata-se de [&hellip;]<\/p>\n","protected":false},"author":1,"featured_media":0,"parent":0,"menu_order":0,"comment_status":"closed","ping_status":"closed","template":"page-full-width.php","meta":{"footnotes":""},"class_list":["post-3116","page","type-page","status-publish","hentry"],"_links":{"self":[{"href":"https:\/\/filkemp.com\/pt\/wp-json\/wp\/v2\/pages\/3116","targetHints":{"allow":["GET"]}}],"collection":[{"href":"https:\/\/filkemp.com\/pt\/wp-json\/wp\/v2\/pages"}],"about":[{"href":"https:\/\/filkemp.com\/pt\/wp-json\/wp\/v2\/types\/page"}],"author":[{"embeddable":true,"href":"https:\/\/filkemp.com\/pt\/wp-json\/wp\/v2\/users\/1"}],"replies":[{"embeddable":true,"href":"https:\/\/filkemp.com\/pt\/wp-json\/wp\/v2\/comments?post=3116"}],"version-history":[{"count":0,"href":"https:\/\/filkemp.com\/pt\/wp-json\/wp\/v2\/pages\/3116\/revisions"}],"wp:attachment":[{"href":"https:\/\/filkemp.com\/pt\/wp-json\/wp\/v2\/media?parent=3116"}],"curies":[{"name":"wp","href":"https:\/\/api.w.org\/{rel}","templated":true}]}}