{"id":3123,"date":"2018-08-03T08:56:44","date_gmt":"2018-08-03T08:56:44","guid":{"rendered":"https:\/\/filkemp.com\/pt\/?page_id=3123"},"modified":"2018-11-27T16:52:29","modified_gmt":"2018-11-27T16:52:29","slug":"pesca-industrial","status":"publish","type":"page","link":"https:\/\/filkemp.com\/pt\/pesca-industrial\/","title":{"rendered":"\u00c1reas de neg\u00f3cio &#8211; Pesca industrial"},"content":{"rendered":"<p>[vc_row equal_height=&#8221;yes&#8221; height=&#8221;400px&#8221; css=&#8221;.vc_custom_1539872533428{background-image: url(https:\/\/filkemp.com\/pt\/wp-content\/uploads\/2018\/08\/pesca3.jpg?id=3473) !important;background-position: center !important;background-repeat: no-repeat !important;background-size: cover !important;}&#8221;][vc_column][\/vc_column][\/vc_row][vc_row equal_height=&#8221;yes&#8221; content_placement=&#8221;middle&#8221; columns_height=&#8221;adjust_cols_height&#8221; el_class=&#8221;on-text-block&#8221;][vc_column][vc_column_text el_class=&#8221;ontituloazul&#8221;]<\/p>\n<h2>PESCA INDUSTRIAL E FIOS PARA CABOS MAR\u00cdTIMOS<\/h2>\n<p>[\/vc_column_text][vc_column_text]Alguns dos produtos mais antigos na hist\u00f3ria da Filkemp s\u00e3o os filamentos de poliamida de alto di\u00e2metro. Produzidos com o know-how de muitos anos, que garante uma uniformidade inigual\u00e1vel do produto e uma reduzida ovalidade do di\u00e2metro, s\u00e3o produtos de refer\u00eancia no mercado.<\/p>\n<p>Estes filamentos t\u00eam aplica\u00e7\u00e3o sobretudo na pesca industrial como linha m\u00e3e, tanto na t\u00e9cnica de pesca por long-line (sistema americano) como no sistema de palangre (sistema manual).<\/p>\n<p>Exemplos de aplica\u00e7\u00f5es alternativas s\u00e3o ainda cabos de amarra\u00e7\u00e3o, filamentos agr\u00edcolas e filamentos de refor\u00e7o para barreiras sonoras acr\u00edlicas.[\/vc_column_text][\/vc_column][\/vc_row][vc_row equal_height=&#8221;yes&#8221; content_placement=&#8221;middle&#8221; columns_height=&#8221;adjust_cols_height&#8221; el_id=&#8221;inovacao&#8221; css=&#8221;.vc_custom_1535561098350{background-color: #e4e5e6 !important;}&#8221; el_class=&#8221;on-text-block&#8221;][vc_column width=&#8221;1\/2&#8243; css=&#8221;.vc_custom_1535561147836{background-position: center !important;background-repeat: no-repeat !important;background-size: cover !important;}&#8221; el_class=&#8221;onaligntop&#8221; el_id=&#8221;Long-Line&#8221;][vc_column_text el_class=&#8221;ontitulocinza&#8221;]<\/p>\n<h2 class=\"NegociosTitulos\">LONG-LINE<\/h2>\n<p>[\/vc_column_text][vc_column_text]O Palangre americano (Long-Line), ou autom\u00e1tico, \u00e9 utilizado na pesca de superf\u00edcie de espadarte e atum em \u2018Bob\u2019 com linha m\u00e3e (F562) de 3,5 e 30NM (55 Km). A carga e o stress sobre este fio de 3,00mm e 4,00mm, quando \u00e9 puxado de volta ao alador, exigem uma resist\u00eancia enorme \u00e0 rutura, mas tamb\u00e9m \u00e0 deforma\u00e7\u00e3o e ao estiramento. A nossa f\u00e1brica foi uma das pioneiras no desenvolvimento de fios espec\u00edficos para Long-Line nos EUA, onde apareceu inicialmente o sistema, e, mais tarde, na Europa. A Filkemp desenvolveu ainda estralhos (F593) de elevada resist\u00eancia \u00e0 rutura, que combinam com excelente maleabilidade e elasticidade.[\/vc_column_text][\/vc_column][vc_column width=&#8221;1\/2&#8243; css=&#8221;.vc_custom_1535561152135{background-position: center !important;background-repeat: no-repeat !important;background-size: cover !important;}&#8221; el_class=&#8221;onaligntop&#8221; el_id=&#8221;PalangreTradicional&#8221;][vc_column_text el_class=&#8221;ontitulocinza&#8221;]<\/p>\n<h2 class=\"NegociosTitulos\">PALANGRE TRADICIONAL<\/h2>\n<p>[\/vc_column_text][vc_column_text]No Palangre tradicional, usado na pesca de costa e de fundo, a linha m\u00e3e (1,40-3,00mm) \u00e9 enrolada cuidadosamente em cestas com 500 metros de fio. \u00c9 crucial que o fio se acame bem e sem tor\u00e7\u00f5es antes e depois de ser utilizado. O fio F563 resultou de muitos anos de aperfei\u00e7oamento em coopera\u00e7\u00e3o com os mais experientes pescadores da Galiza, at\u00e9 chegar \u00e0 alta performance que apresenta hoje. Os estralhos F543 e F522 (0,60-1,10mm) devem ter uma boa combina\u00e7\u00e3o de estabilidade e elasticidade para possibilitar m\u00faltiplas utiliza\u00e7\u00f5es. Tamb\u00e9m aqui, a Filkemp tem investido no aperfei\u00e7oamento cont\u00ednuo de v\u00e1rias combina\u00e7\u00f5es de pol\u00edmeros, para optimiza\u00e7\u00e3o da performance de pesca.[\/vc_column_text][\/vc_column][\/vc_row][vc_row equal_height=&#8221;yes&#8221; content_placement=&#8221;middle&#8221; columns_height=&#8221;adjust_cols_height&#8221; el_class=&#8221;on-text-block&#8221;][vc_column width=&#8221;1\/2&#8243; css=&#8221;.vc_custom_1535561207939{background-position: center !important;background-repeat: no-repeat !important;background-size: cover !important;}&#8221; el_class=&#8221;onaligntop&#8221; el_id=&#8221;CabosGuias&#8221;][vc_column_text el_class=&#8221;ontitulocinza&#8221;]<\/p>\n<h2 class=\"NegociosTitulos\">CABOS E GUIAS<\/h2>\n<p>[\/vc_column_text][vc_column_text]Os cabos de amarra\u00e7\u00e3o para barcos de grande porte s\u00e3o produzidos entran\u00e7ando m\u00faltiplos monofilamentos de alta viscosidade e resist\u00eancia com as chamadas superfibras. O resultado \u00e9 um cabo muito forte, com dimens\u00f5es variadas face \u00e0 aplica\u00e7\u00e3o final. O nosso fio F580 \u00e9 um dos artigos mais antigos e est\u00e1veis a permitir uma resist\u00eancia de cabo superior com elasticidade adequada e funcionamento duradouro, sem rupturas. Tamb\u00e9m neste caso, as apresenta\u00e7\u00f5es v\u00e3o das tradicionais meadas at\u00e9 aos tambores de madeira de 10-20NM. As meadas s\u00e3o utilizadas normalmente para outras aplica\u00e7\u00f5es, com destaque para cabos guia em Nylon, na Agricultura e em estruturas de prote\u00e7\u00e3o para animais e estruturas de acr\u00edlico para prote\u00e7\u00e3o sonora.[\/vc_column_text][\/vc_column][vc_column width=&#8221;1\/2&#8243; css=&#8221;.vc_custom_1535561169516{background-position: center !important;background-repeat: no-repeat !important;background-size: cover !important;}&#8221;][vc_single_image image=&#8221;3639&#8243; img_size=&#8221;large&#8221; alignment=&#8221;center&#8221;][\/vc_column][\/vc_row]<\/p>\n","protected":false},"excerpt":{"rendered":"<p>[vc_row equal_height=&#8221;yes&#8221; height=&#8221;400px&#8221; css=&#8221;.vc_custom_1539872533428{background-image: url(https:\/\/filkemp.com\/pt\/wp-content\/uploads\/2018\/08\/pesca3.jpg?id=3473) !important;background-position: center !important;background-repeat: no-repeat !important;background-size: cover !important;}&#8221;][vc_column][\/vc_column][\/vc_row][vc_row equal_height=&#8221;yes&#8221; content_placement=&#8221;middle&#8221; columns_height=&#8221;adjust_cols_height&#8221; el_class=&#8221;on-text-block&#8221;][vc_column][vc_column_text el_class=&#8221;ontituloazul&#8221;] PESCA INDUSTRIAL E FIOS PARA CABOS MAR\u00cdTIMOS [\/vc_column_text][vc_column_text]Alguns dos produtos mais antigos na hist\u00f3ria da Filkemp s\u00e3o os filamentos de poliamida de alto di\u00e2metro. Produzidos com o know-how de muitos anos, que garante uma uniformidade inigual\u00e1vel do produto [&hellip;]<\/p>\n","protected":false},"author":1,"featured_media":0,"parent":0,"menu_order":0,"comment_status":"closed","ping_status":"closed","template":"page-full-width.php","meta":{"footnotes":""},"class_list":["post-3123","page","type-page","status-publish","hentry"],"_links":{"self":[{"href":"https:\/\/filkemp.com\/pt\/wp-json\/wp\/v2\/pages\/3123","targetHints":{"allow":["GET"]}}],"collection":[{"href":"https:\/\/filkemp.com\/pt\/wp-json\/wp\/v2\/pages"}],"about":[{"href":"https:\/\/filkemp.com\/pt\/wp-json\/wp\/v2\/types\/page"}],"author":[{"embeddable":true,"href":"https:\/\/filkemp.com\/pt\/wp-json\/wp\/v2\/users\/1"}],"replies":[{"embeddable":true,"href":"https:\/\/filkemp.com\/pt\/wp-json\/wp\/v2\/comments?post=3123"}],"version-history":[{"count":0,"href":"https:\/\/filkemp.com\/pt\/wp-json\/wp\/v2\/pages\/3123\/revisions"}],"wp:attachment":[{"href":"https:\/\/filkemp.com\/pt\/wp-json\/wp\/v2\/media?parent=3123"}],"curies":[{"name":"wp","href":"https:\/\/api.w.org\/{rel}","templated":true}]}}