{"id":3130,"date":"2018-08-03T08:59:45","date_gmt":"2018-08-03T08:59:45","guid":{"rendered":"https:\/\/filkemp.com\/pt\/?page_id=3130"},"modified":"2018-11-27T16:45:25","modified_gmt":"2018-11-27T16:45:25","slug":"termoplasticos-abrasivos","status":"publish","type":"page","link":"https:\/\/filkemp.com\/pt\/termoplasticos-abrasivos\/","title":{"rendered":"Areas de negocio &#8211; Cerdas"},"content":{"rendered":"<p>[vc_row equal_height=&#8221;yes&#8221; height=&#8221;400px&#8221; css=&#8221;.vc_custom_1533286981700{background-image: url(https:\/\/filkemp.com\/pt\/wp-content\/uploads\/2018\/08\/cerdas-1.jpg?id=3136) !important;background-position: center !important;background-repeat: no-repeat !important;background-size: cover !important;}&#8221;][vc_column][\/vc_column][\/vc_row][vc_row equal_height=&#8221;yes&#8221; content_placement=&#8221;middle&#8221; columns_height=&#8221;adjust_cols_height&#8221; el_class=&#8221;on-text-block&#8221;][vc_column][vc_column_text el_class=&#8221;ontituloazul&#8221;]<\/p>\n<h2>FILAMENTOS ABRASIVOS DE ELEVADA QUALIDADE<\/h2>\n<p>[\/vc_column_text][vc_column_text]A Filkemp produz desde 2011 filamentos abrasivos com base em PA6, PA 6.10 e PA 6.12, utilizados em acess\u00f3rios de ferramentas de polimento, limpeza e desbaste, a n\u00edvel mundial. Estes termopl\u00e1sticos abrasivos t\u00eam aplica\u00e7\u00f5es numa vasta gama de ind\u00fastrias, tais como autom\u00f3vel, metalomec\u00e2nica, t\u00eaxtil, m\u00e1rmores e pedras decorativas, para al\u00e9m da limpeza de pavimentos e aplica\u00e7\u00f5es especiais.<\/p>\n<p>O meio ambiente em que funciona cada produto (humidade, temperatura de trabalho, ou press\u00e3o aplicada), tal como as especifica\u00e7\u00f5es t\u00e9cnicas requeridas (rigidez do filamento, resist\u00eancia t\u00e9rmica e qu\u00edmica, tipo, di\u00e2metro e gr\u00e3o) s\u00e3o determinantes para a escolha mais indicada da mat\u00e9ria-prima e respetivos estabilizadores.[\/vc_column_text][\/vc_column][\/vc_row][vc_row equal_height=&#8221;yes&#8221; content_placement=&#8221;middle&#8221; columns_height=&#8221;adjust_cols_height&#8221; css=&#8221;.vc_custom_1535559337380{background-color: #e4e5e6 !important;}&#8221; el_class=&#8221;on-text-block&#8221;][vc_column width=&#8221;1\/2&#8243; css=&#8221;.vc_custom_1535559344986{background-position: center !important;background-repeat: no-repeat !important;background-size: cover !important;}&#8221; el_class=&#8221;onaligntop&#8221;][vc_column_text]<\/p>\n<p class=\"ontitulocinza\"><strong>Oferecemos diversos tipos de produto, de acordo com as exig\u00eancias de cada aplica\u00e7\u00e3o:<\/strong><\/p>\n<p>\u2022 Produtos econ\u00f3micos -Para aplica\u00e7\u00f5es menos exigentes, onde o pre\u00e7o \u00e9 um fator importante (exemplo FilValue)<\/p>\n<p>\u2022 Produtos standard &#8211; Com o melhor r\u00e1cio qualidade \/ pre\u00e7o (exemplo FilBrasiv, FilTech ou FilStab)<\/p>\n<p>\u2022 Produtos especiais &#8211; Para aplica\u00e7\u00f5es mais exigentes, onde s\u00e3o exigidas caracter\u00edsticas espec\u00edficas:<\/p>\n<p>\u2022 Resist\u00eancia a qu\u00edmicos e a deposi\u00e7\u00e3o de pol\u00edmero (FilXtra),<\/p>\n<p>\u2022 Elevado teor de gr\u00e3o para maior capacidade de desbaste e polimento (FilDur),<\/p>\n<p>\u2022 Resist\u00eancia t\u00e9rmica adicional (FilHeat ou FilHeat HT)[\/vc_column_text][\/vc_column][vc_column width=&#8221;1\/2&#8243; css=&#8221;.vc_custom_1535559352544{background-position: center !important;background-repeat: no-repeat !important;background-size: cover !important;}&#8221;][vc_single_image image=&#8221;3137&#8243; img_size=&#8221;large&#8221; alignment=&#8221;center&#8221;][\/vc_column][\/vc_row][vc_row equal_height=&#8221;yes&#8221; content_placement=&#8221;middle&#8221; columns_height=&#8221;adjust_cols_height&#8221; el_id=&#8221;inovacao&#8221; el_class=&#8221;on-text-block&#8221;][vc_column width=&#8221;1\/2&#8243; css=&#8221;.vc_custom_1535559424212{background-position: center !important;background-repeat: no-repeat !important;background-size: cover !important;}&#8221; el_id=&#8221;CerdasAbrasivas&#8221;][vc_column_text el_class=&#8221;ontitulocinza&#8221;]<\/p>\n<h2 class=\"NegociosTitulos\">TIPOS DE GR\u00c3O ABRASIVO<\/h2>\n<p>[\/vc_column_text][vc_column_text]\u2022 SiC &#8211; Carboneto de sil\u00edcio &#8211; Gr\u00e3o abrasivo mais utilizado, devido \u00e0 sua boa capacidade de desbaste e polimento, boa durabilidade e baixo custo. Dispon\u00edvel nas dimens\u00f5es F036 &#8211; F1000.<\/p>\n<p>\u2022 GSiC \u2013 Carboneto de sil\u00edcio verde &#8211; Mais quebradi\u00e7o que o SiC, logo apresentando maior capacidade de desgaste, mas menor tempo de vida. Dispon\u00edvel nas dimens\u00f5esF046 &#8211; F320.<\/p>\n<p>\u2022 KK \u2013 Cer\u00e2mico &#8211; Muito quebradi\u00e7o, com elevada capacidade de desbaste e polimento, mas tempo de vida curto. Dispon\u00edvel nas dimens\u00f5es F046 &#8211; F500.<\/p>\n<p>\u2022 D \u2013 Diamante &#8211; Excelente capacidade de desbaste e polimento, tempo de vida muito longo, mas pre\u00e7o elevado. Dispon\u00edvel nas dimens\u00f5es F030\/40 &#8211; F3500 .<\/p>\n<p>\u2022 AO \u2013 \u00d3xido de alum\u00ednio \u2013 Macio, especialmente adequado para polimento e aplica\u00e7\u00f5es t\u00eaxteis. Dispon\u00edvel em branco, natural e rosa, nas dimens\u00f5es F046 &#8211; F1000.<\/p>\n<p>\u2022 Outros tipos de gr\u00e3o abrasivo tamb\u00e9m est\u00e3o dispon\u00edveis sob consulta, como por exemplo \u00f3xido de zirc\u00f3nio, gr\u00e3o cer\u00e2mico modificado ou gr\u00e3o diamante niquelado.[\/vc_column_text][\/vc_column][vc_column width=&#8221;1\/2&#8243; css=&#8221;.vc_custom_1535559416651{background-position: center !important;background-repeat: no-repeat !important;background-size: cover !important;}&#8221; el_class=&#8221;onaligntop&#8221; el_id=&#8221;CerdasNaoAbrasivas&#8221;][vc_column_text el_class=&#8221;ontitulocinza&#8221;]<\/p>\n<h2 class=\"NegociosTitulos\">MAT\u00c9RIAS PRIMAS \/ TIPOS DE PRODUTO<\/h2>\n<p>[\/vc_column_text][vc_column_text]A maioria dos produtos est\u00e1 dispon\u00edvel em PA6, PA6.10 e PA6.12, de acordo com as condi\u00e7\u00f5es de trabalho. PA6 \u00e9 escolhido para aplica\u00e7\u00f5es a seco, enquanto PA6.10 e PA6.12 s\u00e3o tipicamente utilizados para aplica\u00e7\u00f5es em meio h\u00famido. O PA6.10 tem a vantagem de ter um ponto de fus\u00e3o ligeiramente mais alto. O PA6.12, por seu lado, apresenta como vantagem uma taxa de absor\u00e7\u00e3o de \u00e1gua ligeiramente inferior.[\/vc_column_text][\/vc_column][\/vc_row][vc_row equal_height=&#8221;yes&#8221; content_placement=&#8221;middle&#8221; columns_height=&#8221;adjust_cols_height&#8221; css=&#8221;.vc_custom_1535559508234{background-color: #e4e5e6 !important;}&#8221; el_class=&#8221;on-text-block&#8221;][vc_column][vc_column_text el_class=&#8221;ontitulocinza&#8221;]<\/p>\n<h2 class=\"NegociosTitulos Espa\u00e7amentoFundo\">FILAMENTOS \u00c0 MEDIDA DAS NECESSIDADES<\/h2>\n<p>[\/vc_column_text][vc_column_text]A Filkemp oferece op\u00e7\u00f5es customizadas, tais como:<\/p>\n<p>\u2022 Filamento perfilado ou redondo<\/p>\n<p>\u2022 Gr\u00e3o abrasivo de dimens\u00e3o 36 at\u00e9 3500, dependendo do tipo de gr\u00e3o<\/p>\n<p>\u2022 Di\u00e2metros de 0.25 mm a 3.00 mm<\/p>\n<p>\u2022 Cortes de 44 mm a toros de 1405 mm, ou bobines &#8211; com um ou m\u00faltiplos filamentos<\/p>\n<p>\u2022 Acabamento ondulado ou n\u00e3o ondulado<\/p>\n<p>\u2022 Grande variedade de cores<\/p>\n<p>\u2022 Com ou sem encerado<\/p>\n<p>Colocamos tamb\u00e9m \u00e0 disposi\u00e7\u00e3o dos clientes os nossos recursos laboratoriais, de modo a ajustar os produtos \u00e0s necessidades individuais de cada cliente.[\/vc_column_text][\/vc_column][\/vc_row]<\/p>\n","protected":false},"excerpt":{"rendered":"<p>[vc_row equal_height=&#8221;yes&#8221; height=&#8221;400px&#8221; css=&#8221;.vc_custom_1533286981700{background-image: url(https:\/\/filkemp.com\/pt\/wp-content\/uploads\/2018\/08\/cerdas-1.jpg?id=3136) !important;background-position: center !important;background-repeat: no-repeat !important;background-size: cover !important;}&#8221;][vc_column][\/vc_column][\/vc_row][vc_row equal_height=&#8221;yes&#8221; content_placement=&#8221;middle&#8221; columns_height=&#8221;adjust_cols_height&#8221; el_class=&#8221;on-text-block&#8221;][vc_column][vc_column_text el_class=&#8221;ontituloazul&#8221;] FILAMENTOS ABRASIVOS DE ELEVADA QUALIDADE [\/vc_column_text][vc_column_text]A Filkemp produz desde 2011 filamentos abrasivos com base em PA6, PA 6.10 e PA 6.12, utilizados em acess\u00f3rios de ferramentas de polimento, limpeza e desbaste, a n\u00edvel mundial. Estes termopl\u00e1sticos abrasivos t\u00eam [&hellip;]<\/p>\n","protected":false},"author":1,"featured_media":0,"parent":0,"menu_order":0,"comment_status":"closed","ping_status":"closed","template":"page-full-width.php","meta":{"footnotes":""},"class_list":["post-3130","page","type-page","status-publish","hentry"],"_links":{"self":[{"href":"https:\/\/filkemp.com\/pt\/wp-json\/wp\/v2\/pages\/3130","targetHints":{"allow":["GET"]}}],"collection":[{"href":"https:\/\/filkemp.com\/pt\/wp-json\/wp\/v2\/pages"}],"about":[{"href":"https:\/\/filkemp.com\/pt\/wp-json\/wp\/v2\/types\/page"}],"author":[{"embeddable":true,"href":"https:\/\/filkemp.com\/pt\/wp-json\/wp\/v2\/users\/1"}],"replies":[{"embeddable":true,"href":"https:\/\/filkemp.com\/pt\/wp-json\/wp\/v2\/comments?post=3130"}],"version-history":[{"count":0,"href":"https:\/\/filkemp.com\/pt\/wp-json\/wp\/v2\/pages\/3130\/revisions"}],"wp:attachment":[{"href":"https:\/\/filkemp.com\/pt\/wp-json\/wp\/v2\/media?parent=3130"}],"curies":[{"name":"wp","href":"https:\/\/api.w.org\/{rel}","templated":true}]}}