{"id":3163,"date":"2018-08-03T09:34:40","date_gmt":"2018-08-03T09:34:40","guid":{"rendered":"https:\/\/filkemp.com\/pt\/?page_id=3163"},"modified":"2018-11-27T16:47:26","modified_gmt":"2018-11-27T16:47:26","slug":"pesca-desportiva-de-mar-e-agua-doce","status":"publish","type":"page","link":"https:\/\/filkemp.com\/pt\/pesca-desportiva-de-mar-e-agua-doce\/","title":{"rendered":"\u00c1reas de neg\u00f3cio &#8211; Desporto"},"content":{"rendered":"<p>[vc_row equal_height=&#8221;yes&#8221; height=&#8221;400px&#8221; css=&#8221;.vc_custom_1533743546741{background-image: url(https:\/\/filkemp.com\/pt\/wp-content\/uploads\/2018\/08\/desporto-2.jpg?id=3299) !important;background-position: center !important;background-repeat: no-repeat !important;background-size: cover !important;}&#8221;][vc_column][\/vc_column][\/vc_row][vc_row equal_height=&#8221;yes&#8221; content_placement=&#8221;middle&#8221; columns_height=&#8221;adjust_cols_height&#8221; el_class=&#8221;on-text-block&#8221;][vc_column][vc_column_text el_class=&#8221;ontituloazul&#8221;]<\/p>\n<h2>DESPORTO<\/h2>\n<p>[\/vc_column_text][vc_column_text]A Filkemp \u00e9 um dos maiores produtores europeus de fios de pesca desportiva de mar e \u00e1gua doce. Os nossos fios t\u00eam proporcionado aos seus utilizadores v\u00e1rios recordes homologados pela IGFA (International Game Fishing Association) na pesca de mar, quer de fundo quer de superf\u00edcie.Em 2013, por exemplo, venceram o BassMaster Classics, principal torneio mundial de pesca ao Achigan (Cliff Pace) e, em 2015, brilharam em Casey Ashley na pesca de \u00e1gua doce.<\/p>\n<p>A experi\u00eancia acumulada em fios de Pesca Desportiva desde os anos 50 permite-nos disponibilizar uma oferta vasta, que come\u00e7a no normal fio standard PA6 e Copa e comporta v\u00e1rias outras especialidades, incluindo fios\u00a0de alta resist\u00eancia \u00e0 abras\u00e3o, baixo alongamento, alta visibilidade, multipol\u00edmeros, baixa memoria e especial surf casting.<\/p>\n<p>Fazendo uso da sua experi\u00eancia na produ\u00e7\u00e3o de fios desportivos e industriais, a Filkemp lan\u00e7ou em 2015 a gama Cordas de T\u00e9nis, com diversos n\u00edveis de macieza e em v\u00e1rios formatos para diferentes n\u00edveis de impacto e \u2018spinning\u2019. Esta gama destina-se tanto ao mercado de inicia\u00e7\u00e3o como ao mercado de competi\u00e7\u00e3o mais exigente.[\/vc_column_text][\/vc_column][\/vc_row][vc_row equal_height=&#8221;yes&#8221; content_placement=&#8221;middle&#8221; columns_height=&#8221;adjust_cols_height&#8221; el_id=&#8221;inovacao&#8221; css=&#8221;.vc_custom_1535559941807{background-color: #e4e5e6 !important;}&#8221; el_class=&#8221;on-text-block&#8221;][vc_column width=&#8221;1\/2&#8243; css=&#8221;.vc_custom_1535559958657{background-position: center !important;background-repeat: no-repeat !important;background-size: cover !important;}&#8221; el_id=&#8221;PescaDesportiva&#8221;][vc_column_text el_class=&#8221;ontitulocinza&#8221;]<\/p>\n<h2 class=\"NegociosTitulos\">PESCA DESPORTIVA<\/h2>\n<p>[\/vc_column_text][vc_column_text]As gamas para mar e \u00e1gua doce dependem essencialmente da combina\u00e7\u00e3o de di\u00e2metros, elasticidade e cores solicitados. Assim, al\u00e9m das caracter\u00edsticas t\u00e9cnicas adequadas \u00e0s mais variadas aplica\u00e7\u00f5es, a Filkemp disponibiliza um enorme leque de cores e multicores, em v\u00e1rios formatos, cumprimentos e bobines, bem como diferentes n\u00edveis de elasticidade, do \u2018low memory\u2019 (extremamente suave e sem espiralar no carreto), ao \u2018low stretch\u2019 para a pesca de fundo, onde \u00e9 importante a alta sensibilidade ao toque. A Filkemp desenvolveu tamb\u00e9m uma gama de fios especiais para casting (F489), que permitem lan\u00e7amentos 50% mais longos devido \u00e0 sua superf\u00edcie muito lisa e \u00e0 baixa fric\u00e7\u00e3o.[\/vc_column_text][\/vc_column][vc_column width=&#8221;1\/2&#8243; css=&#8221;.vc_custom_1535559951305{background-position: center !important;background-repeat: no-repeat !important;background-size: cover !important;}&#8221; el_class=&#8221;onaligntop&#8221; el_id=&#8221;Cordastenis&#8221;][vc_column_text el_class=&#8221;ontitulocinza&#8221;]<\/p>\n<h2 class=\"NegociosTitulos\">CORDAS DE T\u00c9NIS<\/h2>\n<p>[\/vc_column_text][vc_column_text]A experi\u00eancia em diferentes tipos de materiais e de tecnologia de extrus\u00e3o possibilitou a entrada no exigente mercado das Cordas de T\u00e9nis. O leque de op\u00e7\u00f5es abrange desde cordas mais suaves e el\u00e1sticas para inicia\u00e7\u00e3o a crian\u00e7as, com alto n\u00edvel de durabilidade, at\u00e9 cordas de competi\u00e7\u00e3o, com altos n\u00edveis de performance em termos de resist\u00eancia ao impacto, e ou &#8216;spinning&#8217;. El\u00e1stica e suave, ou mais dura com batida forte e direcionada? Perfilada ou rugosa para permitir o melhor &#8216;spinning&#8217; e coloca\u00e7\u00e3o de bola? As escolhas t\u00e9cnicas, subjacentes \u00e0s v\u00e1rias categorias e n\u00edveis de t\u00e9nis t\u00eam resposta nas diversas tipologias oferecidas pela Filkemp.[\/vc_column_text][\/vc_column][\/vc_row][vc_row equal_height=&#8221;yes&#8221; height=&#8221;600px&#8221; css=&#8221;.vc_custom_1535452557733{background-image: url(https:\/\/filkemp.com\/pt\/wp-content\/uploads\/2018\/08\/desporto3.jpg?id=3475) !important;background-position: center !important;background-repeat: no-repeat !important;background-size: cover !important;}&#8221;][vc_column][\/vc_column][\/vc_row]<\/p>\n","protected":false},"excerpt":{"rendered":"<p>[vc_row equal_height=&#8221;yes&#8221; height=&#8221;400px&#8221; css=&#8221;.vc_custom_1533743546741{background-image: url(https:\/\/filkemp.com\/pt\/wp-content\/uploads\/2018\/08\/desporto-2.jpg?id=3299) !important;background-position: center !important;background-repeat: no-repeat !important;background-size: cover !important;}&#8221;][vc_column][\/vc_column][\/vc_row][vc_row equal_height=&#8221;yes&#8221; content_placement=&#8221;middle&#8221; columns_height=&#8221;adjust_cols_height&#8221; el_class=&#8221;on-text-block&#8221;][vc_column][vc_column_text el_class=&#8221;ontituloazul&#8221;] DESPORTO [\/vc_column_text][vc_column_text]A Filkemp \u00e9 um dos maiores produtores europeus de fios de pesca desportiva de mar e \u00e1gua doce. Os nossos fios t\u00eam proporcionado aos seus utilizadores v\u00e1rios recordes homologados pela IGFA (International Game Fishing Association) na pesca [&hellip;]<\/p>\n","protected":false},"author":1,"featured_media":0,"parent":0,"menu_order":0,"comment_status":"closed","ping_status":"closed","template":"page-full-width.php","meta":{"footnotes":""},"class_list":["post-3163","page","type-page","status-publish","hentry"],"_links":{"self":[{"href":"https:\/\/filkemp.com\/pt\/wp-json\/wp\/v2\/pages\/3163","targetHints":{"allow":["GET"]}}],"collection":[{"href":"https:\/\/filkemp.com\/pt\/wp-json\/wp\/v2\/pages"}],"about":[{"href":"https:\/\/filkemp.com\/pt\/wp-json\/wp\/v2\/types\/page"}],"author":[{"embeddable":true,"href":"https:\/\/filkemp.com\/pt\/wp-json\/wp\/v2\/users\/1"}],"replies":[{"embeddable":true,"href":"https:\/\/filkemp.com\/pt\/wp-json\/wp\/v2\/comments?post=3163"}],"version-history":[{"count":0,"href":"https:\/\/filkemp.com\/pt\/wp-json\/wp\/v2\/pages\/3163\/revisions"}],"wp:attachment":[{"href":"https:\/\/filkemp.com\/pt\/wp-json\/wp\/v2\/media?parent=3163"}],"curies":[{"name":"wp","href":"https:\/\/api.w.org\/{rel}","templated":true}]}}