{"id":3166,"date":"2018-08-03T09:37:38","date_gmt":"2018-08-03T09:37:38","guid":{"rendered":"https:\/\/filkemp.com\/pt\/?page_id=3166"},"modified":"2021-06-15T09:49:36","modified_gmt":"2021-06-15T08:49:36","slug":"impressao-3d","status":"publish","type":"page","link":"https:\/\/filkemp.com\/pt\/impressao-3d\/","title":{"rendered":"\u00c1reas de neg\u00f3cio &#8211; Impess\u00e3o 3D"},"content":{"rendered":"<p>[vc_row equal_height=&#8221;yes&#8221; height=&#8221;400px&#8221; css=&#8221;.vc_custom_1539871706922{background-image: url(https:\/\/filkemp.com\/pt\/wp-content\/uploads\/2018\/08\/3dhead.jpg?id=3461) !important;background-position: center !important;background-repeat: no-repeat !important;background-size: cover !important;}&#8221;][vc_column][\/vc_column][\/vc_row][vc_row equal_height=&#8221;yes&#8221; content_placement=&#8221;middle&#8221; columns_height=&#8221;adjust_cols_height&#8221; el_class=&#8221;on-text-block&#8221;][vc_column][vc_column_text el_class=&#8221;ontituloazul&#8221;]<\/p>\n<h2 class=\"NegociosTituloPrincipal txt_titulo_seta\">IMPRESS\u00c3O 3D<\/h2>\n<div class=\"titulo_seta\"><img loading=\"lazy\" decoding=\"async\" class=\"alignnone size-full wp-image-3264 img_seta_comprar\" src=\"https:\/\/filkemp.com\/pt\/wp-content\/uploads\/2018\/08\/seta.png\" alt=\"\" width=\"45\" height=\"43\" \/><a style=\"font-weight: normal; font-size: 16px; margin-left: 10px;\" href=\"http:\/\/3dfilkemp.com\" target=\"_blank\" rel=\"noopener\">COMPRAR AQUI<\/a><\/div>\n<p>[\/vc_column_text][vc_column_text]A impressa\u0303o 3D e\u0301 uma tecnologia em que um modelo tridimensional e\u0301 criado por deposic\u0327a\u0303o de sucessivas camadas de material termopla\u0301stico fundido. Brinquedos, capas de telemo\u0301vel, esculturas, objetos de decorac\u0327a\u0303o ou mesmo sapatos s\u00e3o objetos de uso dom\u00e9stico que podem nascer por esta via. Nas aplicac\u0327o\u0303es industriais criam-se proto\u0301tipos, pec\u0327as para automo\u0301veis, ferramentas, instrumentos musicais, maquetes e ate\u0301 j\u00f3ias. Na a\u0301rea da sau\u0301de \u00e9 j\u00e1 poss\u00edvel fabricar, quase de imediato, pro\u0301teses a\u0300 medida, a prec\u0327os muito competitivos.<br \/>\nOs materiais mais comuns utilizados nas impressoras 3D sa\u0303o o Nylon e o PLA, um biopoli\u0301mero de fonte renova\u0301vel. Os filamentos, geralmente comercializados em cores e com espessuras de 1,75 mm e 2.85 mm, sa\u0303o fornecidos em bobines diretamente utiliza\u0301veis nas impressoras, onde uma vez inseridas d\u00e3o in\u00edcio a\u0300 impressa\u0303o dos objetos.<br \/>\nA Filkemp e\u0301 o primeiro grande produtor de filamentos a entrar na indu\u0301stria 3D e a trazer o valor acrescentado de de\u0301cadas de experie\u0302ncia na produc\u0327a\u0303o de filamentos ao cliente. Estes filamentos sa\u0303o os u\u0301nicos no mercado a terem elementos lubrificantes adicionados no pro\u0301prio filamento no momento da produc\u0327a\u0303o. Este me\u0301todo de fabrico, desenvolvido em exclusivo pela Filkemp garante a produc\u0327a\u0303o de filamentos de elevad\u00edssima qualidade, capazes de garantir ao cliente a impressa\u0303o em conti\u0301nuo.[\/vc_column_text][\/vc_column][\/vc_row][vc_row equal_height=&#8221;yes&#8221; content_placement=&#8221;middle&#8221; columns_height=&#8221;adjust_cols_height&#8221; el_id=&#8221;inovacao&#8221; css=&#8221;.vc_custom_1535560436101{background-color: #e4e5e6 !important;}&#8221; el_class=&#8221;on-text-block&#8221;][vc_column width=&#8221;1\/2&#8243; css=&#8221;.vc_custom_1535560444677{background-position: center !important;background-repeat: no-repeat !important;background-size: cover !important;}&#8221; el_class=&#8221;onaligntop&#8221; el_id=&#8221;PLAN&#8221;][vc_column_text el_class=&#8221;ontitulocinza&#8221;]<\/p>\n<h2 class=\"NegociosTitulos\">PLAN<\/h2>\n<p>[\/vc_column_text][vc_column_text]O PLA N \u00e9 um biopol\u00edmero ideal para ferramentas, prot\u00f3tipos e aplica\u00e7\u00f5es industriais em geral. Dotado de resist\u00eancia mec\u00e2nica e t\u00e9rmica superior, este filamento possui resist\u00eancia a altas temperaturas at\u00e9 160 \u00b0 C ap\u00f3s o processo de &#8216;annealing&#8217;. D\u00e1\u00a0 origem a pe\u00e7as de alta resist\u00eancia que podem ser maquin\u00e1veis. O processo de \u2018annealing\u2019 pode ser efetuado durante 10 a 15 minutos em \u00e1gua a ferver ou num forno \u00e0 temperatura de 100 \u00b0C.[\/vc_column_text][\/vc_column][vc_column width=&#8221;1\/2&#8243; css=&#8221;.vc_custom_1535642299710{background-position: center !important;background-repeat: no-repeat !important;background-size: cover !important;}&#8221; el_class=&#8221;onaligntop&#8221; el_id=&#8221;PETG&#8221;][vc_column_text el_class=&#8221;ontitulocinza&#8221;]<\/p>\n<h2 class=\"NegociosTitulos\">PET G<\/h2>\n<p>[\/vc_column_text][vc_column_text el_class=&#8221;onaligntop&#8221;]O PETG \u00e9 um filamento \u2018user friendly\u2019 devido a ser de f\u00e1cil impress\u00e3o. Com velocidades 20% superiores comparativamente ao PLA e dotado de uma \u00f3tima estabilidade t\u00e9rmica, permite imprimir pe\u00e7as transparentes com uma excelente resist\u00eancia t\u00e9rmica e mec\u00e2nica.[\/vc_column_text][\/vc_column][\/vc_row][vc_row equal_height=&#8221;yes&#8221; content_placement=&#8221;middle&#8221; columns_height=&#8221;adjust_cols_height&#8221; el_class=&#8221;on-text-block&#8221;][vc_column width=&#8221;1\/2&#8243; css=&#8221;.vc_custom_1535560510853{background-position: center !important;background-repeat: no-repeat !important;background-size: cover !important;}&#8221; el_class=&#8221;onaligntop&#8221; el_id=&#8221;Nylon&#8221;][vc_column_text el_class=&#8221;ontitulocinza&#8221;]<\/p>\n<h2 class=\"NegociosTitulos\">NYLON<\/h2>\n<p>[\/vc_column_text][vc_column_text]O Nylon Filkemp \u00e9 o primeiro nylon de baixa temperatura desenvolvido para extrudir a 230 \u00b0C e de arrefecimento r\u00e1pido. Este material \u00e9 ideal para modela\u00e7\u00e3o industrial e prototipagem. Devido \u00e0 sua flexibilidade, este tipo de filamento produz resultados semelhantes a uma pe\u00e7a moldada por inje\u00e7\u00e3o, criando pe\u00e7as dur\u00e1veis e resistentes ao impacto com alta durabilidade t\u00e9rmica. O nylon pr\u00e9-lubrificado Filkemp com tecnologia exclusiva de lubrifica\u00e7\u00e3o \u2122, permite imprimir facilmente sem paragens.[\/vc_column_text][\/vc_column][vc_column width=&#8221;1\/2&#8243; css=&#8221;.vc_custom_1535560499056{background-position: center !important;background-repeat: no-repeat !important;background-size: cover !important;}&#8221;][vc_single_image image=&#8221;3637&#8243; img_size=&#8221;large&#8221; alignment=&#8221;center&#8221;][\/vc_column][\/vc_row]<\/p>\n","protected":false},"excerpt":{"rendered":"<p>[vc_row equal_height=&#8221;yes&#8221; height=&#8221;400px&#8221; css=&#8221;.vc_custom_1539871706922{background-image: url(https:\/\/filkemp.com\/pt\/wp-content\/uploads\/2018\/08\/3dhead.jpg?id=3461) !important;background-position: center !important;background-repeat: no-repeat !important;background-size: cover !important;}&#8221;][vc_column][\/vc_column][\/vc_row][vc_row equal_height=&#8221;yes&#8221; content_placement=&#8221;middle&#8221; columns_height=&#8221;adjust_cols_height&#8221; el_class=&#8221;on-text-block&#8221;][vc_column][vc_column_text el_class=&#8221;ontituloazul&#8221;] IMPRESS\u00c3O 3D COMPRAR AQUI [\/vc_column_text][vc_column_text]A impressa\u0303o 3D e\u0301 uma tecnologia em que um modelo tridimensional e\u0301 criado por deposic\u0327a\u0303o de sucessivas camadas de material termopla\u0301stico fundido. Brinquedos, capas de telemo\u0301vel, esculturas, objetos de decorac\u0327a\u0303o ou mesmo sapatos s\u00e3o [&hellip;]<\/p>\n","protected":false},"author":1,"featured_media":0,"parent":0,"menu_order":0,"comment_status":"closed","ping_status":"closed","template":"page-full-width.php","meta":{"footnotes":""},"class_list":["post-3166","page","type-page","status-publish","hentry"],"_links":{"self":[{"href":"https:\/\/filkemp.com\/pt\/wp-json\/wp\/v2\/pages\/3166","targetHints":{"allow":["GET"]}}],"collection":[{"href":"https:\/\/filkemp.com\/pt\/wp-json\/wp\/v2\/pages"}],"about":[{"href":"https:\/\/filkemp.com\/pt\/wp-json\/wp\/v2\/types\/page"}],"author":[{"embeddable":true,"href":"https:\/\/filkemp.com\/pt\/wp-json\/wp\/v2\/users\/1"}],"replies":[{"embeddable":true,"href":"https:\/\/filkemp.com\/pt\/wp-json\/wp\/v2\/comments?post=3166"}],"version-history":[{"count":0,"href":"https:\/\/filkemp.com\/pt\/wp-json\/wp\/v2\/pages\/3166\/revisions"}],"wp:attachment":[{"href":"https:\/\/filkemp.com\/pt\/wp-json\/wp\/v2\/media?parent=3166"}],"curies":[{"name":"wp","href":"https:\/\/api.w.org\/{rel}","templated":true}]}}