{"id":3171,"date":"2018-08-03T09:46:59","date_gmt":"2018-08-03T09:46:59","guid":{"rendered":"https:\/\/filkemp.com\/pt\/?page_id=3171"},"modified":"2023-07-20T08:52:14","modified_gmt":"2023-07-20T07:52:14","slug":"agricultura","status":"publish","type":"page","link":"https:\/\/filkemp.com\/pt\/agricultura\/","title":{"rendered":"Areas de negocio &#8211; Agricultura"},"content":{"rendered":"<p>[vc_row equal_height=&#8221;yes&#8221; height=&#8221;400px&#8221; css=&#8221;.vc_custom_1536761078955{background-image: url(https:\/\/filkemp.com\/pt\/wp-content\/uploads\/2018\/09\/header_agricultura1.jpg?id=3618) !important;background-position: center !important;background-repeat: no-repeat !important;background-size: cover !important;}&#8221;][vc_column][\/vc_column][\/vc_row][vc_row equal_height=&#8221;yes&#8221; content_placement=&#8221;middle&#8221; columns_height=&#8221;adjust_cols_height&#8221; el_class=&#8221;on-text-block&#8221;][vc_column][vc_column_text el_class=&#8221;ontituloazul&#8221;]<\/p>\n<h2>AGRICULTURA<\/h2>\n<p>[\/vc_column_text][vc_column_text]Os cabos PET para agricultura t\u00eam por base mate\u0301rias primas e aditivos anti-UV, que lhes conferem um desempenho e durabilidade elevadas. O facto da gama de produtos PET na\u0303o enferrujar e manter a sua superfi\u0301cie macia durante todo o ciclo de vida, assegura um adequado contacto com as plantas sem as danificar, prevenindo, desta forma, a entrada de m\u00edldio<a name=\"_GoBack\"><\/a>\u00a0ou outras doenc\u0327as.<\/p>\n<p>A Filkemp garante uma durabilidade m\u00ednima de cinco anos, sendo normal, estes fios serem reutilizados durante 10 anos, mesmo quando expostos a ambientes exteriores.[\/vc_column_text][\/vc_column][\/vc_row][vc_row equal_height=&#8221;yes&#8221; content_placement=&#8221;middle&#8221; columns_height=&#8221;adjust_cols_height&#8221; el_id=&#8221;inovacao&#8221; css=&#8221;.vc_custom_1535558893619{background-color: #e4e5e6 !important;}&#8221; el_class=&#8221;on-text-block&#8221;][vc_column width=&#8221;1\/2&#8243; css=&#8221;.vc_custom_1535558874017{background-position: center !important;background-repeat: no-repeat !important;background-size: cover !important;}&#8221; el_id=&#8221;Agrofilamentos&#8221;][vc_column_text el_class=&#8221;ontitulocinza&#8221;]<\/p>\n<h2 class=\"NegociosTitulos\">AGROFILAMENTOS<\/h2>\n<p>[\/vc_column_text][vc_column_text]Os agrofilamentos s\u00e3o fios de poli\u00e9ster ou poliamida (Nylon) de alta tenacidade com di\u00e2metros que v\u00e3o dos 1,8 mm aos 3 mm. Na agricultura permitem substituir na totalidade os fios met\u00e1licos e a tradicional rafia na cobertura de estufas, montagem de sebes, tutorarem de frutos vermelhos e videiras, veda\u00e7\u00f5es com fio condutor el\u00e9trico para animais, entre outros. Os filamentos PET para agricultura ou F580 (de nylon) s\u00e3o vendidos em meadas, ou bob de 10kgs, sendo tamb\u00e9m usados muitas vezes para fios guias, puxa cabos entre outros. A Filkemp produz tamb\u00e9m fio corta relva em diversos formatos e perfis, com di\u00e2metros entre 1,80 e 3,00mm para m\u00e1quinas dom\u00e9sticas e industriais. Os diversos formatos, possibilitam uma melhor efici\u00eancia de corte, mas uma menor durabilidade face ao tradicional fio redondo.[\/vc_column_text][\/vc_column][vc_column width=&#8221;1\/2&#8243; css=&#8221;.vc_custom_1535558882897{background-position: center !important;background-repeat: no-repeat !important;background-size: cover !important;}&#8221; el_class=&#8221;onaligntop&#8221; el_id=&#8221;Relva&#8221;][vc_column_text el_class=&#8221;ontitulocinza&#8221;]<\/p>\n<h2 class=\"NegociosTitulos\">RELVA<\/h2>\n<p>[\/vc_column_text][vc_column_text]O fio para cortar relva requer excelente maleabilidade, resist\u00eancia superficial ao corte e ao golpe e resist\u00eancia t\u00e9rmica, que aguente as elevadas rota\u00e7\u00f5es no contacto com os cabe\u00e7ais da m\u00e1quina, pedras, esquinas e outros pontos de contacto. A quest\u00e3o coloca-se ainda mais nas chamadas m\u00e1quinas industriais com pot\u00eancia e rota\u00e7\u00e3o mais elevadas e que usam di\u00e2metros mais grossos e tendencialmente mais r\u00edgidos. O fio G523 \u00e9 produzido com uma apurada combina\u00e7\u00e3o de pol\u00edmeros e copolimeros de Nylon, precisamente com o intuito de aumentar a durabilidade do fio em condi\u00e7\u00f5es verdadeiramente duras.[\/vc_column_text][\/vc_column][\/vc_row][vc_row equal_height=&#8221;yes&#8221; height=&#8221;400px&#8221; css=&#8221;.vc_custom_1535445412199{background-image: url(https:\/\/filkemp.com\/pt\/wp-content\/uploads\/2018\/08\/agricultura-2.jpg?id=3417) !important;background-position: center !important;background-repeat: no-repeat !important;background-size: cover !important;}&#8221;][vc_column][\/vc_column][\/vc_row]<\/p>\n","protected":false},"excerpt":{"rendered":"<p>[vc_row equal_height=&#8221;yes&#8221; height=&#8221;400px&#8221; css=&#8221;.vc_custom_1536761078955{background-image: url(https:\/\/filkemp.com\/pt\/wp-content\/uploads\/2018\/09\/header_agricultura1.jpg?id=3618) !important;background-position: center !important;background-repeat: no-repeat !important;background-size: cover !important;}&#8221;][vc_column][\/vc_column][\/vc_row][vc_row equal_height=&#8221;yes&#8221; content_placement=&#8221;middle&#8221; columns_height=&#8221;adjust_cols_height&#8221; el_class=&#8221;on-text-block&#8221;][vc_column][vc_column_text el_class=&#8221;ontituloazul&#8221;] AGRICULTURA [\/vc_column_text][vc_column_text]Os cabos PET para agricultura t\u00eam por base mate\u0301rias primas e aditivos anti-UV, que lhes conferem um desempenho e durabilidade elevadas. O facto da gama de produtos PET na\u0303o enferrujar e manter a sua superfi\u0301cie macia durante [&hellip;]<\/p>\n","protected":false},"author":1,"featured_media":0,"parent":0,"menu_order":0,"comment_status":"closed","ping_status":"closed","template":"page-full-width.php","meta":{"footnotes":""},"class_list":["post-3171","page","type-page","status-publish","hentry"],"_links":{"self":[{"href":"https:\/\/filkemp.com\/pt\/wp-json\/wp\/v2\/pages\/3171","targetHints":{"allow":["GET"]}}],"collection":[{"href":"https:\/\/filkemp.com\/pt\/wp-json\/wp\/v2\/pages"}],"about":[{"href":"https:\/\/filkemp.com\/pt\/wp-json\/wp\/v2\/types\/page"}],"author":[{"embeddable":true,"href":"https:\/\/filkemp.com\/pt\/wp-json\/wp\/v2\/users\/1"}],"replies":[{"embeddable":true,"href":"https:\/\/filkemp.com\/pt\/wp-json\/wp\/v2\/comments?post=3171"}],"version-history":[{"count":0,"href":"https:\/\/filkemp.com\/pt\/wp-json\/wp\/v2\/pages\/3171\/revisions"}],"wp:attachment":[{"href":"https:\/\/filkemp.com\/pt\/wp-json\/wp\/v2\/media?parent=3171"}],"curies":[{"name":"wp","href":"https:\/\/api.w.org\/{rel}","templated":true}]}}