{"id":3198,"date":"2018-08-03T10:04:54","date_gmt":"2018-08-03T10:04:54","guid":{"rendered":"https:\/\/filkemp.com\/pt\/?page_id=3198"},"modified":"2018-11-27T16:59:08","modified_gmt":"2018-11-27T16:59:08","slug":"noticias","status":"publish","type":"page","link":"https:\/\/filkemp.com\/pt\/noticias\/","title":{"rendered":"Not\u00edcias"},"content":{"rendered":"<p>[vc_row equal_height=&#8221;yes&#8221; height=&#8221;400px&#8221; css=&#8221;.vc_custom_1536163748031{background-image: url(https:\/\/filkemp.com\/pt\/wp-content\/uploads\/2018\/09\/noticias.jpg?id=3613) !important;background-position: center !important;background-repeat: no-repeat !important;background-size: cover !important;}&#8221;][vc_column][\/vc_column][\/vc_row][vc_row equal_height=&#8221;yes&#8221; content_placement=&#8221;middle&#8221; columns_height=&#8221;adjust_cols_height&#8221; css=&#8221;.vc_custom_1535561322685{margin-top: 20px !important;background-color: #e4e5e6 !important;}&#8221; el_class=&#8221;on-text-block&#8221;][vc_column width=&#8221;1\/2&#8243; css=&#8221;.vc_custom_1535561337156{background-position: center !important;background-repeat: no-repeat !important;background-size: cover !important;}&#8221;][vc_single_image image=&#8221;3493&#8243; img_size=&#8221;large&#8221; alignment=&#8221;center&#8221;][\/vc_column][vc_column width=&#8221;1\/2&#8243; css=&#8221;.vc_custom_1535561330652{background-position: center !important;background-repeat: no-repeat !important;background-size: cover !important;}&#8221; el_class=&#8221;onaligntop&#8221;][vc_column_text el_class=&#8221;ontitulocinza&#8221;]<\/p>\n<h2 class=\"NegociosTitulos noticiasFloatRight\">NOT\u00cdCIA<\/h2>\n<p>[\/vc_column_text][vc_column_text]<\/p>\n<div id=\"41\" class=\"modal fade in\" role=\"dialog\">\n<div class=\"modal-content\">\n<div id=\"NewsModal\" class=\"modal-body\">\n<p>A Filkemp foi agraciada em 2014 com o Pr\u00e9mio de M\u00e9rito Empresarial da C\u00e2mara de Com\u00e9rcio Luso-Chinesa, na categoria de PME, pelo r\u00e1pido crescimento de vendas neste pa\u00eds do sudeste asi\u00e1tico. A principal aplica\u00e7\u00e3o dos fios exportados para a China \u00e9 o PMC (Paper Machine Clothing), ou seja, o fabrico de telas industriais para m\u00e1quinas de papel, principalmente na \u00e1rea da secagem. Esta \u00e9 uma das aplica\u00e7\u00f5es mais sens\u00edveis e tecnol\u00f3gicas para monofilamentos, porque as telas rolam nas m\u00e1quinas mais modernas a cerca de 100km\/hora, sendo sujeitas a forte desgaste qu\u00edmico e abras\u00e3o, devendo apresentar estabilidade aerodin\u00e2mica e durabilidade que permitam a mais alta velocidade de produ\u00e7\u00e3o, durante o maior tempo poss\u00edvel.<\/p>\n<\/div>\n<\/div>\n<\/div>\n<p>[\/vc_column_text][\/vc_column][\/vc_row]<\/p>\n","protected":false},"excerpt":{"rendered":"<p>[vc_row equal_height=&#8221;yes&#8221; height=&#8221;400px&#8221; css=&#8221;.vc_custom_1536163748031{background-image: url(https:\/\/filkemp.com\/pt\/wp-content\/uploads\/2018\/09\/noticias.jpg?id=3613) !important;background-position: center !important;background-repeat: no-repeat !important;background-size: cover !important;}&#8221;][vc_column][\/vc_column][\/vc_row][vc_row equal_height=&#8221;yes&#8221; content_placement=&#8221;middle&#8221; columns_height=&#8221;adjust_cols_height&#8221; css=&#8221;.vc_custom_1535561322685{margin-top: 20px !important;background-color: #e4e5e6 !important;}&#8221; el_class=&#8221;on-text-block&#8221;][vc_column width=&#8221;1\/2&#8243; css=&#8221;.vc_custom_1535561337156{background-position: center !important;background-repeat: no-repeat !important;background-size: cover !important;}&#8221;][vc_single_image image=&#8221;3493&#8243; img_size=&#8221;large&#8221; alignment=&#8221;center&#8221;][\/vc_column][vc_column width=&#8221;1\/2&#8243; css=&#8221;.vc_custom_1535561330652{background-position: center !important;background-repeat: no-repeat !important;background-size: cover !important;}&#8221; el_class=&#8221;onaligntop&#8221;][vc_column_text el_class=&#8221;ontitulocinza&#8221;] NOT\u00cdCIA [\/vc_column_text][vc_column_text] A Filkemp foi agraciada em 2014 com o Pr\u00e9mio de M\u00e9rito [&hellip;]<\/p>\n","protected":false},"author":1,"featured_media":0,"parent":0,"menu_order":0,"comment_status":"closed","ping_status":"closed","template":"page-full-width.php","meta":{"footnotes":""},"class_list":["post-3198","page","type-page","status-publish","hentry"],"_links":{"self":[{"href":"https:\/\/filkemp.com\/pt\/wp-json\/wp\/v2\/pages\/3198","targetHints":{"allow":["GET"]}}],"collection":[{"href":"https:\/\/filkemp.com\/pt\/wp-json\/wp\/v2\/pages"}],"about":[{"href":"https:\/\/filkemp.com\/pt\/wp-json\/wp\/v2\/types\/page"}],"author":[{"embeddable":true,"href":"https:\/\/filkemp.com\/pt\/wp-json\/wp\/v2\/users\/1"}],"replies":[{"embeddable":true,"href":"https:\/\/filkemp.com\/pt\/wp-json\/wp\/v2\/comments?post=3198"}],"version-history":[{"count":0,"href":"https:\/\/filkemp.com\/pt\/wp-json\/wp\/v2\/pages\/3198\/revisions"}],"wp:attachment":[{"href":"https:\/\/filkemp.com\/pt\/wp-json\/wp\/v2\/media?parent=3198"}],"curies":[{"name":"wp","href":"https:\/\/api.w.org\/{rel}","templated":true}]}}