{"id":3764,"date":"2022-09-28T12:42:16","date_gmt":"2022-09-28T11:42:16","guid":{"rendered":"https:\/\/filkemp.com\/pt\/?page_id=3764"},"modified":"2022-09-29T14:38:03","modified_gmt":"2022-09-29T13:38:03","slug":"canal-de-integridade","status":"publish","type":"page","link":"https:\/\/filkemp.com\/pt\/canal-de-integridade\/","title":{"rendered":"Canal de Integridade"},"content":{"rendered":"<p>[vc_row equal_height=&#8221;yes&#8221; height=&#8221;400px&#8221; css=&#8221;.vc_custom_1533286981700{background-image: url(https:\/\/filkemp.com\/pt\/wp-content\/uploads\/2018\/08\/cerdas-1.jpg?id=3136) !important;background-position: center !important;background-repeat: no-repeat !important;background-size: cover !important;}&#8221;][vc_column][\/vc_column][\/vc_row][vc_row equal_height=&#8221;yes&#8221; content_placement=&#8221;middle&#8221; columns_height=&#8221;adjust_cols_height&#8221; el_class=&#8221;on-text-block&#8221;][vc_column][vc_column_text el_class=&#8221;ontituloazul&#8221;]<\/p>\n<h2><b>CANAL DE INTEGRIDADE<\/b><\/h2>\n<p>[\/vc_column_text][vc_column_text]Quer fazer uma notifica\u00e7\u00e3o?<br \/>\nTem direito a ela.<\/p>\n<p>As suas den\u00fancias s\u00e3o t\u00e3o importantes para n\u00f3s como as suas opini\u00f5es.<\/p>\n<p>O Canal de Integridade \u00e9 um servi\u00e7o de comunica\u00e7\u00e3o independente e seguro, onde \u00e9 poss\u00edvel notificar a\u00e7\u00f5es e condutas menos \u00e9ticas que possam ter sido cometidas pela Filkemp, ou por algu\u00e9m na Filkemp, tal como irregularidades, infra\u00e7\u00f5es, crimes, ou viola\u00e7\u00e3o de direitos, de forma simples, confidencial e completamente an\u00f3nima, caso assim o deseje.<\/p>\n<p>A Filkemp assegura o profissionalismo, sigilo absoluto e o tratamento adequado de cada situa\u00e7\u00e3o relatada.<\/p>\n<p>Use o Canal de Integridade que cri\u00e1mos para o efeito, de acordo a <a href=\"https:\/\/dre.pt\/dre\/detalhe\/lei\/93-2021-176147929\" target=\"_blank\" rel=\"noopener\">Lei n.\u00ba 93\/2021<\/a>.[\/vc_column_text][vc_btn title=&#8221; NOTIFICAR&#8221; link=&#8221;url:https%3A%2F%2Ffilkemp.form.maistransparente.com%2F|||&#8221;][\/vc_column][\/vc_row]<\/p>\n","protected":false},"excerpt":{"rendered":"<p>[vc_row equal_height=&#8221;yes&#8221; height=&#8221;400px&#8221; css=&#8221;.vc_custom_1533286981700{background-image: url(https:\/\/filkemp.com\/pt\/wp-content\/uploads\/2018\/08\/cerdas-1.jpg?id=3136) !important;background-position: center !important;background-repeat: no-repeat !important;background-size: cover !important;}&#8221;][vc_column][\/vc_column][\/vc_row][vc_row equal_height=&#8221;yes&#8221; content_placement=&#8221;middle&#8221; columns_height=&#8221;adjust_cols_height&#8221; el_class=&#8221;on-text-block&#8221;][vc_column][vc_column_text el_class=&#8221;ontituloazul&#8221;] CANAL DE INTEGRIDADE [\/vc_column_text][vc_column_text]Quer fazer uma notifica\u00e7\u00e3o? Tem direito a ela. As suas den\u00fancias s\u00e3o t\u00e3o importantes para n\u00f3s como as suas opini\u00f5es. O Canal de Integridade \u00e9 um servi\u00e7o de comunica\u00e7\u00e3o independente e seguro, onde \u00e9 poss\u00edvel [&hellip;]<\/p>\n","protected":false},"author":1,"featured_media":0,"parent":0,"menu_order":0,"comment_status":"closed","ping_status":"closed","template":"page-full-width.php","meta":{"footnotes":""},"class_list":["post-3764","page","type-page","status-publish","hentry"],"_links":{"self":[{"href":"https:\/\/filkemp.com\/pt\/wp-json\/wp\/v2\/pages\/3764","targetHints":{"allow":["GET"]}}],"collection":[{"href":"https:\/\/filkemp.com\/pt\/wp-json\/wp\/v2\/pages"}],"about":[{"href":"https:\/\/filkemp.com\/pt\/wp-json\/wp\/v2\/types\/page"}],"author":[{"embeddable":true,"href":"https:\/\/filkemp.com\/pt\/wp-json\/wp\/v2\/users\/1"}],"replies":[{"embeddable":true,"href":"https:\/\/filkemp.com\/pt\/wp-json\/wp\/v2\/comments?post=3764"}],"version-history":[{"count":0,"href":"https:\/\/filkemp.com\/pt\/wp-json\/wp\/v2\/pages\/3764\/revisions"}],"wp:attachment":[{"href":"https:\/\/filkemp.com\/pt\/wp-json\/wp\/v2\/media?parent=3764"}],"curies":[{"name":"wp","href":"https:\/\/api.w.org\/{rel}","templated":true}]}}