{"id":3801,"date":"2024-05-29T14:02:39","date_gmt":"2024-05-29T13:02:39","guid":{"rendered":"https:\/\/filkemp.com\/pt\/?page_id=3801"},"modified":"2024-05-29T14:57:50","modified_gmt":"2024-05-29T13:57:50","slug":"projetos-financiados","status":"publish","type":"page","link":"https:\/\/filkemp.com\/pt\/projetos-financiados\/","title":{"rendered":"Projetos Financiados"},"content":{"rendered":"<p>[vc_row][vc_column][vc_empty_space][\/vc_column][\/vc_row][vc_row][vc_column][vc_column_text]<\/p>\n<h1>Projetos Financiados<\/h1>\n<p>[\/vc_column_text][vc_empty_space height=&#8221;35px&#8221;][\/vc_column][\/vc_row][vc_row][vc_column][vc_column_text]<\/p>\n<h1 style=\"text-align: center;\">Projetos Financiados<\/h1>\n<p>[\/vc_column_text][\/vc_column][\/vc_row][vc_row][vc_column width=&#8221;1\/2&#8243;][vc_hoverbox image=&#8221;3805&#8243; primary_title=&#8221;From Fossil to Forest&#8221; hover_title=&#8221;&#8221; el_width=&#8221;80&#8243; hover_btn_title=&#8221;Ficha T\u00e9cnica&#8221; hover_btn_style=&#8221;classic&#8221; hover_add_button=&#8221;true&#8221; hover_btn_link=&#8221;url:https%3A%2F%2Ffilkemp.com%2Fpt%2Fwp-content%2Fuploads%2F2024%2F05%2FPDF-Ficha-tecnica-From-fossil-to-forest.pdf|title:Ficha%20T%C3%A9cnica|target:%20_blank|&#8221; el_class=&#8221;projects_section&#8221;]<\/p>\n<h4 style=\"text-align: center;\">Projeto:<\/h4>\n<p style=\"text-align: center;\">From Fossil to Forest<\/p>\n<p>[\/vc_hoverbox][\/vc_column][vc_column width=&#8221;1\/2&#8243;][vc_hoverbox image=&#8221;3804&#8243; primary_title=&#8221;Instala\u00e7\u00e3o de central fotovoltaica na F\u00e1brica da Filkemp&#8221; hover_title=&#8221;&#8221; el_width=&#8221;80&#8243; hover_btn_title=&#8221;Ficha T\u00e9cnica&#8221; hover_btn_style=&#8221;classic&#8221; hover_add_button=&#8221;true&#8221; hover_btn_link=&#8221;url:https%3A%2F%2Ffilkemp.com%2Fpt%2Fwp-content%2Fuploads%2F2024%2F05%2FPDF-Ficha-tecnica-central-fotovoltaica.pdf|title:Ficha%20T%C3%A9cnica|target:%20_blank|&#8221; el_class=&#8221;projects_section&#8221;]<\/p>\n<h4 style=\"text-align: center;\">Projeto:<\/h4>\n<p style=\"text-align: center;\">Instala\u00e7\u00e3o de central fotovoltaica na F\u00e1brica da Filkemp<\/p>\n<p>[\/vc_hoverbox][\/vc_column][\/vc_row][vc_row][vc_column][vc_empty_space height=&#8221;70px&#8221;][\/vc_column][\/vc_row]<\/p>\n","protected":false},"excerpt":{"rendered":"<p>[vc_row][vc_column][vc_empty_space][\/vc_column][\/vc_row][vc_row][vc_column][vc_column_text] Projetos Financiados [\/vc_column_text][vc_empty_space height=&#8221;35px&#8221;][\/vc_column][\/vc_row][vc_row][vc_column][vc_column_text] Projetos Financiados [\/vc_column_text][\/vc_column][\/vc_row][vc_row][vc_column width=&#8221;1\/2&#8243;][vc_hoverbox image=&#8221;3805&#8243; primary_title=&#8221;From Fossil to Forest&#8221; hover_title=&#8221;&#8221; el_width=&#8221;80&#8243; hover_btn_title=&#8221;Ficha T\u00e9cnica&#8221; hover_btn_style=&#8221;classic&#8221; hover_add_button=&#8221;true&#8221; hover_btn_link=&#8221;url:https%3A%2F%2Ffilkemp.com%2Fpt%2Fwp-content%2Fuploads%2F2024%2F05%2FPDF-Ficha-tecnica-From-fossil-to-forest.pdf|title:Ficha%20T%C3%A9cnica|target:%20_blank|&#8221; el_class=&#8221;projects_section&#8221;] Projeto: From Fossil to Forest [\/vc_hoverbox][\/vc_column][vc_column width=&#8221;1\/2&#8243;][vc_hoverbox image=&#8221;3804&#8243; primary_title=&#8221;Instala\u00e7\u00e3o de central fotovoltaica na F\u00e1brica da Filkemp&#8221; hover_title=&#8221;&#8221; el_width=&#8221;80&#8243; hover_btn_title=&#8221;Ficha T\u00e9cnica&#8221; hover_btn_style=&#8221;classic&#8221; hover_add_button=&#8221;true&#8221; hover_btn_link=&#8221;url:https%3A%2F%2Ffilkemp.com%2Fpt%2Fwp-content%2Fuploads%2F2024%2F05%2FPDF-Ficha-tecnica-central-fotovoltaica.pdf|title:Ficha%20T%C3%A9cnica|target:%20_blank|&#8221; el_class=&#8221;projects_section&#8221;] Projeto: Instala\u00e7\u00e3o de central fotovoltaica na F\u00e1brica da Filkemp [&hellip;]<\/p>\n","protected":false},"author":3,"featured_media":0,"parent":0,"menu_order":0,"comment_status":"closed","ping_status":"closed","template":"page-full-width.php","meta":{"footnotes":""},"class_list":["post-3801","page","type-page","status-publish","hentry"],"_links":{"self":[{"href":"https:\/\/filkemp.com\/pt\/wp-json\/wp\/v2\/pages\/3801","targetHints":{"allow":["GET"]}}],"collection":[{"href":"https:\/\/filkemp.com\/pt\/wp-json\/wp\/v2\/pages"}],"about":[{"href":"https:\/\/filkemp.com\/pt\/wp-json\/wp\/v2\/types\/page"}],"author":[{"embeddable":true,"href":"https:\/\/filkemp.com\/pt\/wp-json\/wp\/v2\/users\/3"}],"replies":[{"embeddable":true,"href":"https:\/\/filkemp.com\/pt\/wp-json\/wp\/v2\/comments?post=3801"}],"version-history":[{"count":0,"href":"https:\/\/filkemp.com\/pt\/wp-json\/wp\/v2\/pages\/3801\/revisions"}],"wp:attachment":[{"href":"https:\/\/filkemp.com\/pt\/wp-json\/wp\/v2\/media?parent=3801"}],"curies":[{"name":"wp","href":"https:\/\/api.w.org\/{rel}","templated":true}]}}